{"id":47897,"date":"2020-01-13T06:50:18","date_gmt":"2020-01-13T06:50:18","guid":{"rendered":"https:\/\/dominikahome.com\/quienes-somos\/"},"modified":"2024-10-06T16:32:22","modified_gmt":"2024-10-06T16:32:22","slug":"quienes-somos","status":"publish","type":"page","link":"https:\/\/dominikahome.com\/es\/quienes-somos\/","title":{"rendered":"Qui\u00e9nes somos"},"content":{"rendered":"\t\t<div data-elementor-type=\"wp-page\" data-elementor-id=\"47897\" class=\"elementor elementor-47897 elementor-9095\">\n\t\t\t\t\t\t<section class=\"elementor-section elementor-top-section elementor-element elementor-element-fc5de9b elementor-section-boxed elementor-section-height-default elementor-section-height-default\" data-id=\"fc5de9b\" data-element_type=\"section\">\n\t\t\t\t\t\t<div class=\"elementor-container elementor-column-gap-default\">\n\t\t\t\t\t<div class=\"elementor-column elementor-col-100 elementor-top-column elementor-element elementor-element-3f4b71e\" data-id=\"3f4b71e\" data-element_type=\"column\">\n\t\t\t<div class=\"elementor-widget-wrap elementor-element-populated\">\n\t\t\t\t\t\t<div class=\"elementor-element elementor-element-beccfd7 elementor-view-default elementor-widget elementor-widget-icon\" data-id=\"beccfd7\" data-element_type=\"widget\" data-widget_type=\"icon.default\">\n\t\t\t\t<div class=\"elementor-widget-container\">\n\t\t\t\t\t\t\t<div class=\"elementor-icon-wrapper\">\n\t\t\t<div class=\"elementor-icon elementor-animation-wobble-horizontal\">\n\t\t\t<svg xmlns=\"http:\/\/www.w3.org\/2000\/svg\" xmlns:xlink=\"http:\/\/www.w3.org\/1999\/xlink\" xmlns:svgjs=\"http:\/\/svgjs.com\/svgjs\" width=\"512\" height=\"512\" x=\"0\" y=\"0\" viewBox=\"0 0 512 512\" style=\"enable-background:new 0 0 512 512\" xml:space=\"preserve\"><g><path xmlns=\"http:\/\/www.w3.org\/2000\/svg\" d=\"m218.417 209.314a52.855 52.855 0 0 0 -13.765 14.306 6 6 0 1 0 10.051 6.557 40.9 40.9 0 0 1 10.653-11.077 6 6 0 0 0 -6.939-9.79z\" fill=\"\" data-original=\"\" style=\"\"><\/path><path xmlns=\"http:\/\/www.w3.org\/2000\/svg\" d=\"m109.75 466.605h-43.98v-274.861c0-.1.014-.192.014-.29 0-47.453 36.608-86.059 81.605-86.059 43.257 0 78.743 35.686 81.422 80.605a52.944 52.944 0 0 0 -46.694 52.5v9.375a6 6 0 0 0 6 6h26.7c2.652 9.6 11.228 16.691 21.272 16.691s18.619-7.087 21.27-16.691h24.509a6 6 0 0 0 6-6v-9.375a52.946 52.946 0 0 0 -47.025-52.544c-2.731-51.523-43.6-92.563-93.453-92.563-51.442 0-93.32 43.7-93.6 97.521-.01.139-.021.278-.021.419v275.27h-37.769a6 6 0 0 0 0 12h93.75a6 6 0 0 0 0-12zm126.338-208.037a9.941 9.941 0 0 1 -8.283-4.691h16.565a9.941 9.941 0 0 1 -8.282 4.691zm39.779-20.068v3.375h-81.75v-3.375a40.875 40.875 0 0 1 81.75 0z\" fill=\"\" data-original=\"\" style=\"\"><\/path><path xmlns=\"http:\/\/www.w3.org\/2000\/svg\" d=\"m473.663 373.9v-39.7a25.286 25.286 0 0 0 -25.451-25.06h-109.794a25.216 25.216 0 0 0 -18 7.428c-.494.5-.959 1.014-1.406 1.544a25.564 25.564 0 0 0 -19.494-8.972h-110.418a25.287 25.287 0 0 0 -25.452 25.06v39.814a29.012 29.012 0 0 0 -26.454 28.657v69.937a6 6 0 0 0 6 6h46.519a6 6 0 0 0 6-6v-7.993l247.769.076v7.917a6 6 0 0 0 6 6h46.518a6 6 0 0 0 6-6v-69.94a29.039 29.039 0 0 0 -28.337-28.768zm-144.745-48.866a13.3 13.3 0 0 1 9.5-3.9h109.794a13.275 13.275 0 0 1 13.451 13.06v41.829a28.838 28.838 0 0 0 -18.181 26.642v2.35l-118.482-.03.015-70.187a13.616 13.616 0 0 1 3.903-9.764zm-139.818-3.9h110.416a13.275 13.275 0 0 1 13.451 13.066l.027 70.782-117.281-.032v-2.281a28.884 28.884 0 0 0 -20.065-27.327v-41.142a13.276 13.276 0 0 1 13.452-13.063zm-5.387 145.468h-34.519v-63.934a17.266 17.266 0 0 1 34.519 0zm12-13.993v-35.66l123.278.034h.009l124.481.035v35.67zm294.287 13.996h-34.518v-63.937a17.265 17.265 0 0 1 34.518 0z\" fill=\"\" data-original=\"\" style=\"\"><\/path><\/g><\/svg>\t\t\t<\/div>\n\t\t<\/div>\n\t\t\t\t\t\t<\/div>\n\t\t\t\t<\/div>\n\t\t\t\t<div class=\"elementor-element elementor-element-ad03f66 elementor-widget elementor-widget-heading\" data-id=\"ad03f66\" data-element_type=\"widget\" data-widget_type=\"heading.default\">\n\t\t\t\t<div class=\"elementor-widget-container\">\n\t\t\t\t\t<h2 class=\"elementor-heading-title elementor-size-default\"><span style=\"font-family: montserrat, sans-serif;font-size: 20px;text-align: left\">\"El dise\u00f1o no es para la filosof\u00eda, es para la vida.\" - Issey Miyake<\/span><\/h2>\t\t\t\t<\/div>\n\t\t\t\t<\/div>\n\t\t\t\t<div class=\"elementor-element elementor-element-795795c elementor-widget elementor-widget-text-editor\" data-id=\"795795c\" data-element_type=\"widget\" data-widget_type=\"text-editor.default\">\n\t\t\t\t<div class=\"elementor-widget-container\">\n\t\t\t\t\t\t\t\t\t<p>MEJORANDO CADA VEZ M\u00c1S \u2013 JUNTOS<\/p>\n\t\t\t\t\t\t\t\t<\/div>\n\t\t\t\t<\/div>\n\t\t\t\t\t<\/div>\n\t\t<\/div>\n\t\t\t\t\t<\/div>\n\t\t<\/section>\n\t\t\t\t<section class=\"elementor-section elementor-top-section elementor-element elementor-element-eb0b54c elementor-section-boxed elementor-section-height-default elementor-section-height-default\" data-id=\"eb0b54c\" data-element_type=\"section\">\n\t\t\t\t\t\t<div class=\"elementor-container elementor-column-gap-default\">\n\t\t\t\t\t<div class=\"elementor-column elementor-col-100 elementor-top-column elementor-element elementor-element-0bf5a3c\" data-id=\"0bf5a3c\" data-element_type=\"column\">\n\t\t\t<div class=\"elementor-widget-wrap elementor-element-populated\">\n\t\t\t\t\t\t<div class=\"elementor-element elementor-element-cc5a8ab elementor-widget elementor-widget-bwp_image\" data-id=\"cc5a8ab\" data-element_type=\"widget\" data-widget_type=\"bwp_image.default\">\n\t\t\t\t<div class=\"elementor-widget-container\">\n\t\t\t\t\t<div class=\"bwp-widget-banner default\">\r\n\t\t\r\n\t<div class=\"bg-banner\">\t\t\r\n\t\t<div class=\"banner-wrapper banners\">\r\n\t\t\t<div class=\"bwp-image\">\r\n\t\t\t\t\t\t\t\t\t<a href=\"#\"><img decoding=\"async\" src=\"https:\/\/dominikahome.com\/wp-content\/uploads\/2024\/09\/chair-production.jpg\" alt=\"Banner Image\" title=\"\"><\/a>\r\n\t\t\t\t\t\t\t<\/div>\r\n\t\t\t<div class=\"banner-wrapper-infor\">\r\n\t\t\t\t<div class=\"info\">\r\n\t\t\t\t\t\t\t\t\t\t\t\t\t\t\t\t\t\t\t\t\t\t\t\t<\/div>\r\n\t\t\t<\/div>\r\n\t\t<\/div>\r\n\t<\/div>\r\n\t<\/div>\r\n\t\t\t\t<\/div>\n\t\t\t\t<\/div>\n\t\t\t\t\t<\/div>\n\t\t<\/div>\n\t\t\t\t\t<\/div>\n\t\t<\/section>\n\t\t\t\t<section class=\"elementor-section elementor-top-section elementor-element elementor-element-cf5a08c elementor-section-boxed elementor-section-height-default elementor-section-height-default\" data-id=\"cf5a08c\" data-element_type=\"section\">\n\t\t\t\t\t\t<div class=\"elementor-container elementor-column-gap-default\">\n\t\t\t\t\t<div class=\"elementor-column elementor-col-50 elementor-top-column elementor-element elementor-element-137ee22\" data-id=\"137ee22\" data-element_type=\"column\">\n\t\t\t<div class=\"elementor-widget-wrap elementor-element-populated\">\n\t\t\t\t\t\t<div class=\"elementor-element elementor-element-8717be5 elementor-widget elementor-widget-image\" data-id=\"8717be5\" data-element_type=\"widget\" data-widget_type=\"image.default\">\n\t\t\t\t<div class=\"elementor-widget-container\">\n\t\t\t\t\t\t\t\t\t\t\t\t\t\t\t<img fetchpriority=\"high\" decoding=\"async\" width=\"480\" height=\"320\" src=\"https:\/\/dominikahome.com\/wp-content\/uploads\/2024\/09\/manufaktura-borcas-praca-stolarza-z-litym-drewnem-e1592477422975-700x467_480x480.webp\" class=\"elementor-animation-wobble-horizontal attachment-large size-large wp-image-47878\" alt=\"\" title=\"\">\t\t\t\t\t\t\t\t\t\t\t\t\t\t\t<\/div>\n\t\t\t\t<\/div>\n\t\t\t\t\t<\/div>\n\t\t<\/div>\n\t\t\t\t<div class=\"elementor-column elementor-col-50 elementor-top-column elementor-element elementor-element-e6c6e4b\" data-id=\"e6c6e4b\" data-element_type=\"column\">\n\t\t\t<div class=\"elementor-widget-wrap elementor-element-populated\">\n\t\t\t\t\t\t<div class=\"elementor-element elementor-element-e906ba8 elementor-widget elementor-widget-text-editor\" data-id=\"e906ba8\" data-element_type=\"widget\" data-widget_type=\"text-editor.default\">\n\t\t\t\t<div class=\"elementor-widget-container\">\n\t\t\t\t\t\t\t\t\t<p>La Artesan\u00eda Importa<\/p>\n\t\t\t\t\t\t\t\t<\/div>\n\t\t\t\t<\/div>\n\t\t\t\t<div class=\"elementor-element elementor-element-8e8a5ab elementor-widget elementor-widget-heading\" data-id=\"8e8a5ab\" data-element_type=\"widget\" data-widget_type=\"heading.default\">\n\t\t\t\t<div class=\"elementor-widget-container\">\n\t\t\t\t\t<h2 class=\"elementor-heading-title elementor-size-default\">Qui\u00e9nes somos<\/h2>\t\t\t\t<\/div>\n\t\t\t\t<\/div>\n\t\t\t\t<div class=\"elementor-element elementor-element-c689aee elementor-widget-divider--view-line elementor-widget elementor-widget-divider\" data-id=\"c689aee\" data-element_type=\"widget\" data-widget_type=\"divider.default\">\n\t\t\t\t<div class=\"elementor-widget-container\">\n\t\t\t\t\t\t\t<div class=\"elementor-divider\">\n\t\t\t<span class=\"elementor-divider-separator\">\n\t\t\t\t\t\t<\/span>\n\t\t<\/div>\n\t\t\t\t\t\t<\/div>\n\t\t\t\t<\/div>\n\t\t\t\t<div class=\"elementor-element elementor-element-6b71b47 elementor-widget elementor-widget-text-editor\" data-id=\"6b71b47\" data-element_type=\"widget\" data-widget_type=\"text-editor.default\">\n\t\t\t\t<div class=\"elementor-widget-container\">\n\t\t\t\t\t\t\t\t\t<p>Somos un equipo de personas que vive en Espa\u00f1a y estamos apasionados por el dise\u00f1o excepcional y la calidad. Nuestra dedicaci\u00f3n a la excelencia en muebles es fundamental para nuestras operaciones, ya que colaboramos principalmente con una variedad de f\u00e1bricas en toda la Uni\u00f3n Europea e Indonesia. De hecho, priorizamos las asociaciones con fabricantes que destacan por su atenci\u00f3n al detalle. Este compromiso asegura que cada pieza de mobiliario cumpla con nuestros altos est\u00e1ndares. Nuestro enfoque en la calidad respalda nuestra misi\u00f3n de ofrecer productos excepcionales que mejoran cualquier espacio habitable.    <\/p>\n<h4><strong>\u00bfPor qu\u00e9 f\u00e1bricas de la UE?<\/strong><\/h4>\n<p><strong>Altos est\u00e1ndares de calidad: <\/strong>Los fabricantes de muebles de la UE suelen cumplir con estrictas regulaciones y est\u00e1ndares de calidad, lo que garantiza una excelente artesan\u00eda y materiales de alta calidad.<\/p>\n<p><strong>Sostenibilidad: <\/strong>Muchas f\u00e1bricas de la UE priorizan pr\u00e1cticas sostenibles, utilizando materiales y procesos ecol\u00f3gicos. Esto est\u00e1 alineado con la creciente demanda de los consumidores por productos responsables con el medio ambiente. <\/p>\n<p><strong>Innovaci\u00f3n y dise\u00f1o: <\/strong>La UE es conocida por su fuerte enfoque en el dise\u00f1o y la innovaci\u00f3n. Los muebles europeos a menudo presentan estilos contempor\u00e1neos y un dise\u00f1o vanguardista, atrayendo a los consumidores modernos. <\/p>\n<p><strong>Cumplimiento con las regulaciones: <\/strong>Los muebles producidos en la UE deben cumplir con rigurosas normativas de seguridad y medio ambiente, proporcionando tranquilidad a los consumidores sobre la seguridad del producto.<\/p>\n<p><strong>Plazos de entrega m\u00e1s cortos:<\/strong> Dependiendo de la ubicaci\u00f3n dentro de la UE, los fabricantes a menudo pueden ofrecer plazos de entrega m\u00e1s cortos en comparaci\u00f3n con la producci\u00f3n en el extranjero, lo que facilita cumplir con las demandas del mercado.<\/p>\n<p><strong>Mano de obra calificada: <\/strong>La UE tiene una rica tradici\u00f3n de artesan\u00eda, y muchos fabricantes de muebles se benefician de una mano de obra calificada con experiencia en la carpinter\u00eda y la tapicer\u00eda.<\/p>\n<p><strong>Abastecimiento local:<\/strong> Obtener materiales localmente dentro de Europa reduce los costos de transporte y las emisiones de carbono, contribuyendo a una cadena de suministro m\u00e1s sostenible.<\/p>\n<p><strong>Opciones de personalizaci\u00f3n: <\/strong>Muchas f\u00e1bricas de muebles de la UE ofrecen opciones de personalizaci\u00f3n, permitiendo a los clientes adaptar los productos a sus necesidades y preferencias espec\u00edficas.<\/p>\n<p><strong>Apoyo a las econom\u00edas locales: <\/strong>Al elegir fabricantes de la UE, las empresas pueden ayudar a apoyar las econom\u00edas locales y crear empleos en la regi\u00f3n.<\/p>\n<h4><strong>Nuestra colecci\u00f3n de rat\u00e1n y bamb\u00fa proviene de Indonesia:<\/strong><\/h4>\n<p><strong>&#8211; Toque personal:<\/strong> Los artesanos ponen amor en cada creaci\u00f3n.<br \/><strong>&#8211; Sostenibilidad: <\/strong>Uso de materiales ecol\u00f3gicos.<br \/><strong>&#8211; Atractivo intemporal: <\/strong>Estas piezas perduran m\u00e1s all\u00e1 de las tendencias de dise\u00f1o.<\/p>\n<p>Todos nuestros productos est\u00e1n hechos para durar, con materiales de primera calidad y un dise\u00f1o que garantiza su longevidad frente al desgaste.<\/p>\n\t\t\t\t\t\t\t\t<\/div>\n\t\t\t\t<\/div>\n\t\t\t\t\t<\/div>\n\t\t<\/div>\n\t\t\t\t\t<\/div>\n\t\t<\/section>\n\t\t\t\t<section class=\"elementor-section elementor-top-section elementor-element elementor-element-523910d elementor-section-boxed elementor-section-height-default elementor-section-height-default\" data-id=\"523910d\" data-element_type=\"section\">\n\t\t\t\t\t\t<div class=\"elementor-container elementor-column-gap-default\">\n\t\t\t\t\t<div class=\"elementor-column elementor-col-50 elementor-top-column elementor-element elementor-element-2cc9c69 order-wpb-xs-2\" data-id=\"2cc9c69\" data-element_type=\"column\">\n\t\t\t<div class=\"elementor-widget-wrap elementor-element-populated\">\n\t\t\t\t\t\t<div class=\"elementor-element elementor-element-6857096 elementor-widget elementor-widget-heading\" data-id=\"6857096\" data-element_type=\"widget\" data-widget_type=\"heading.default\">\n\t\t\t\t<div class=\"elementor-widget-container\">\n\t\t\t\t\t<h2 class=\"elementor-heading-title elementor-size-default\">Sostenibilidad<\/h2>\t\t\t\t<\/div>\n\t\t\t\t<\/div>\n\t\t\t\t<div class=\"elementor-element elementor-element-3cf0a74 elementor-widget-divider--view-line elementor-widget elementor-widget-divider\" data-id=\"3cf0a74\" data-element_type=\"widget\" data-widget_type=\"divider.default\">\n\t\t\t\t<div class=\"elementor-widget-container\">\n\t\t\t\t\t\t\t<div class=\"elementor-divider\">\n\t\t\t<span class=\"elementor-divider-separator\">\n\t\t\t\t\t\t<\/span>\n\t\t<\/div>\n\t\t\t\t\t\t<\/div>\n\t\t\t\t<\/div>\n\t\t\t\t<div class=\"elementor-element elementor-element-5316cc0 elementor-widget elementor-widget-text-editor\" data-id=\"5316cc0\" data-element_type=\"widget\" data-widget_type=\"text-editor.default\">\n\t\t\t\t<div class=\"elementor-widget-container\">\n\t\t\t\t\t\t\t\t\t<p> <strong>Responsabilidad medioambiental<\/strong><br \/>A medida que aumenta la demanda de muebles hechos a mano, tambi\u00e9n aumenta nuestra responsabilidad. De hecho, nos comprometemos a hacer m\u00e1s ecol\u00f3gicos nuestros procesos de producci\u00f3n. <\/p>\n<p><strong>&#8211; Iniciativa de plantaci\u00f3n de \u00e1rboles*:<\/strong> Por cada l\u00e1mpara vendida, se planta un \u00e1rbol<br \/>&#8211; Esta iniciativa contrarresta la deforestaci\u00f3n<br \/>&#8211; Cultivamos un medio ambiente m\u00e1s sano para las generaciones futuras.<\/p>\n<p>&#8211; <strong>Eficiencia energ\u00e9tica<\/strong><br \/>&#8211; Las f\u00e1bricas implantan tecnolog\u00edas de ahorro energ\u00e9tico<br \/>&#8211; Minimizar su huella de carbono beneficia a todos.<\/p>\n<p> <strong>Compromiso con la sostenibilidad<\/strong><br \/>La sostenibilidad es una prioridad para nuestras f\u00e1bricas. Adoptan pr\u00e1cticas respetuosas con el medio ambiente, algo crucial en un mercado como el actual: <\/p>\n<p>&#8211; Utilizar materiales de origen responsable<br \/>&#8211; Reducir los residuos durante la producci\u00f3n.<\/p>\n\t\t\t\t\t\t\t\t<\/div>\n\t\t\t\t<\/div>\n\t\t\t\t\t<\/div>\n\t\t<\/div>\n\t\t\t\t<div class=\"elementor-column elementor-col-50 elementor-top-column elementor-element elementor-element-7d9559c order-wpb-xs-1\" data-id=\"7d9559c\" data-element_type=\"column\">\n\t\t\t<div class=\"elementor-widget-wrap elementor-element-populated\">\n\t\t\t\t\t\t<div class=\"elementor-element elementor-element-b391853 elementor-widget elementor-widget-image\" data-id=\"b391853\" data-element_type=\"widget\" data-widget_type=\"image.default\">\n\t\t\t\t<div class=\"elementor-widget-container\">\n\t\t\t\t\t\t\t\t\t\t\t\t\t\t\t<img decoding=\"async\" width=\"1024\" height=\"683\" src=\"https:\/\/dominikahome.com\/wp-content\/uploads\/2024\/09\/mert-guller-DalIdMIcFts-unsplash-1024x683.jpg\" class=\"elementor-animation-wobble-horizontal attachment-large size-large wp-image-47879\" alt=\"\" title=\"\">\t\t\t\t\t\t\t\t\t\t\t\t\t\t\t<\/div>\n\t\t\t\t<\/div>\n\t\t\t\t\t<\/div>\n\t\t<\/div>\n\t\t\t\t\t<\/div>\n\t\t<\/section>\n\t\t\t\t<section class=\"elementor-section elementor-top-section elementor-element elementor-element-17bf8c2 elementor-section-full_width elementor-section-height-default elementor-section-height-default\" data-id=\"17bf8c2\" data-element_type=\"section\">\n\t\t\t\t\t\t<div class=\"elementor-container elementor-column-gap-default\">\n\t\t\t\t\t<div class=\"elementor-column elementor-col-100 elementor-top-column elementor-element elementor-element-e8d2038\" data-id=\"e8d2038\" data-element_type=\"column\">\n\t\t\t<div class=\"elementor-widget-wrap elementor-element-populated\">\n\t\t\t\t\t\t<div class=\"elementor-element elementor-element-863ca8b elementor-widget-divider--view-line elementor-widget elementor-widget-divider\" data-id=\"863ca8b\" data-element_type=\"widget\" data-widget_type=\"divider.default\">\n\t\t\t\t<div class=\"elementor-widget-container\">\n\t\t\t\t\t\t\t<div class=\"elementor-divider\">\n\t\t\t<span class=\"elementor-divider-separator\">\n\t\t\t\t\t\t<\/span>\n\t\t<\/div>\n\t\t\t\t\t\t<\/div>\n\t\t\t\t<\/div>\n\t\t\t\t\t<\/div>\n\t\t<\/div>\n\t\t\t\t\t<\/div>\n\t\t<\/section>\n\t\t\t\t<section class=\"elementor-section elementor-top-section elementor-element elementor-element-7bfbca4 elementor-section-boxed elementor-section-height-default elementor-section-height-default\" data-id=\"7bfbca4\" data-element_type=\"section\">\n\t\t\t\t\t\t<div class=\"elementor-container elementor-column-gap-default\">\n\t\t\t\t\t<div class=\"elementor-column elementor-col-100 elementor-top-column elementor-element elementor-element-50ad3d5\" data-id=\"50ad3d5\" data-element_type=\"column\">\n\t\t\t<div class=\"elementor-widget-wrap elementor-element-populated\">\n\t\t\t\t\t\t<div class=\"elementor-element elementor-element-51906c2 elementor-widget elementor-widget-text-editor\" data-id=\"51906c2\" data-element_type=\"widget\" data-widget_type=\"text-editor.default\">\n\t\t\t\t<div class=\"elementor-widget-container\">\n\t\t\t\t\t\t\t\t\t<p>DISE\u00d1AMOS MUEBLES<\/p>\n\t\t\t\t\t\t\t\t<\/div>\n\t\t\t\t<\/div>\n\t\t\t\t<div class=\"elementor-element elementor-element-39d2bdc elementor-widget-divider--view-line elementor-widget elementor-widget-divider\" data-id=\"39d2bdc\" data-element_type=\"widget\" data-widget_type=\"divider.default\">\n\t\t\t\t<div class=\"elementor-widget-container\">\n\t\t\t\t\t\t\t<div class=\"elementor-divider\">\n\t\t\t<span class=\"elementor-divider-separator\">\n\t\t\t\t\t\t<\/span>\n\t\t<\/div>\n\t\t\t\t\t\t<\/div>\n\t\t\t\t<\/div>\n\t\t\t\t\t<\/div>\n\t\t<\/div>\n\t\t\t\t\t<\/div>\n\t\t<\/section>\n\t\t\t\t<\/div>\n\t\t","protected":false},"excerpt":{"rendered":"<p>&#8220;El dise\u00f1o no es para la filosof\u00eda, es para la vida.&#8221; &#8211; Issey Miyake MEJORANDO CADA VEZ M\u00c1S \u2013 JUNTOS La Artesan\u00eda Importa Qui\u00e9nes somos Somos un equipo de personas que vive en Espa\u00f1a y estamos apasionados por el dise\u00f1o excepcional y la calidad. Nuestra dedicaci\u00f3n a la excelencia en muebles es fundamental para nuestras [&hellip;]<\/p>\n","protected":false},"author":1,"featured_media":0,"parent":0,"menu_order":0,"comment_status":"closed","ping_status":"closed","template":"","meta":{"footnotes":""},"class_list":["post-47897","page","type-page","status-publish","hentry"],"_links":{"self":[{"href":"https:\/\/dominikahome.com\/es\/wp-json\/wp\/v2\/pages\/47897","targetHints":{"allow":["GET"]}}],"collection":[{"href":"https:\/\/dominikahome.com\/es\/wp-json\/wp\/v2\/pages"}],"about":[{"href":"https:\/\/dominikahome.com\/es\/wp-json\/wp\/v2\/types\/page"}],"author":[{"embeddable":true,"href":"https:\/\/dominikahome.com\/es\/wp-json\/wp\/v2\/users\/1"}],"replies":[{"embeddable":true,"href":"https:\/\/dominikahome.com\/es\/wp-json\/wp\/v2\/comments?post=47897"}],"version-history":[{"count":3,"href":"https:\/\/dominikahome.com\/es\/wp-json\/wp\/v2\/pages\/47897\/revisions"}],"predecessor-version":[{"id":47944,"href":"https:\/\/dominikahome.com\/es\/wp-json\/wp\/v2\/pages\/47897\/revisions\/47944"}],"wp:attachment":[{"href":"https:\/\/dominikahome.com\/es\/wp-json\/wp\/v2\/media?parent=47897"}],"curies":[{"name":"wp","href":"https:\/\/api.w.org\/{rel}","templated":true}]}}