{"id":48597,"date":"2023-05-23T11:05:48","date_gmt":"2023-05-23T11:05:48","guid":{"rendered":"https:\/\/dominikahome.com\/aviso-legal\/"},"modified":"2024-10-15T19:27:38","modified_gmt":"2024-10-15T19:27:38","slug":"aviso-legal","status":"publish","type":"page","link":"https:\/\/dominikahome.com\/es\/aviso-legal\/","title":{"rendered":"Aviso legal"},"content":{"rendered":"\t\t<div data-elementor-type=\"wp-page\" data-elementor-id=\"48597\" class=\"elementor elementor-48597 elementor-2\">\n\t\t\t\t<div class=\"elementor-element elementor-element-14f68894 e-flex e-con-boxed e-con e-parent\" data-id=\"14f68894\" data-element_type=\"container\">\n\t\t\t\t\t<div class=\"e-con-inner\">\n\t\t\t\t<div class=\"elementor-element elementor-element-696c8537 elementor-widget elementor-widget-text-editor\" data-id=\"696c8537\" data-element_type=\"widget\" data-widget_type=\"text-editor.default\">\n\t\t\t\t<div class=\"elementor-widget-container\">\n\t\t\t\t\t\t\t\t\t<h2>Nota legal<\/h2>\n<p>En cumplimiento de la Ley 34\/2002, de 11 de julio, sobre servicios de la sociedad de la informaci\u00f3n y de comercio electr\u00f3nico, le informamos:<\/p>\n<ul>\n<li>Dominika Home es una empresa dedicada a la venta de productos de decoraci\u00f3n.<\/li>\n<li>Los servicios que el usuario puede adquirir a trav\u00e9s del sitio web www.Dominikahome.es son productos de decoraci\u00f3n, productos para el hogar o regalos. Todos los precios incluyen IVA. Si se incluye un descuento, se indicar\u00e1 en cada uno de los productos.<\/li>\n<\/ul>\n<p>La titularidad del sitio web es de Dominika Niedbala con NIF ESY3227281T, domiciliada a efectos de esta informaci\u00f3n en passeige fondo den Pere Joan 36, Sitges, Barcelona, y correo electr\u00f3nico admin@dominikahome.com.<\/p>\n<p>Dominika Home se reserva el derecho a modificar esta Pol\u00edtica de Privacidad sin previo aviso para mantenerla en cumplimiento con la legislaci\u00f3n vigente en materia de protecci\u00f3n de datos. En tales casos, anunciar\u00e1 los cambios introducidos en este sitio web para que el usuario pueda tener conocimiento de ellos.<\/p>\n<div>\n<strong>1. Propiedad intelectual e industrial<\/strong>\n<\/div>\n<p>1. Todos los signos distintivos, marcas, nombres comerciales, contenidos, estructura, dise\u00f1o y presentaci\u00f3n de los elementos y cualquier otra informaci\u00f3n que aparezca en este sitio web son propiedad de Dominika Home y est\u00e1n protegidos por derechos de propiedad industrial e intelectual.<\/p>\n<p>2. Se proh\u00edbe al usuario reproducir, transformar, distribuir, comunicar p\u00fablicamente y, en general, cualquier otra forma de explotaci\u00f3n de los elementos mencionados en el apartado anterior sin la autorizaci\u00f3n expresa de Dominika Home.<\/p>\n<p>3. El usuario se abstendr\u00e1 de utilizar medios que puedan suprimir, alterar, eludir o manipular cualquier dispositivo de protecci\u00f3n o sistema de seguridad que pueda estar instalado y que suponga un riesgo o da\u00f1o o inhabilitaci\u00f3n del sitio web y\/o sus contenidos.<\/p>\n<p>4. Dominika Home no es responsable de ning\u00fan uso inapropiado de este sitio web por parte de terceros, ni de la informaci\u00f3n transmitida a terceros a trav\u00e9s del mismo. El contenido proporcionado a trav\u00e9s de este sitio web es solo para fines informativos, y cualquier uso que el usuario haga de \u00e9l y las consecuencias, da\u00f1os o p\u00e9rdidas que puedan derivarse son de exclusiva responsabilidad del usuario. Dominika Home no se hace responsable de los da\u00f1os de ninguna \u00edndole causados a los usuarios por el uso de enlaces, directorios y herramientas de b\u00fasqueda, que permiten a los usuarios acceder a sitios web pertenecientes y\/o gestionados por terceros, as\u00ed como de la presencia de virus u otro c\u00f3digo malicioso en el contenido que pueda causar cualquier tipo de da\u00f1o al sistema inform\u00e1tico, documentos electr\u00f3nicos o archivos de los usuarios. Dominika Home se reserva el derecho a tomar cualquier acci\u00f3n legal que considere apropiada derivada de cualquier uso ilegal por parte de terceros del contenido de su sitio web.<\/p>\n<div>\n<strong>2. Uso de cookies<\/strong>\n<\/div>\n<p>Las cookies son peque\u00f1os archivos de datos o conjuntos de caracteres que se almacenan en el disco duro o en la memoria temporal del ordenador del usuario al acceder a las p\u00e1ginas de ciertos sitios web. Se utilizan para que el servidor accedido pueda conocer las preferencias del usuario cuando este se reconecta. El acceso a este sitio web puede implicar el uso de cookies, que tendr\u00e1n el prop\u00f3sito de facilitar el proceso de compra en l\u00ednea de los productos o servicios ofrecidos, y servir publicidad o cierto contenido o informaci\u00f3n legal de inter\u00e9s para el usuario. Las cookies utilizadas no pueden leer archivos de cookies creados por otros proveedores. El usuario tiene la opci\u00f3n de configurar su navegador para que le notifique en pantalla la recepci\u00f3n de cookies y para impedir la instalaci\u00f3n de cookies en su disco duro. Para ello, el usuario debe consultar las instrucciones y manuales de su navegador para m\u00e1s informaci\u00f3n. Ninguna cookie permite extraer informaci\u00f3n del disco duro del usuario o acceder a informaci\u00f3n personal. Simplemente asocian el navegador de un ordenador particular con un c\u00f3digo an\u00f3nimo. La \u00fanica forma en que la informaci\u00f3n privada de un usuario pueda formar parte de un archivo de cookies es que el usuario proporcione personalmente esa informaci\u00f3n al servidor.<\/p>\n<div>\n<strong>3. Protecci\u00f3n de datos<\/strong>\n<\/div>\n<p>Visitar este sitio web no implica que el usuario est\u00e9 obligado a proporcionar ninguna informaci\u00f3n al respecto. En caso de que el usuario proporcione alguna informaci\u00f3n personal, los datos recopilados en este sitio web ser\u00e1n tratados de manera justa y legal, sujetos en todo momento a los principios y derechos contenidos en la Ley Org\u00e1nica 15\/1999, de 13 de diciembre, de Protecci\u00f3n de Datos de Car\u00e1cter Personal (LOPD), y otras normativas de desarrollo.<\/p>\n<p>En este caso, estamos obligados a informarle de una serie de detalles sobre los datos personales que Dominika Home recoge a trav\u00e9s de su sitio web.<\/p>\n<ul>\n<li><strong>3.1 INFORMACI\u00d3N A LOS USUARIOS<\/strong><\/li>\n<\/ul>\n<p><strong>&#8211; Secci\u00f3n \u201cIniciar sesi\u00f3n\/Registrarse\u201d<\/strong><\/p>\n<p>De acuerdo con la Ley Org\u00e1nica 15\/1999 de 13 de diciembre sobre Protecci\u00f3n de Datos de Car\u00e1cter Personal (LOPDP), le informamos que al completar los formularios, sus datos personales ser\u00e1n incorporados y tratados en ficheros pertenecientes a Dominika Home, Dominika Niedbala.<\/p>\n<p>La finalidad principal de este fichero es la gesti\u00f3n de los usuarios registrados en nuestro sitio web, as\u00ed como el env\u00edo de publicidad relacionada con los productos y servicios comercializados por Dominika Home o el env\u00edo de publicidad, descuentos y promociones de productos y servicios de otras entidades.<\/p>\n<p>Si no desea recibir este tipo de publicidad, debe marcar la casilla que aparece en el formulario.<\/p>\n<p>Dominika Home garantiza la confidencialidad de los datos proporcionados y asegura que, bajo ninguna circunstancia, ser\u00e1n transferidos para ning\u00fan otro uso sin el previo y expreso consentimiento de nuestros usuarios. Solo le solicitaremos los datos necesarios para proporcionar el servicio requerido y solo ser\u00e1n utilizados para este prop\u00f3sito. <\/p>\n<p><strong>&#8211; Secci\u00f3n \u201cRealizar una compra\u201d<\/strong><\/p>\n<p>De acuerdo con la Ley Org\u00e1nica 15\/1999 de 13 de diciembre sobre Protecci\u00f3n de Datos de Car\u00e1cter Personal (LOPD), le informamos que al completar los formularios, sus datos personales ser\u00e1n incorporados y tratados en ficheros de Dominika Home, Dominika Niedbala. La finalidad principal de este fichero es mantener la relaci\u00f3n contractual con nuestros clientes, facilitar el procesamiento de pedidos, realizar estudios estad\u00edsticos, as\u00ed como el env\u00edo de publicidad relacionada con los productos y servicios comercializados por Dominika Home o el env\u00edo de publicidad, descuentos y promociones de productos y servicios de otras entidades. Debido a la compra, sus datos pueden ser comunicados a los siguientes destinatarios:<\/p>\n<p>o Entidades bancarias para el pago de compras por tarjeta.<\/p>\n<p>o A la Oficina del Consumidor y Usuario en caso de cualquier reclamaci\u00f3n.<\/p>\n<p>o A fabricantes, servicios t\u00e9cnicos y\/o mayoristas en el caso de garant\u00edas o reparaciones. Estos destinatarios pueden estar ubicados dentro o fuera de Espa\u00f1a, dependiendo del producto y\/o servicio adquirido.<\/p>\n<p>o En los casos establecidos legalmente, como el caso de las Fuerzas y Cuerpos de Seguridad.<\/p>\n<p>Dominika Home garantiza la confidencialidad de los datos proporcionados y asegura que, bajo ninguna circunstancia, ser\u00e1n transferidos para ning\u00fan otro uso sin el previo y expreso consentimiento de nuestros clientes. Solo le solicitaremos los datos necesarios para proporcionar el servicio requerido y solo ser\u00e1n utilizados para este prop\u00f3sito.<\/p>\n<p><strong>&#8211; Secci\u00f3n &#8220;Bolet\u00edn informativo&#8221;<\/strong><\/p>\n<p>De acuerdo con lo establecido en la Ley Org\u00e1nica 15\/1999 de 13 de diciembre sobre Protecci\u00f3n de Datos de Car\u00e1cter Personal, le informamos que la direcci\u00f3n de correo electr\u00f3nico proporcionada ser\u00e1 incorporada a un fichero propiedad de Dominika Home, Dominika Niedbala con el fin de enviar el bolet\u00edn informativo. Este bolet\u00edn informativo es solo para fines informativos.<\/p>\n<p>Los datos personales son utilizados por Dominika Home de acuerdo con los requisitos de la Ley 15\/1999 de 13 de diciembre sobre Protecci\u00f3n de Datos de Car\u00e1cter Personal.<\/p>\n<p><strong>3.2 CONSENTIMIENTO<\/strong><\/p>\n<p>Al enviar los formularios, entendemos que el usuario otorga su consentimiento para que los datos sean tratados de acuerdo con las finalidades establecidas en cada uno de los formularios. Dominika Home no comunicar\u00e1 los datos a terceros excepto en los casos establecidos por la ley o autorizados por el interesado. Dominika Home informa a los titulares de los datos de su intenci\u00f3n de enviarles comunicaciones comerciales por correo electr\u00f3nico o cualquier otro medio equivalente de comunicaci\u00f3n electr\u00f3nica. Asimismo, los titulares declaran que son conscientes de esta intenci\u00f3n y otorgan su consentimiento expreso para recibir las mencionadas comunicaciones. El consentimiento otorgado aqu\u00ed por el Titular para la comunicaci\u00f3n de datos a terceros es revocable en cualquier momento, sin efectos retroactivos.<\/p>\n<p><strong>3.3 DERECHOS DE LOS INTERESADOS<\/strong><\/p>\n<p>El interesado podr\u00e1 ejercer sus derechos ARCO (acceso, rectificaci\u00f3n, cancelaci\u00f3n y oposici\u00f3n) en relaci\u00f3n con sus datos personales mediante escrito y adjuntando una fotocopia de su DNI a la direcci\u00f3n passeige fondo den Pere Joan 36 Sitges (Barcelona), donde hay modelos disponibles para ejercer los derechos ARCO. Tambi\u00e9n es posible hacerlo por correo electr\u00f3nico a admin@dominikahome.com.<\/p>\n<p><strong>3.4 CALIDAD DE LOS DATOS.<\/strong><\/p>\n<p>Los usuarios deben garantizar la veracidad, exactitud, autenticidad y validez de los datos personales recopilados de ellos como resultado de la correspondiente reserva.<\/p>\n<p><strong>3.5 PROTECCI\u00d3N DE MENORES<\/strong><\/p>\n<p>No recopilamos datos personales de menores. Es responsabilidad del padre\/tutor garantizar la privacidad de los menores, haciendo todo lo posible para asegurar que han autorizado la recopilaci\u00f3n y uso de los datos personales del menor.<\/p>\n<div>\n<strong>4. Redes Sociales<\/strong>\n<\/div>\n<p>A trav\u00e9s de nuestro sitio web puede acceder a las redes sociales Facebook, Twitter, Instagram, Pinterest y Youtube, que est\u00e1n abiertas a todos los usuarios. Estos son sitios web donde los usuarios pueden registrarse y seguirnos de forma gratuita. En estas redes sociales, los usuarios pueden conocer nuestras actividades, opiniones, y acceder a fotos y videos. Los usuarios de estas redes sociales deben ser conscientes de que este sitio es independiente del sitio web Dominikahome.com y est\u00e1 abierto, es decir, visible para todos sus usuarios, y las pol\u00edticas de privacidad que se aplicar\u00e1n a estos contenidos son las establecidas por Facebook, Twitter y Youtube. Dominika Home no es propietaria de las redes sociales.<\/p>\n<div>\n<strong>5. Modificaciones<\/strong>\n<\/div>\n<p>Dominika Home se reserva el derecho a modificar en cualquier momento la presentaci\u00f3n y configuraci\u00f3n de este sitio web, as\u00ed como los contenidos y servicios que se ofrecen. El usuario siempre tendr\u00e1 presente esta advertencia, ya que la nueva versi\u00f3n de las condiciones se publicar\u00e1 en el sitio web.<\/p>\n<div>\n<strong>6. Legislaci\u00f3n aplicable y jurisdicci\u00f3n<\/strong>\n<\/div>\n<p>Las condiciones de uso de este sitio web se rigen por la legislaci\u00f3n espa\u00f1ola. Para cualquier controversia que pudiera derivarse de la interpretaci\u00f3n o ejecuci\u00f3n de estas condiciones, las partes se someten, con renuncia expresa a cualquier otro fuero que pudiera corresponderles, a los Juzgados y Tribunales de la ciudad de Barcelona.<\/p>\n<div>\n<strong>7. Contacto<\/strong>\n<\/div>\n<p>Para cualquier consulta sobre estas condiciones de uso, los usuarios pueden ponerse en contacto con Dominika Home a trav\u00e9s de la direcci\u00f3n de correo electr\u00f3nico admin@dominikahome.com o mediante el formulario de contacto disponible en el sitio web.<\/p>\n<p><\/body><br \/>\n<\/html><\/p>\n\t\t\t\t\t\t\t\t<\/div>\n\t\t\t\t<\/div>\n\t\t\t\t\t<\/div>\n\t\t\t\t<\/div>\n\t\t\t\t<\/div>\n\t\t","protected":false},"excerpt":{"rendered":"<p>Nota legal En cumplimiento de la Ley 34\/2002, de 11 de julio, sobre servicios de la sociedad de la informaci\u00f3n y de comercio electr\u00f3nico, le informamos: Dominika Home es una empresa dedicada a la venta de productos de decoraci\u00f3n. Los servicios que el usuario puede adquirir a trav\u00e9s del sitio web www.Dominikahome.es son productos de [&hellip;]<\/p>\n","protected":false},"author":1,"featured_media":0,"parent":0,"menu_order":0,"comment_status":"closed","ping_status":"closed","template":"","meta":{"footnotes":""},"class_list":["post-48597","page","type-page","status-publish","hentry"],"_links":{"self":[{"href":"https:\/\/dominikahome.com\/es\/wp-json\/wp\/v2\/pages\/48597","targetHints":{"allow":["GET"]}}],"collection":[{"href":"https:\/\/dominikahome.com\/es\/wp-json\/wp\/v2\/pages"}],"about":[{"href":"https:\/\/dominikahome.com\/es\/wp-json\/wp\/v2\/types\/page"}],"author":[{"embeddable":true,"href":"https:\/\/dominikahome.com\/es\/wp-json\/wp\/v2\/users\/1"}],"replies":[{"embeddable":true,"href":"https:\/\/dominikahome.com\/es\/wp-json\/wp\/v2\/comments?post=48597"}],"version-history":[{"count":1,"href":"https:\/\/dominikahome.com\/es\/wp-json\/wp\/v2\/pages\/48597\/revisions"}],"predecessor-version":[{"id":48598,"href":"https:\/\/dominikahome.com\/es\/wp-json\/wp\/v2\/pages\/48597\/revisions\/48598"}],"wp:attachment":[{"href":"https:\/\/dominikahome.com\/es\/wp-json\/wp\/v2\/media?parent=48597"}],"curies":[{"name":"wp","href":"https:\/\/api.w.org\/{rel}","templated":true}]}}