{"id":48599,"date":"2023-05-23T11:05:48","date_gmt":"2023-05-23T11:05:48","guid":{"rendered":"https:\/\/dominikahome.com\/politica-de-privacidad\/"},"modified":"2023-05-23T11:05:48","modified_gmt":"2023-05-23T11:05:48","slug":"politica-de-privacidad","status":"publish","type":"page","link":"https:\/\/dominikahome.com\/es\/politica-de-privacidad\/","title":{"rendered":"Pol\u00edtica de privacidad"},"content":{"rendered":"<h1>Pol\u00edtica de Privacidad<\/h1>\n<h3>1. \u00bfQui\u00e9n es el responsable del tratamiento de sus datos?<\/h3>\n<ul>\n<li>Propietario: DOMINIKA HOME, Dominika Niedbala con NIF\/CIF: ESY3327281T y Direcci\u00f3n Passeige Fondo den Pere Joan 36, Sitges, Barcelona<\/li>\n<li>Correo electr\u00f3nico: admin@dominikahome.com<\/li>\n<li>Sitio web: <a href=\"http:\/\/www.dominikahome.com\/\">www.dominikahome.com<\/a><\/li>\n<\/ul>\n<h3>2. \u00bfCon qu\u00e9 finalidad tratamos sus datos personales?<\/h3>\n<p>En DOMINIKA HOME tratamos la informaci\u00f3n proporcionada por los interesados para los fines de gesti\u00f3n administrativa y comercial con los clientes directos de DominikaHome.com.<\/p>\n<h3>3. \u00bfCu\u00e1nto tiempo conservaremos sus datos?<\/h3>\n<p>Los datos personales se conservar\u00e1n durante los per\u00edodos legalmente establecidos para el cumplimiento de las obligaciones legales y mientras el interesado no ejerza los derechos de eliminaci\u00f3n o limitaci\u00f3n del tratamiento.<\/p>\n<h3>4. \u00bfCu\u00e1l es la legitimidad para el tratamiento de sus datos?<\/h3>\n<p>Le informamos de la base legal para el tratamiento de sus datos:<\/p>\n<ul type=\"disc\">\n<li>Ejecuci\u00f3n de un contrato: compraventa de productos y servicios suministrados.<\/li>\n<li>Inter\u00e9s leg\u00edtimo del Responsable: Considerando 47 del RGPD de la UE 2016\/679: (47) El inter\u00e9s leg\u00edtimo de un responsable en el tratamiento de datos personales con fines de marketing directo puede considerarse que se lleva a cabo por el inter\u00e9s leg\u00edtimo en el tratamiento posterior. Sus datos de identificaci\u00f3n y contacto se utilizar\u00e1n con fines de marketing directo de conformidad con el Considerando 47 del REGLAMENTO (UE) 2016\/679, para informarle sobre nuestros productos y servicios que puedan ser de su inter\u00e9s por correo postal o electr\u00f3nico.<\/li>\n<\/ul>\n<h3>5. \u00bfA qu\u00e9 destinatarios se comunicar\u00e1n sus datos?<\/h3>\n<p>Los datos se comunicar\u00e1n a los siguientes destinatarios:<\/p>\n<ul type=\"disc\">\n<li>Administraci\u00f3n p\u00fablica, con el fin de cumplir con obligaciones legales.<\/li>\n<li>Bancos, cajas de ahorro, con el fin de cumplir con obligaciones monetarias.<\/li>\n<li>Empresas y organizaciones relacionadas con el responsable de tratamiento: asesor\u00eda, inform\u00e1tica, webmaster, transporte, con la finalidad de prestar y suministrar los servicios y\/o productos solicitados.<\/li>\n<li>Sistemas y operadores de pago en l\u00ednea, con el fin de realizar transacciones en l\u00ednea.<\/li>\n<\/ul>\n<h3>6. Transferencias de datos a terceros pa\u00edses<\/h3>\n<p>No se prev\u00e9n transferencias de datos a terceros pa\u00edses.<\/p>\n<h3>7. \u00bfCu\u00e1les son sus derechos cuando nos proporciona sus datos?<\/h3>\n<p>Cualquier persona tiene el derecho a obtener confirmaci\u00f3n sobre si DOMINIKA HOME est\u00e1 tratando o no datos personales que le conciernen.<br \/>\nLos interesados tienen derecho a acceder a sus datos personales, as\u00ed como a solicitar la rectificaci\u00f3n de datos inexactos o, en su caso, a solicitar su eliminaci\u00f3n cuando, entre otras razones, los datos ya no sean necesarios para los fines para los que fueron recogidos. Tambi\u00e9n tiene derecho a la portabilidad de los datos.<br \/>\nEn ciertas circunstancias, los interesados pueden solicitar que se limite el tratamiento de sus datos, en cuyo caso solo los conservaremos para el ejercicio o defensa de reclamaciones.<br \/>\nEn ciertas circunstancias y por motivos relacionados con su situaci\u00f3n particular, los interesados pueden oponerse al tratamiento de sus datos. En este caso, DOMINIKA HOME dejar\u00e1 de tratar los datos, salvo por motivos leg\u00edtimos imperiosos, o para el ejercicio o defensa de posibles reclamaciones.<br \/>\nCuando se env\u00edan comunicaciones comerciales utilizando el inter\u00e9s leg\u00edtimo del responsable como base legal, el interesado puede oponerse al tratamiento de sus datos para este fin.<br \/>\nSi ha dado su consentimiento para un prop\u00f3sito espec\u00edfico, tiene derecho a retirar el consentimiento otorgado en cualquier momento, sin afectar a la licitud del tratamiento basado en el consentimiento previo a su retirada.<br \/>\nSi considera que se han violado sus derechos en relaci\u00f3n con la protecci\u00f3n de sus datos personales, especialmente cuando no ha obtenido satisfacci\u00f3n en el ejercicio de sus derechos, puede presentar una reclamaci\u00f3n ante la Autoridad de Control de Protecci\u00f3n de Datos competente a trav\u00e9s de su sitio web: www.agpd.es.<\/p>\n<h3>8. \u00bfC\u00f3mo obtuvimos sus datos?<\/h3>\n<p>Los datos personales que tratamos en DOMINIKA HOME provienen del propio interesado y de los formularios de contacto en el sitio web <a href=\"https:\/\/www.dominikahome.com\/\">https:\/\/dominikahome.com<\/a>.<br \/>\nLas categor\u00edas de datos tratados son:<\/p>\n<ul>\n<li>Datos de identificaci\u00f3n.<\/li>\n<li>Direcciones postales y electr\u00f3nicas.<\/li>\n<li>No se tratan categor\u00edas especiales de datos personales (que son datos que revelan origen \u00e9tnico o racial, opiniones pol\u00edticas, creencias religiosas o filos\u00f3ficas, o afiliaci\u00f3n sindical, datos gen\u00e9ticos, datos biom\u00e9tricos dirigidos a identificar de forma \u00fanica a una persona f\u00edsica, datos relativos a la salud o datos relacionados con la vida sexual o la orientaci\u00f3n sexual de una persona f\u00edsica).<\/li>\n<\/ul>\n","protected":false},"excerpt":{"rendered":"<p>Pol\u00edtica de Privacidad 1. \u00bfQui\u00e9n es el responsable del tratamiento de sus datos? Propietario: DOMINIKA HOME, Dominika Niedbala con NIF\/CIF: ESY3327281T y Direcci\u00f3n Passeige Fondo den Pere Joan 36, Sitges, Barcelona Correo electr\u00f3nico: admin@dominikahome.com Sitio web: www.dominikahome.com 2. \u00bfCon qu\u00e9 finalidad tratamos sus datos personales? En DOMINIKA HOME tratamos la informaci\u00f3n proporcionada por los interesados [&hellip;]<\/p>\n","protected":false},"author":1,"featured_media":0,"parent":0,"menu_order":0,"comment_status":"closed","ping_status":"open","template":"","meta":{"footnotes":""},"class_list":["post-48599","page","type-page","status-publish","hentry"],"_links":{"self":[{"href":"https:\/\/dominikahome.com\/es\/wp-json\/wp\/v2\/pages\/48599","targetHints":{"allow":["GET"]}}],"collection":[{"href":"https:\/\/dominikahome.com\/es\/wp-json\/wp\/v2\/pages"}],"about":[{"href":"https:\/\/dominikahome.com\/es\/wp-json\/wp\/v2\/types\/page"}],"author":[{"embeddable":true,"href":"https:\/\/dominikahome.com\/es\/wp-json\/wp\/v2\/users\/1"}],"replies":[{"embeddable":true,"href":"https:\/\/dominikahome.com\/es\/wp-json\/wp\/v2\/comments?post=48599"}],"version-history":[{"count":0,"href":"https:\/\/dominikahome.com\/es\/wp-json\/wp\/v2\/pages\/48599\/revisions"}],"wp:attachment":[{"href":"https:\/\/dominikahome.com\/es\/wp-json\/wp\/v2\/media?parent=48599"}],"curies":[{"name":"wp","href":"https:\/\/api.w.org\/{rel}","templated":true}]}}