{"id":47984,"date":"2024-10-02T13:01:04","date_gmt":"2024-10-02T13:01:04","guid":{"rendered":"https:\/\/dominikahome.com\/product\/bandeja-de-bambu-set-de-3-marron\/"},"modified":"2024-10-07T23:55:32","modified_gmt":"2024-10-07T23:55:32","slug":"bandeja-de-bambu-set-de-3-marron","status":"publish","type":"product","link":"https:\/\/dominikahome.com\/es\/producto\/bandeja-de-bambu-set-de-3-marron\/","title":{"rendered":"Bandeja de bamb\u00fa set de 3 marr\u00f3n"},"content":{"rendered":"<p>Interiores modernos y \u00fanicos: \u00a1estos son principalmente accesorios!!!<br \/>Bandeja de bamb\u00fa con tapa de alimentos en tres tama\u00f1os. La bandeja est\u00e1 disponible individualmente o en un set.<\/p>\n<p>El set consta de tres tama\u00f1os: S, M y L.<br \/>Estilo: Redondo<br \/>Color: Marr\u00f3n<\/p>\n<p>Dimensiones:<\/p>\n<p>Tama\u00f1o S: Di\u00e1metro: 25cm Altura: 20cm Peso: 0.16kg<br \/>Tama\u00f1o M: Di\u00e1metro: 30cm Altura: 24cm Peso: 0.20kg<br \/>Tama\u00f1o L: Di\u00e1metro: 35cm Altura: 25cm Peso: 0.22kg<\/p>\n<p>Las \u00faltimas tendencias en muebles est\u00e1n dominadas por la naturaleza y se refieren a la ecolog\u00eda y al cuidado del medio ambiente.<br \/>As\u00ed que la pr\u00f3xima temporada estar\u00e1 fuertemente inspirada en muebles y decoraciones de origen natural, y el bamb\u00fa est\u00e1 lleno de colores c\u00e1lidos y terrosos que se adaptan perfectamente a esta tendencia.<br \/>Los accesorios de bamb\u00fa lucen bien en interiores de estilo escandinavo, boho, r\u00fastico o ecol\u00f3gico.<br \/>Este material natural tiene un encanto neutro que combina bien con arreglos dominados por colores claros y delicados.<br \/>Apoyamos productos artesanales locales de una fuente natural.<br \/>Hecho por artesanos locales de f\u00e1bricas familiares.<br \/>Cada pieza est\u00e1 hecha para ti con paciencia, coraz\u00f3n y habilidad.<br \/>En algunos casos, las im\u00e1genes y colores son solo indicativos.<br \/>Todo lo que ves en la pantalla puede ser distorsionado por muchos factores, incluyendo la calibraci\u00f3n de la pantalla, la iluminaci\u00f3n ambiental o el \u00e1ngulo de visi\u00f3n.<br \/>Adem\u00e1s, los muebles y decoraciones de Monnarita son hechos a mano con materiales naturales, por lo que pueden diferir entre s\u00ed en color, mano de obra y una ligera diferencia en dimensiones.<br \/>Las dimensiones pueden diferir de 1 a 3 cm.<\/p>\n","protected":false},"excerpt":{"rendered":"<p>Hecho a mano<\/p>\n","protected":false},"featured_media":47894,"template":"","meta":[],"product_brand":[],"product_cat":[421],"product_tag":[],"class_list":{"0":"post-47984","1":"product","2":"type-product","3":"status-publish","4":"has-post-thumbnail","6":"product_cat-accesorios-de-cocina","7":"product_shipping_class-pequeno","10":"first","11":"instock","12":"shipping-taxable","13":"purchasable","14":"product-type-simple"},"_links":{"self":[{"href":"https:\/\/dominikahome.com\/es\/wp-json\/wp\/v2\/product\/47984","targetHints":{"allow":["GET"]}}],"collection":[{"href":"https:\/\/dominikahome.com\/es\/wp-json\/wp\/v2\/product"}],"about":[{"href":"https:\/\/dominikahome.com\/es\/wp-json\/wp\/v2\/types\/product"}],"wp:featuredmedia":[{"embeddable":true,"href":"https:\/\/dominikahome.com\/es\/wp-json\/wp\/v2\/media\/47894"}],"wp:attachment":[{"href":"https:\/\/dominikahome.com\/es\/wp-json\/wp\/v2\/media?parent=47984"}],"wp:term":[{"taxonomy":"product_brand","embeddable":true,"href":"https:\/\/dominikahome.com\/es\/wp-json\/wp\/v2\/product_brand?post=47984"},{"taxonomy":"product_cat","embeddable":true,"href":"https:\/\/dominikahome.com\/es\/wp-json\/wp\/v2\/product_cat?post=47984"},{"taxonomy":"product_tag","embeddable":true,"href":"https:\/\/dominikahome.com\/es\/wp-json\/wp\/v2\/product_tag?post=47984"}],"curies":[{"name":"wp","href":"https:\/\/api.w.org\/{rel}","templated":true}]}}