{"id":47988,"date":"2024-10-02T12:04:04","date_gmt":"2024-10-02T12:04:04","guid":{"rendered":"https:\/\/dominikahome.com\/product\/casa-para-gatos\/"},"modified":"2024-10-28T11:12:12","modified_gmt":"2024-10-28T11:12:12","slug":"casa-para-gatos","status":"publish","type":"product","link":"https:\/\/dominikahome.com\/es\/producto\/casa-para-gatos\/","title":{"rendered":"Casa para gatos"},"content":{"rendered":"<p>La cesta est\u00e1 hecha a mano de rat\u00e1n natural.<\/p>\n<p>La cesta est\u00e1 cerrada, por lo que permitir\u00e1 que nuestra mascota se relaje y tome una siesta en aislamiento, y la apariencia \u00fanica de la cama se adaptar\u00e1 bellamente al apartamento como un complemento \u00fanico.<\/p>\n<p>La cesta para gatos es el lugar perfecto para que tu mascota descanse, se relaje y se sienta c\u00f3moda.<\/p>\n<p>Dimensiones:<\/p>\n<p>* Altura: 40cm<br \/>\n* Ancho: 45cm<br \/>\n* Largo: 45cm<br \/>\n* Peso: 7kg<\/p>\n<p>En algunos casos, las im\u00e1genes, medidas y colores, as\u00ed como sus nombres, son solo indicativos.<\/p>\n<p>Todo lo que es visible en la pantalla puede ser distorsionado por muchos factores, incluyendo la calibraci\u00f3n de la pantalla, la iluminaci\u00f3n ambiental, el \u00e1ngulo de visi\u00f3n, etc.<\/p>\n<p>Si el cliente desea conocer esta informaci\u00f3n en detalle, por favor consulte nuestro servicio t\u00e9cnico, ya que las devoluciones por razones t\u00e9cnicas correr\u00e1n a su cargo. \u00a0 PROPIEDADES Y MANTENIMIENTO<\/p>\n<p>* Los muebles de rat\u00e1n no requieren cuidado especial.<br \/>\n* Los muebles se pueden mantener f\u00e1cilmente con un pa\u00f1o con un limpiador suave o incluso sin \u00e9l.<br \/>\n* Los muebles de rat\u00e1n est\u00e1n destinados para uso en interiores o deben utilizarse al aire libre bajo un techo, porque el rat\u00e1n natural no tolera la humedad y no debe estar a la intemperie.<br \/>\n* La lluvia puede causar moretones y decoloraci\u00f3n del material.<br \/>\n* Los muebles de rat\u00e1n no deben almacenarse al aire libre en invierno porque el rat\u00e1n natural es sensible a las bajas temperaturas, lo que puede causar decoloraci\u00f3n, deformaci\u00f3n y grietas.<\/p>\n","protected":false},"excerpt":{"rendered":"<p>Hecho a mano<\/p>\n","protected":false},"featured_media":47886,"template":"","meta":[],"product_brand":[],"product_cat":[423],"product_tag":[426,427,425],"class_list":{"0":"post-47988","1":"product","2":"type-product","3":"status-publish","4":"has-post-thumbnail","6":"product_cat-exterior","7":"product_tag-gato","8":"product_tag-mascotas","9":"product_tag-ratan-natural","10":"product_shipping_class-pequeno","13":"first","14":"instock","15":"shipping-taxable","16":"purchasable","17":"product-type-simple"},"_links":{"self":[{"href":"https:\/\/dominikahome.com\/es\/wp-json\/wp\/v2\/product\/47988","targetHints":{"allow":["GET"]}}],"collection":[{"href":"https:\/\/dominikahome.com\/es\/wp-json\/wp\/v2\/product"}],"about":[{"href":"https:\/\/dominikahome.com\/es\/wp-json\/wp\/v2\/types\/product"}],"wp:featuredmedia":[{"embeddable":true,"href":"https:\/\/dominikahome.com\/es\/wp-json\/wp\/v2\/media\/47886"}],"wp:attachment":[{"href":"https:\/\/dominikahome.com\/es\/wp-json\/wp\/v2\/media?parent=47988"}],"wp:term":[{"taxonomy":"product_brand","embeddable":true,"href":"https:\/\/dominikahome.com\/es\/wp-json\/wp\/v2\/product_brand?post=47988"},{"taxonomy":"product_cat","embeddable":true,"href":"https:\/\/dominikahome.com\/es\/wp-json\/wp\/v2\/product_cat?post=47988"},{"taxonomy":"product_tag","embeddable":true,"href":"https:\/\/dominikahome.com\/es\/wp-json\/wp\/v2\/product_tag?post=47988"}],"curies":[{"name":"wp","href":"https:\/\/api.w.org\/{rel}","templated":true}]}}