{"id":47989,"date":"2024-09-30T19:38:16","date_gmt":"2024-09-30T19:38:16","guid":{"rendered":"https:\/\/dominikahome.com\/product\/mesa-de-madera-maciza-apiko\/"},"modified":"2024-10-08T00:55:34","modified_gmt":"2024-10-08T00:55:34","slug":"mesa-de-madera-maciza-apiko","status":"publish","type":"product","link":"https:\/\/dominikahome.com\/es\/producto\/mesa-de-madera-maciza-apiko\/","title":{"rendered":"Mesa de madera maciza Apiko"},"content":{"rendered":"<p>La mesa tan esperada de la colecci\u00f3n Apiko.<br \/>\nLa parte superior de roble con corte en \u00e1ngulo le da ligereza, y el marco retrocedido permite una f\u00e1cil disposici\u00f3n de las sillas.<\/p>\n<div class=\"elementor-element elementor-element-e4544ee elementor-widget elementor-widget-wd_text_block\" data-id=\"e4544ee\" data-element_type=\"widget\" data-widget_type=\"wd_text_block.default\">\n<div class=\"elementor-widget-container\">\n<div class=\"wd-text-block reset-last-child text-left\">El marco puede ser del color de la parte superior de la mesa, o blanco o negro.<\/div>\n<\/div>\n<\/div>\n<section class=\"wd-negative-gap elementor-section elementor-inner-section elementor-element elementor-element-b5022f4 elementor-section-boxed elementor-section-height-default elementor-section-height-default\" data-id=\"b5022f4\" data-element_type=\"section\">\n<div class=\"elementor-container elementor-column-gap-default\">\n<div class=\"elementor-column elementor-col-50 elementor-inner-column elementor-element elementor-element-1c92d69\" data-id=\"1c92d69\" data-element_type=\"column\">\n<div class=\"elementor-widget-wrap elementor-element-populated\">\n<div class=\"elementor-element elementor-element-a0f77e1 elementor-widget elementor-widget-wd_text_block\" data-id=\"a0f77e1\" data-element_type=\"widget\" data-widget_type=\"wd_text_block.default\">\n<div class=\"elementor-widget-container\">\n<div class=\"wd-text-block reset-last-child text-left\">\n<p><strong>Dimensiones Altura: <\/strong>77cm Grosor de la parte superior de la mesa: 4cm<b> La parte superior y las patas<\/b> son de ROBLE: 100% madera de roble, pegadas de tiras anchas no conectadas en longitud, cepilladas o pulidas.<\/p>\n<\/div>\n<\/div>\n<\/div>\n<\/div>\n<\/div>\n<div class=\"elementor-column elementor-col-50 elementor-inner-column elementor-element elementor-element-3a02f10\" data-id=\"3a02f10\" data-element_type=\"column\">\n<div class=\"elementor-widget-wrap elementor-element-populated\">\n<div class=\"elementor-element elementor-element-baef124 elementor-widget elementor-widget-wd_text_block\" data-id=\"baef124\" data-element_type=\"widget\" data-widget_type=\"wd_text_block.default\">\n<div class=\"elementor-widget-container\">\n<div class=\"wd-text-block reset-last-child text-left\">\n<p><strong>Acabado de la parte superior<\/strong> Aceites naturales y aceites de cera permitidos para contacto con alimentos o para uso en la producci\u00f3n de juguetes infantiles (seg\u00fan EN1186 \u2013 11\/14) o (EN 71-3). Recubrimiento hidrof\u00f3bico \u2013 resistente a manchas y a prueba de agua.<br \/>\nHecho a pedido: 50-60 d\u00edas<\/p>\n<\/div>\n<\/div>\n<\/div>\n<\/div>\n<\/div>\n<\/div>\n<\/section>\n","protected":false},"excerpt":{"rendered":"<p>Hecho en Europa<\/p>\n","protected":false},"featured_media":47882,"template":"","meta":[],"product_brand":[],"product_cat":[434,435],"product_tag":[],"class_list":{"0":"post-47989","1":"product","2":"type-product","3":"status-publish","4":"has-post-thumbnail","6":"product_cat-mesa","7":"product_cat-mesa-de-comedor","8":"product_shipping_class-s-m-es","11":"first","12":"instock","13":"shipping-taxable","14":"purchasable","15":"product-type-variable"},"_links":{"self":[{"href":"https:\/\/dominikahome.com\/es\/wp-json\/wp\/v2\/product\/47989","targetHints":{"allow":["GET"]}}],"collection":[{"href":"https:\/\/dominikahome.com\/es\/wp-json\/wp\/v2\/product"}],"about":[{"href":"https:\/\/dominikahome.com\/es\/wp-json\/wp\/v2\/types\/product"}],"wp:featuredmedia":[{"embeddable":true,"href":"https:\/\/dominikahome.com\/es\/wp-json\/wp\/v2\/media\/47882"}],"wp:attachment":[{"href":"https:\/\/dominikahome.com\/es\/wp-json\/wp\/v2\/media?parent=47989"}],"wp:term":[{"taxonomy":"product_brand","embeddable":true,"href":"https:\/\/dominikahome.com\/es\/wp-json\/wp\/v2\/product_brand?post=47989"},{"taxonomy":"product_cat","embeddable":true,"href":"https:\/\/dominikahome.com\/es\/wp-json\/wp\/v2\/product_cat?post=47989"},{"taxonomy":"product_tag","embeddable":true,"href":"https:\/\/dominikahome.com\/es\/wp-json\/wp\/v2\/product_tag?post=47989"}],"curies":[{"name":"wp","href":"https:\/\/api.w.org\/{rel}","templated":true}]}}