{"id":47996,"date":"2024-09-09T14:06:56","date_gmt":"2024-09-09T14:06:56","guid":{"rendered":"https:\/\/dominikahome.com\/product\/silla-apiko-roble\/"},"modified":"2024-11-18T11:25:41","modified_gmt":"2024-11-18T11:25:41","slug":"silla-apiko-roble","status":"publish","type":"product","link":"https:\/\/dominikahome.com\/es\/producto\/silla-apiko-roble\/","title":{"rendered":"Silla Apiko roble"},"content":{"rendered":"<p>La silla Apiko es una continuaci\u00f3n de la serie Piko. La l\u00ednea aguda de las patas y los suaves y delicados cojines invitan a relajarse. El minimalismo con ligeras influencias del dise\u00f1o de los a\u00f1os 60 se combina con una excepcional durabilidad y ergonom\u00eda, tan importantes en este tipo de muebles. El coj\u00edn tiene una cremallera cosida, se puede lavar en la lavadora.<br \/>\n<strong>Material:<\/strong> ROBLE: 100% madera de roble<br \/>\n<strong>Dimensiones:<\/strong> ancho del asiento: 66cm, profundidad del asiento con cojines: 52cm, altura del marco: 75cm, ancho total: 72cm, profundidad total: 82cm, altura con cojines: 92cm<br \/>\n<strong>Acabado: <\/strong>Aceites naturales y ceras de aceite aprobados para contacto con alimentos o para uso en la producci\u00f3n de juguetes infantiles (seg\u00fan EN1186 &#8211; 11\/14) o (EN 71-3). Recubrimiento hidrof\u00f3bico &#8211; resistente a manchas y a prueba de agua.<br \/>\nHecho a pedido: 30-50 d\u00edas h\u00e1biles. Hecho en Europa<\/p>\n","protected":false},"excerpt":{"rendered":"<p>Hecho en Europa<\/p>\n","protected":false},"featured_media":47868,"template":"","meta":[],"product_brand":[],"product_cat":[440,439],"product_tag":[],"class_list":{"0":"post-47996","1":"product","2":"type-product","3":"status-publish","4":"has-post-thumbnail","6":"product_cat-silla-y-sillon","7":"product_cat-sillones","8":"product_shipping_class-silla","11":"first","12":"instock","13":"shipping-taxable","14":"purchasable","15":"product-type-variable"},"_links":{"self":[{"href":"https:\/\/dominikahome.com\/es\/wp-json\/wp\/v2\/product\/47996","targetHints":{"allow":["GET"]}}],"collection":[{"href":"https:\/\/dominikahome.com\/es\/wp-json\/wp\/v2\/product"}],"about":[{"href":"https:\/\/dominikahome.com\/es\/wp-json\/wp\/v2\/types\/product"}],"wp:featuredmedia":[{"embeddable":true,"href":"https:\/\/dominikahome.com\/es\/wp-json\/wp\/v2\/media\/47868"}],"wp:attachment":[{"href":"https:\/\/dominikahome.com\/es\/wp-json\/wp\/v2\/media?parent=47996"}],"wp:term":[{"taxonomy":"product_brand","embeddable":true,"href":"https:\/\/dominikahome.com\/es\/wp-json\/wp\/v2\/product_brand?post=47996"},{"taxonomy":"product_cat","embeddable":true,"href":"https:\/\/dominikahome.com\/es\/wp-json\/wp\/v2\/product_cat?post=47996"},{"taxonomy":"product_tag","embeddable":true,"href":"https:\/\/dominikahome.com\/es\/wp-json\/wp\/v2\/product_tag?post=47996"}],"curies":[{"name":"wp","href":"https:\/\/api.w.org\/{rel}","templated":true}]}}