{"id":48036,"date":"2024-08-19T20:24:13","date_gmt":"2024-08-19T20:24:13","guid":{"rendered":"https:\/\/dominikahome.com\/product\/escritorio-de-roble-macizo-hoyak\/"},"modified":"2024-08-19T20:24:13","modified_gmt":"2024-08-19T20:24:13","slug":"escritorio-de-roble-macizo-hoyak","status":"publish","type":"product","link":"https:\/\/dominikahome.com\/es\/producto\/escritorio-de-roble-macizo-hoyak\/","title":{"rendered":"Escritorio de roble macizo Hoyak"},"content":{"rendered":"<p>El escritorio Hoyak impresiona con su forma redondeada. Ideal para colocar en una oficina espaciosa. Puede estar de espaldas a la habitaci\u00f3n. Escritorio de madera hecho de 100% roble macizo o nogal americano. Su construcci\u00f3n ligera, delicada y al mismo tiempo esbelta hace que no puedas pasar junto a \u00e9l sin prestar atenci\u00f3n. Gracias al caj\u00f3n con gu\u00edas Blum, es a\u00fan m\u00e1s funcional. Refinado en cada cent\u00edmetro, es como una peque\u00f1a obra de arte.<\/p>\n<p><strong>Dimensiones<\/strong><br \/>\nAncho y profundidad seg\u00fan la forma anterior<br \/>\nAltura: 77 cm<br \/>\nGrosor de la parte superior: 2 cm m\u00e1s el borde<\/p>\n<p><strong>Material<\/strong><br \/>\nROBLE: 100% madera de roble<\/p>\n<p><strong>Acabado de la parte superior<\/strong><br \/>\nAceites naturales y ceras de aceite aprobados para contacto con alimentos o para uso en la producci\u00f3n de juguetes infantiles (seg\u00fan EN1186 &#8211; 11\/14) o (EN 71-3). Recubrimiento hidrof\u00f3bico &#8211; resistente a manchas y al agua.<\/p>\n<p><strong>Entrega<\/strong>: 40-60 d\u00edas h\u00e1biles.<\/p>\n","protected":false},"excerpt":{"rendered":"<p>Fabricado en Europa<\/p>\n","protected":false},"featured_media":47802,"template":"","meta":[],"product_brand":[],"product_cat":[665],"product_tag":[559],"class_list":{"0":"post-48036","1":"product","2":"type-product","3":"status-publish","4":"has-post-thumbnail","6":"product_cat-escritorio","7":"product_tag-escritorio","8":"product_shipping_class-mediano","11":"first","12":"instock","13":"shipping-taxable","14":"purchasable","15":"product-type-variable"},"_links":{"self":[{"href":"https:\/\/dominikahome.com\/es\/wp-json\/wp\/v2\/product\/48036","targetHints":{"allow":["GET"]}}],"collection":[{"href":"https:\/\/dominikahome.com\/es\/wp-json\/wp\/v2\/product"}],"about":[{"href":"https:\/\/dominikahome.com\/es\/wp-json\/wp\/v2\/types\/product"}],"wp:featuredmedia":[{"embeddable":true,"href":"https:\/\/dominikahome.com\/es\/wp-json\/wp\/v2\/media\/47802"}],"wp:attachment":[{"href":"https:\/\/dominikahome.com\/es\/wp-json\/wp\/v2\/media?parent=48036"}],"wp:term":[{"taxonomy":"product_brand","embeddable":true,"href":"https:\/\/dominikahome.com\/es\/wp-json\/wp\/v2\/product_brand?post=48036"},{"taxonomy":"product_cat","embeddable":true,"href":"https:\/\/dominikahome.com\/es\/wp-json\/wp\/v2\/product_cat?post=48036"},{"taxonomy":"product_tag","embeddable":true,"href":"https:\/\/dominikahome.com\/es\/wp-json\/wp\/v2\/product_tag?post=48036"}],"curies":[{"name":"wp","href":"https:\/\/api.w.org\/{rel}","templated":true}]}}