{"id":48040,"date":"2024-08-19T19:53:19","date_gmt":"2024-08-19T19:53:19","guid":{"rendered":"https:\/\/dominikahome.com\/product\/escritorio-de-madera-maciza-70x140cm\/"},"modified":"2024-08-19T19:53:19","modified_gmt":"2024-08-19T19:53:19","slug":"escritorio-de-madera-maciza-70x140cm","status":"publish","type":"product","link":"https:\/\/dominikahome.com\/es\/producto\/escritorio-de-madera-maciza-70x140cm\/","title":{"rendered":"Escritorio de madera maciza 70x140cm"},"content":{"rendered":"<p>Uno de los factores m\u00e1s importantes al crear un escritorio es la practicidad. Creamos el escritorio Piko de roble teniendo en cuenta la ergonom\u00eda; ha sido equipado con compartimentos de almacenamiento para una mejor organizaci\u00f3n del lugar de trabajo.<\/p>\n<p>Dos o tres cajones en la parte frontal y espaciosos compartimentos de almacenamiento en la parte trasera del escritorio, adaptados para almacenar cables de alimentaci\u00f3n, te ayudar\u00e1n a mantener el orden.<br \/>\nEl cuerpo que se estrecha hacia el frente proporciona un amplio espacio para las piernas.<br \/>\nAhora, con todo en su lugar, puedes disfrutar plenamente de la m\u00e1s alta calidad de fabricaci\u00f3n en roble macizo y de una forma que combina a la perfecci\u00f3n con la silla Piko.<br \/>\nEl escritorio Piko est\u00e1 disponible en tres tama\u00f1os est\u00e1ndar: 60\u00d7120 (2 cajones), 70\u00d7140 y 80\u00d7160 (tres cajones).<\/p>\n<p>\u00a1Te deseamos un trabajo agradable!<\/p>\n<p><strong>Dimensiones<\/strong><br \/>\nAncho y profundidad seg\u00fan la forma anterior<br \/>\nAltura: 77 cm<br \/>\nGrosor de la parte superior: 2 cm<\/p>\n<p><strong>Material de la parte superior<\/strong><br \/>\nROBLE: 100% madera de roble, pegada de tiras anchas no unidas en longitud, pulida.<\/p>\n<p><strong>Acabado de la parte superior<\/strong><br \/>\nAceites naturales y ceras de aceite aprobados para contacto con alimentos o para uso en la producci\u00f3n de juguetes infantiles (seg\u00fan EN1186 &#8211; 11\/14) o (EN 71-3). Recubrimiento hidrof\u00f3bico &#8211; resistente a manchas y al agua.<\/p>\n<p><strong>Entrega:<\/strong> 40-60 d\u00edas.<\/p>\n","protected":false},"excerpt":{"rendered":"<p>Hecho en Europa<\/p>\n","protected":false},"featured_media":47794,"template":"","meta":[],"product_brand":[348],"product_cat":[665],"product_tag":[559],"class_list":{"0":"post-48040","1":"product","2":"type-product","3":"status-publish","4":"has-post-thumbnail","6":"product_brand-szyszka","7":"product_cat-escritorio","8":"product_tag-escritorio","9":"product_shipping_class-mediano","12":"first","13":"instock","14":"shipping-taxable","15":"purchasable","16":"product-type-simple"},"_links":{"self":[{"href":"https:\/\/dominikahome.com\/es\/wp-json\/wp\/v2\/product\/48040","targetHints":{"allow":["GET"]}}],"collection":[{"href":"https:\/\/dominikahome.com\/es\/wp-json\/wp\/v2\/product"}],"about":[{"href":"https:\/\/dominikahome.com\/es\/wp-json\/wp\/v2\/types\/product"}],"wp:featuredmedia":[{"embeddable":true,"href":"https:\/\/dominikahome.com\/es\/wp-json\/wp\/v2\/media\/47794"}],"wp:attachment":[{"href":"https:\/\/dominikahome.com\/es\/wp-json\/wp\/v2\/media?parent=48040"}],"wp:term":[{"taxonomy":"product_brand","embeddable":true,"href":"https:\/\/dominikahome.com\/es\/wp-json\/wp\/v2\/product_brand?post=48040"},{"taxonomy":"product_cat","embeddable":true,"href":"https:\/\/dominikahome.com\/es\/wp-json\/wp\/v2\/product_cat?post=48040"},{"taxonomy":"product_tag","embeddable":true,"href":"https:\/\/dominikahome.com\/es\/wp-json\/wp\/v2\/product_tag?post=48040"}],"curies":[{"name":"wp","href":"https:\/\/api.w.org\/{rel}","templated":true}]}}