{"id":48041,"date":"2024-08-19T19:07:44","date_gmt":"2024-08-19T19:07:44","guid":{"rendered":"https:\/\/dominikahome.com\/product\/escritorio-de-madera-voge-tamano-m\/"},"modified":"2024-08-19T19:07:44","modified_gmt":"2024-08-19T19:07:44","slug":"escritorio-de-madera-voge-tamano-m","status":"publish","type":"product","link":"https:\/\/dominikahome.com\/es\/producto\/escritorio-de-madera-voge-tamano-m\/","title":{"rendered":"Escritorio de madera Voge, tama\u00f1o M"},"content":{"rendered":"<p><strong>Datos t\u00e9cnicos:<\/strong><\/p>\n<p><strong>Escritorio Voge M<\/strong><\/p>\n<p><strong>Dimensiones:<\/strong><br \/>\nAltura: 770 mm<br \/>\nAncho: 1200 mm<br \/>\nProfundidad: 600 mm<\/p>\n<p><strong>Peso:<\/strong><br \/>\n28 kg<\/p>\n<p><strong>Material:<\/strong><br \/>\nParte superior y frentes de los cajones: roble natural, grosor 19 mm, barniz semibrillo,<br \/>\nPatas y cuerpos de los cajones: haya maciza,<br \/>\nCajones: contrachapado de madera dura, grosor 15 mm<\/p>\n<h2><strong>Caracter\u00edsticas principales del escritorio Voge M:<\/strong><\/h2>\n<ul>\n<li><strong>HECHO A MANO<\/strong> \u2013 acabado preciso incluso en los detalles m\u00e1s exigentes, fabricado con madera maciza de la m\u00e1s alta calidad.<\/li>\n<li><strong>ESCRITORIO DE MADERA PR\u00c1CTICO<\/strong> \u2013 puede usarse como escritorio o tocador. Su aspecto moderno y estiloso y su compacidad se adaptan a cualquier interior. Gracias a su peque\u00f1o tama\u00f1o, el escritorio de madera encajar\u00e1 en cualquier espacio. Perfecto para habitaciones peque\u00f1as o apartamentos peque\u00f1os. Puedes colocar el escritorio Voge en una habitaci\u00f3n, dormitorio o pasillo.<\/li>\n<li><strong>DISE\u00d1O ATEMPORAL<\/strong> &#8211; Gracias a su dise\u00f1o simple y moderno, el escritorio Voge M se integrar\u00e1 perfectamente en interiores decorados en un estilo minimalista, escandinavo, pero tambi\u00e9n en modernos o t\u00edpicamente en una habitaci\u00f3n infantil.<\/li>\n<li><strong>POSIBILIDAD DE ALMACENAMIENTO Y PATAS DE MADERA<\/strong> &#8211; el escritorio est\u00e1 equipado con 2 cajones, gracias a los cuales puedes mantener la superficie ordenada y siempre tener los art\u00edculos m\u00e1s necesarios a mano. Gran superficie de trabajo de madera maciza &#8211; f\u00e1cil de mantener. Adem\u00e1s, puedes elegir una versi\u00f3n con extensi\u00f3n, que te proporcionar\u00e1 a\u00fan m\u00e1s espacio de almacenamiento. Las patas de haya garantizan solidez.<\/li>\n<li><strong>100% SATISFACCI\u00d3N<\/strong> \u2013 nuestros expertos brindan un servicio al cliente profesional tanto antes como despu\u00e9s de la compra; no esperes m\u00e1s, agr\u00e9galo a tu hogar hoy. No dudes en contactarnos para obtener asistencia.<\/li>\n<\/ul>\n<h2><strong>Escritorio de madera en estilo minimalista, Voge M<\/strong><\/h2>\n<h3>Descubre un escritorio para trabajar, jugar, estudiar y m\u00e1s&#8230;<\/h3>\n<p>El escritorio Voge M de madera es el mejor rinc\u00f3n para el hogar. Un escritorio pr\u00e1ctico que te ayudar\u00e1 en el trabajo o funcionar\u00e1 como tocador. Perfecto para el pasillo. Este es un modelo cl\u00e1sico t\u00edpico de Borcas, en el que los cajones inclinados se combinan con las patas, y todo se ve ligero.<\/p>\n<p><strong>Escritorio minimalista en tu interior<\/strong><\/p>\n<p>La forma minimalista es la carta de presentaci\u00f3n de Borcas. En un escritorio Voge esto significa solo los elementos necesarios y nada m\u00e1s. Las l\u00edneas rectas y las proporciones esbeltas crear\u00e1n una atm\u00f3sfera elegante en casa, y el cuidadoso acabado en todos los lados permite colocar el escritorio de oficina en cualquier parte de la habitaci\u00f3n.<\/p>\n<p><strong>Tres tama\u00f1os de escritorios Voge<\/strong><\/p>\n<p>El escritorio Voge est\u00e1 disponible en tres tama\u00f1os. El mueble est\u00e1 completamente hecho de madera natural. Los cajones tienen compartimentos pr\u00e1cticos que facilitan mantener el orden.<\/p>\n<p><strong>Entrega:<\/strong> 2-6 semanas.<\/p>\n","protected":false},"excerpt":{"rendered":"<p>Hecho en Europa<\/p>\n","protected":false},"featured_media":47780,"template":"","meta":[],"product_brand":[],"product_cat":[665],"product_tag":[559],"class_list":{"0":"post-48041","1":"product","2":"type-product","3":"status-publish","4":"has-post-thumbnail","6":"product_cat-escritorio","7":"product_tag-escritorio","8":"product_shipping_class-mediano","11":"first","12":"instock","13":"shipping-taxable","14":"purchasable","15":"product-type-variable"},"_links":{"self":[{"href":"https:\/\/dominikahome.com\/es\/wp-json\/wp\/v2\/product\/48041","targetHints":{"allow":["GET"]}}],"collection":[{"href":"https:\/\/dominikahome.com\/es\/wp-json\/wp\/v2\/product"}],"about":[{"href":"https:\/\/dominikahome.com\/es\/wp-json\/wp\/v2\/types\/product"}],"wp:featuredmedia":[{"embeddable":true,"href":"https:\/\/dominikahome.com\/es\/wp-json\/wp\/v2\/media\/47780"}],"wp:attachment":[{"href":"https:\/\/dominikahome.com\/es\/wp-json\/wp\/v2\/media?parent=48041"}],"wp:term":[{"taxonomy":"product_brand","embeddable":true,"href":"https:\/\/dominikahome.com\/es\/wp-json\/wp\/v2\/product_brand?post=48041"},{"taxonomy":"product_cat","embeddable":true,"href":"https:\/\/dominikahome.com\/es\/wp-json\/wp\/v2\/product_cat?post=48041"},{"taxonomy":"product_tag","embeddable":true,"href":"https:\/\/dominikahome.com\/es\/wp-json\/wp\/v2\/product_tag?post=48041"}],"curies":[{"name":"wp","href":"https:\/\/api.w.org\/{rel}","templated":true}]}}