{"id":48051,"date":"2024-08-10T09:43:33","date_gmt":"2024-08-10T09:43:33","guid":{"rendered":"https:\/\/dominikahome.com\/product\/mesita-de-noche-de-roble-flux\/"},"modified":"2024-08-10T09:43:33","modified_gmt":"2024-08-10T09:43:33","slug":"mesita-de-noche-de-roble-flux","status":"publish","type":"product","link":"https:\/\/dominikahome.com\/es\/producto\/mesita-de-noche-de-roble-flux\/","title":{"rendered":"Mesita de noche de roble Flux"},"content":{"rendered":"<p>Las suaves y redondeadas l\u00edneas de la serie Flux tambi\u00e9n se han incorporado a la mesa de noche. La mesa de noche Flux cuenta con un espacioso caj\u00f3n en gu\u00edas Blum con el sistema tip-on. Los bordes redondeados del armario le a\u00f1aden sutileza. La mesa de noche Flux, con su delicada apariencia, se integrar\u00e1 perfectamente en el concepto escandinavo, japandi o incluso boho.<\/p>\n<p><strong>Dimensiones<\/strong><br \/>\nAncho: 40 cm<br \/>\nProfundidad: 40 cm<br \/>\nAltura: 40 cm<br \/>\nIncluyendo la altura de las patas: 13 cm<\/p>\n<p><strong>Material<\/strong><br \/>\n100% madera: roble<\/p>\n<p><strong>Acabado<\/strong><br \/>\nAceites naturales y ceras de aceite aprobados para contacto con alimentos o para uso en la producci\u00f3n de juguetes infantiles (seg\u00fan EN1186 &#8211; 11\/14) o (EN 71-3). Recubrimiento hidrof\u00f3bico &#8211; resistente a manchas y al agua.<\/p>\n","protected":false},"excerpt":{"rendered":"<p>HECHO EN EUROPA<\/p>\n","protected":false},"featured_media":47733,"template":"","meta":[],"product_brand":[348],"product_cat":[676],"product_tag":[614],"class_list":{"0":"post-48051","1":"product","2":"type-product","3":"status-publish","4":"has-post-thumbnail","6":"product_brand-szyszka","7":"product_cat-mesita-de-noche","8":"product_tag-mesita-de-noche","9":"product_shipping_class-s-m-es","12":"first","13":"instock","14":"shipping-taxable","15":"purchasable","16":"product-type-simple"},"_links":{"self":[{"href":"https:\/\/dominikahome.com\/es\/wp-json\/wp\/v2\/product\/48051","targetHints":{"allow":["GET"]}}],"collection":[{"href":"https:\/\/dominikahome.com\/es\/wp-json\/wp\/v2\/product"}],"about":[{"href":"https:\/\/dominikahome.com\/es\/wp-json\/wp\/v2\/types\/product"}],"wp:featuredmedia":[{"embeddable":true,"href":"https:\/\/dominikahome.com\/es\/wp-json\/wp\/v2\/media\/47733"}],"wp:attachment":[{"href":"https:\/\/dominikahome.com\/es\/wp-json\/wp\/v2\/media?parent=48051"}],"wp:term":[{"taxonomy":"product_brand","embeddable":true,"href":"https:\/\/dominikahome.com\/es\/wp-json\/wp\/v2\/product_brand?post=48051"},{"taxonomy":"product_cat","embeddable":true,"href":"https:\/\/dominikahome.com\/es\/wp-json\/wp\/v2\/product_cat?post=48051"},{"taxonomy":"product_tag","embeddable":true,"href":"https:\/\/dominikahome.com\/es\/wp-json\/wp\/v2\/product_tag?post=48051"}],"curies":[{"name":"wp","href":"https:\/\/api.w.org\/{rel}","templated":true}]}}