{"id":48052,"date":"2024-08-06T19:34:44","date_gmt":"2024-08-06T19:34:44","guid":{"rendered":"https:\/\/dominikahome.com\/product\/silla-de-madera-apiko\/"},"modified":"2024-08-06T19:34:44","modified_gmt":"2024-08-06T19:34:44","slug":"silla-de-madera-apiko","status":"publish","type":"product","link":"https:\/\/dominikahome.com\/es\/producto\/silla-de-madera-apiko\/","title":{"rendered":"Silla de madera Apiko"},"content":{"rendered":"<p>Dise\u00f1ado y fabricado para destacar entre la multitud. Combinamos nuestro caracter\u00edstico minimalismo con ligeras influencias de dise\u00f1o de la d\u00e9cada de 1960, con una durabilidad y ergonom\u00eda excepcionales, tan importantes en este tipo de muebles.<\/p>\n<p>Hecho de madera de roble macizo, con un respaldo curvado.<\/p>\n<p>Para mejorar la comodidad, el respaldo de la silla ha sido perfilado para aumentar la superficie de soporte lumbar. El cuerpo ligero y hermoso de la silla est\u00e1 hecho completamente de madera maciza.<\/p>\n<p><strong>Dimensiones<\/strong><br \/>\nAncho del asiento: 45 cm<br \/>\nProfundidad del asiento: 42 cm<br \/>\nAltura del asiento: 46 cm<br \/>\nAncho total: 51 cm<br \/>\nProfundidad total: 57 cm<br \/>\nAltura total: 85 cm<\/p>\n<p><strong>Material<\/strong><br \/>\nROBLE: 100% madera de roble<\/p>\n<p><strong>Acabado<\/strong><br \/>\nAceites naturales y ceras de aceite aprobados para contacto con alimentos o para uso en la producci\u00f3n de juguetes infantiles (seg\u00fan EN1186 &#8211; 11\/14) o (EN 71-3). Recubrimiento hidrof\u00f3bico &#8211; resistente a manchas y al agua.<\/p>\n<p>Hecho a pedido: 5-7 semanas.<\/p>\n","protected":false},"excerpt":{"rendered":"<p>HECHO A MANO, HECHO EN EUROPA<\/p>\n","protected":false},"featured_media":47708,"template":"","meta":[],"product_brand":[348],"product_cat":[440,657],"product_tag":[510,568,607],"class_list":{"0":"post-48052","1":"product","2":"type-product","3":"status-publish","4":"has-post-thumbnail","6":"product_brand-szyszka","7":"product_cat-silla-y-sillon","8":"product_cat-sillas-de-comedor","9":"product_tag-bestseller-es","10":"product_tag-hecho-a-mano","11":"product_tag-silla-de-madera","12":"product_shipping_class-silla","15":"first","16":"instock","17":"shipping-taxable","18":"purchasable","19":"product-type-variable"},"_links":{"self":[{"href":"https:\/\/dominikahome.com\/es\/wp-json\/wp\/v2\/product\/48052","targetHints":{"allow":["GET"]}}],"collection":[{"href":"https:\/\/dominikahome.com\/es\/wp-json\/wp\/v2\/product"}],"about":[{"href":"https:\/\/dominikahome.com\/es\/wp-json\/wp\/v2\/types\/product"}],"wp:featuredmedia":[{"embeddable":true,"href":"https:\/\/dominikahome.com\/es\/wp-json\/wp\/v2\/media\/47708"}],"wp:attachment":[{"href":"https:\/\/dominikahome.com\/es\/wp-json\/wp\/v2\/media?parent=48052"}],"wp:term":[{"taxonomy":"product_brand","embeddable":true,"href":"https:\/\/dominikahome.com\/es\/wp-json\/wp\/v2\/product_brand?post=48052"},{"taxonomy":"product_cat","embeddable":true,"href":"https:\/\/dominikahome.com\/es\/wp-json\/wp\/v2\/product_cat?post=48052"},{"taxonomy":"product_tag","embeddable":true,"href":"https:\/\/dominikahome.com\/es\/wp-json\/wp\/v2\/product_tag?post=48052"}],"curies":[{"name":"wp","href":"https:\/\/api.w.org\/{rel}","templated":true}]}}