{"id":48063,"date":"2024-04-07T10:36:54","date_gmt":"2024-04-07T10:36:54","guid":{"rendered":"https:\/\/dominikahome.com\/product\/lampara-colgante-montre-de-6-brazos-arena\/"},"modified":"2024-04-07T10:36:54","modified_gmt":"2024-04-07T10:36:54","slug":"lampara-colgante-montre-de-6-brazos-arena","status":"publish","type":"product","link":"https:\/\/dominikahome.com\/es\/producto\/lampara-colgante-montre-de-6-brazos-arena\/","title":{"rendered":"L\u00e1mpara colgante Montre de 6 brazos, arena"},"content":{"rendered":"<div class=\"header-box\">\n<h4 lang=\"es\" style=\"box-sizing: border-box; font-family: inherit; font-weight: 500; line-height: 1.1; color: inherit; margin: 6px 0px 0px; font-size: 1.15em; padding: 0px; border: 0px; vertical-align: baseline;\" data-bind=\"visible: freeFields().length &gt; 0 &amp;&amp; freeFieldsCaption() &amp;&amp; freeFieldsCaption().length &gt; 0, translatedText: $root.freeFieldsCaption()\"><strong>Especificaciones del producto<\/strong><\/h4>\n<\/div>\n<table class=\"summary extended bc--background-color\" style=\"box-sizing: border-box; border-spacing: 0px; border-collapse: collapse; background-color: #f6f4f4; margin: 15px 0px; padding: 0px; border: 0px #ffffff; vertical-align: baseline; width: 552px; color: #333333; font-family: Montserrat, sans-serif; font-size: 14px; font-style: normal; font-variant-ligatures: normal; font-variant-caps: normal; font-weight: 400; letter-spacing: normal; orphans: 2; text-align: start; text-transform: none; widows: 2; word-spacing: 0px; -webkit-text-stroke-width: 0px; white-space: normal; text-decoration-thickness: initial; text-decoration-style: initial; text-decoration-color: initial;\" data-bind=\"visible: freeFieldsWithoutGroup().length &gt; 0\">\n<tbody data-bind=\"template: { name: getTemplate, foreach: freeFieldsWithoutGroup() }\">\n<tr>\n<td data-bind=\"text: window.lang.translate(Caption)\">Base<\/td>\n<td data-bind=\"html: Value\">GU10<\/td>\n<\/tr>\n<tr>\n<td data-bind=\"text: window.lang.translate(Caption)\">Potencia m\u00e1xima (W)<\/td>\n<td data-bind=\"html: Value\">5W<\/td>\n<\/tr>\n<tr>\n<td data-bind=\"text: window.lang.translate(Caption)\">Material<\/td>\n<td data-bind=\"html: Value\">Hierro<\/td>\n<\/tr>\n<tr>\n<td data-bind=\"text: window.lang.translate(Caption)\">Color<\/td>\n<td data-bind=\"html: Value\">Arena<\/td>\n<\/tr>\n<tr>\n<td data-bind=\"text: window.lang.translate(Caption)\">Altura m\u00ednima\/m\u00e1xima (cm)<\/td>\n<td data-bind=\"html: Value\">19\/219<\/td>\n<\/tr>\n<tr>\n<td data-bind=\"text: window.lang.translate(Caption)\">Pa\u00eds de origen<\/td>\n<td data-bind=\"html: Value\">CN<\/td>\n<\/tr>\n<tr>\n<td data-bind=\"text: window.lang.translate(Caption)\">Ancho m\u00e1ximo (cm)<\/td>\n<td data-bind=\"html: Value\">100<\/td>\n<\/tr>\n<tr>\n<td data-bind=\"text: window.lang.translate(Caption)\">Tama\u00f1o base tapa de techo (cm)<\/td>\n<td data-bind=\"html: Value\">l.46 x w.6 x h.2.5<\/td>\n<\/tr>\n<tr>\n<td data-bind=\"text: window.lang.translate(Caption)\">Material\/color del cable el\u00e9ctrico<\/td>\n<td data-bind=\"html: Value\">Textil\/Gris&amp;blanco<\/td>\n<\/tr>\n<tr>\n<td data-bind=\"text: window.lang.translate(Caption)\">Longitud del cable el\u00e9ctrico (cm)<\/td>\n<td data-bind=\"html: Value\">200<\/td>\n<\/tr>\n<tr>\n<td data-bind=\"text: window.lang.translate(Caption)\">\u00bfBombilla incluida?<\/td>\n<td data-bind=\"html: Value\">NO<\/td>\n<\/tr>\n<\/tbody>\n<\/table>\n","protected":false},"excerpt":{"rendered":"<p>Especificaciones del producto Base GU10 Potencia m\u00e1xima (W) 5W Material Hierro Color Arena Altura m\u00ednima\/m\u00e1xima (cm) 19\/219 Pa\u00eds de origen CN Ancho m\u00e1ximo (cm) 100 Tama\u00f1o base tapa de techo (cm) l.46 x w.6 x h.2.5 Material\/color del cable el\u00e9ctrico Textil\/Gris&amp;blanco Longitud del cable el\u00e9ctrico (cm) 200 \u00bfBombilla incluida? NO<\/p>\n","protected":false},"featured_media":47556,"template":"","meta":[],"product_brand":[263],"product_cat":[667,668],"product_tag":[634,631,632,570],"class_list":{"0":"post-48063","1":"product","2":"type-product","3":"status-publish","4":"has-post-thumbnail","6":"product_brand-romi","7":"product_cat-iluminacion","8":"product_cat-lampara-colgante","9":"product_tag-iluminacion","10":"product_tag-lampara-es","11":"product_tag-lampara-es-2","12":"product_tag-lampara-colgante","13":"product_shipping_class-pequeno","16":"first","17":"instock","18":"shipping-taxable","19":"purchasable","20":"product-type-simple"},"_links":{"self":[{"href":"https:\/\/dominikahome.com\/es\/wp-json\/wp\/v2\/product\/48063","targetHints":{"allow":["GET"]}}],"collection":[{"href":"https:\/\/dominikahome.com\/es\/wp-json\/wp\/v2\/product"}],"about":[{"href":"https:\/\/dominikahome.com\/es\/wp-json\/wp\/v2\/types\/product"}],"wp:featuredmedia":[{"embeddable":true,"href":"https:\/\/dominikahome.com\/es\/wp-json\/wp\/v2\/media\/47556"}],"wp:attachment":[{"href":"https:\/\/dominikahome.com\/es\/wp-json\/wp\/v2\/media?parent=48063"}],"wp:term":[{"taxonomy":"product_brand","embeddable":true,"href":"https:\/\/dominikahome.com\/es\/wp-json\/wp\/v2\/product_brand?post=48063"},{"taxonomy":"product_cat","embeddable":true,"href":"https:\/\/dominikahome.com\/es\/wp-json\/wp\/v2\/product_cat?post=48063"},{"taxonomy":"product_tag","embeddable":true,"href":"https:\/\/dominikahome.com\/es\/wp-json\/wp\/v2\/product_tag?post=48063"}],"curies":[{"name":"wp","href":"https:\/\/api.w.org\/{rel}","templated":true}]}}