{"id":48094,"date":"2024-03-17T08:48:17","date_gmt":"2024-03-17T08:48:17","guid":{"rendered":"https:\/\/dominikahome.com\/product\/lampara-de-pie-marsella-metal-negro\/"},"modified":"2024-03-17T08:48:17","modified_gmt":"2024-03-17T08:48:17","slug":"lampara-de-pie-marsella-metal-negro","status":"publish","type":"product","link":"https:\/\/dominikahome.com\/es\/producto\/lampara-de-pie-marsella-metal-negro\/","title":{"rendered":"L\u00c1MPARA DE PIE MARSELLA METAL NEGRO"},"content":{"rendered":"<ul>\n<li><span class=\"product-caracteristics-value text-sm font-normal leading-6 \">Tipo: <span class=\"text-black\">L\u00e1mpara de pie<\/span><\/span><\/li>\n<li>Color: Negro<\/li>\n<li><span class=\"product-caracteristics-value text-sm font-normal leading-6 \">Material: <span class=\"text-black\">Metal<\/span><\/span><\/li>\n<li><span class=\"product-caracteristics-value text-sm font-normal leading-6 \">Dimensiones: <span class=\"text-black\">L 141 cm x Profundidad 40 cm &#8211; Base: \u00d8 25 x H 0.5 cm &#8211; Pantalla: \u00d8 12 x H 17 cm &#8211; Cable: L 210 cm<\/span><\/span><\/li>\n<li><span class=\"product-caracteristics-value text-sm font-normal leading-6 \">Peso: <span class=\"text-black\">6.6 lb<\/span><\/span><\/li>\n<li class=\"two-rows-max\"><span class=\"product-caracteristics-value text-sm font-normal leading-6 \">Caracter\u00edsticas: <span class=\"text-black\">Interruptor ubicado sobre la pantalla &#8211; Pie articulado: pantalla ajustable &#8211; Bombilla (no incluida): 1 x E27 25 W m\u00e1x.<\/span><\/span><\/li>\n<\/ul>\n","protected":false},"excerpt":{"rendered":"<p>Tipo: L\u00e1mpara de pie Color: Negro Material: Metal Dimensiones: L 141 cm x Profundidad 40 cm &#8211; Base: \u00d8 25 x H 0.5 cm &#8211; Pantalla: \u00d8 12 x H 17 cm &#8211; Cable: L 210 cm Peso: 6.6 lb Caracter\u00edsticas: Interruptor ubicado sobre la pantalla &#8211; Pie articulado: pantalla ajustable &#8211; Bombilla (no incluida): [&hellip;]<\/p>\n","protected":false},"featured_media":47402,"template":"","meta":[],"product_brand":[263],"product_cat":[667,669],"product_tag":[632,631,646],"class_list":{"0":"post-48094","1":"product","2":"type-product","3":"status-publish","4":"has-post-thumbnail","6":"product_brand-romi","7":"product_cat-iluminacion","8":"product_cat-standing-lamp-es","9":"product_tag-lampara-es-2","10":"product_tag-lampara-es","11":"product_tag-lampara-de-pie","12":"product_shipping_class-pequeno","15":"first","16":"instock","17":"shipping-taxable","18":"purchasable","19":"product-type-simple"},"_links":{"self":[{"href":"https:\/\/dominikahome.com\/es\/wp-json\/wp\/v2\/product\/48094","targetHints":{"allow":["GET"]}}],"collection":[{"href":"https:\/\/dominikahome.com\/es\/wp-json\/wp\/v2\/product"}],"about":[{"href":"https:\/\/dominikahome.com\/es\/wp-json\/wp\/v2\/types\/product"}],"wp:featuredmedia":[{"embeddable":true,"href":"https:\/\/dominikahome.com\/es\/wp-json\/wp\/v2\/media\/47402"}],"wp:attachment":[{"href":"https:\/\/dominikahome.com\/es\/wp-json\/wp\/v2\/media?parent=48094"}],"wp:term":[{"taxonomy":"product_brand","embeddable":true,"href":"https:\/\/dominikahome.com\/es\/wp-json\/wp\/v2\/product_brand?post=48094"},{"taxonomy":"product_cat","embeddable":true,"href":"https:\/\/dominikahome.com\/es\/wp-json\/wp\/v2\/product_cat?post=48094"},{"taxonomy":"product_tag","embeddable":true,"href":"https:\/\/dominikahome.com\/es\/wp-json\/wp\/v2\/product_tag?post=48094"}],"curies":[{"name":"wp","href":"https:\/\/api.w.org\/{rel}","templated":true}]}}