{"id":48098,"date":"2024-03-16T21:31:05","date_gmt":"2024-03-16T21:31:05","guid":{"rendered":"https:\/\/dominikahome.com\/product\/lampara-java-28x24cm-o15-x-17\/"},"modified":"2024-03-16T21:31:05","modified_gmt":"2024-03-16T21:31:05","slug":"lampara-java-28x24cm-o15-x-17","status":"publish","type":"product","link":"https:\/\/dominikahome.com\/es\/producto\/lampara-java-28x24cm-o15-x-17\/","title":{"rendered":"L\u00e1mpara JAVA 28X24cm \u00d815 x 17"},"content":{"rendered":"<p class=\"Attribute74\">Color: negro\/natural<\/p>\n<p class=\"Attribute62\">Material: bamb\u00fa<\/p>\n<p class=\"Attribute61\">Peso (kg): 0.8<\/p>\n<p class=\"Attribute31\">Dimensiones de la pantalla: \u00d815 x 17<\/p>\n<p class=\"Attribute102\">Di\u00e1metro de la l\u00e1mpara: 15<\/p>\n<p class=\"Attribute145\">Longitud (cm): 28 cm<\/p>\n<p class=\"Attribute146\">Ancho (cm): 15 cm<\/p>\n<p class=\"Attribute147\">Altura (cm): 24 cm<\/p>\n<p class=\"Attribute168\">Colecci\u00f3n: JAVA<\/p>\n<p class=\"Attribute174\">Potencia m\u00e1xima (W): 60<\/p>\n<p class=\"Attribute175\">BOMBILLA: E27<\/p>\n","protected":false},"excerpt":{"rendered":"<p>Color: negro\/natural Material: bamb\u00fa Peso (kg): 0.8 Dimensiones de la pantalla: \u00d815 x 17 Di\u00e1metro de la l\u00e1mpara: 15 Longitud (cm): 28 cm Ancho (cm): 15 cm Altura (cm): 24 cm Colecci\u00f3n: JAVA Potencia m\u00e1xima (W): 60 BOMBILLA: E27<\/p>\n","protected":false},"featured_media":47385,"template":"","meta":[],"product_brand":[262],"product_cat":[667,671],"product_tag":[],"class_list":{"0":"post-48098","1":"product","2":"type-product","3":"status-publish","4":"has-post-thumbnail","6":"product_brand-mojo","7":"product_cat-iluminacion","8":"product_cat-lampara-de-techo","9":"product_shipping_class-pequeno","12":"first","13":"instock","14":"shipping-taxable","15":"purchasable","16":"product-type-simple"},"_links":{"self":[{"href":"https:\/\/dominikahome.com\/es\/wp-json\/wp\/v2\/product\/48098","targetHints":{"allow":["GET"]}}],"collection":[{"href":"https:\/\/dominikahome.com\/es\/wp-json\/wp\/v2\/product"}],"about":[{"href":"https:\/\/dominikahome.com\/es\/wp-json\/wp\/v2\/types\/product"}],"wp:featuredmedia":[{"embeddable":true,"href":"https:\/\/dominikahome.com\/es\/wp-json\/wp\/v2\/media\/47385"}],"wp:attachment":[{"href":"https:\/\/dominikahome.com\/es\/wp-json\/wp\/v2\/media?parent=48098"}],"wp:term":[{"taxonomy":"product_brand","embeddable":true,"href":"https:\/\/dominikahome.com\/es\/wp-json\/wp\/v2\/product_brand?post=48098"},{"taxonomy":"product_cat","embeddable":true,"href":"https:\/\/dominikahome.com\/es\/wp-json\/wp\/v2\/product_cat?post=48098"},{"taxonomy":"product_tag","embeddable":true,"href":"https:\/\/dominikahome.com\/es\/wp-json\/wp\/v2\/product_tag?post=48098"}],"curies":[{"name":"wp","href":"https:\/\/api.w.org\/{rel}","templated":true}]}}