{"id":48099,"date":"2024-03-16T20:23:47","date_gmt":"2024-03-16T20:23:47","guid":{"rendered":"https:\/\/dominikahome.com\/product\/lampa-pequena-de-butan-20x25cm\/"},"modified":"2024-03-16T20:23:47","modified_gmt":"2024-03-16T20:23:47","slug":"lampa-pequena-de-butan-20x25cm","status":"publish","type":"product","link":"https:\/\/dominikahome.com\/es\/producto\/lampa-pequena-de-butan-20x25cm\/","title":{"rendered":"Lampa peque\u00f1a de But\u00e1n 20X25cm"},"content":{"rendered":"<p>DIMENSIONES: PANTALLA 20X25CM<\/p>\n<p>MATERIAL: BAMBU<\/p>\n<p>\u00a1La primera marca de iluminaci\u00f3n mundial que ofrece materiales 100% sostenibles! Desde bamb\u00fa hasta ecolino, roca volc\u00e1nica, corcho&#8230; Cada l\u00e1mpara es una combinaci\u00f3n de dise\u00f1o holand\u00e9s y a\u00f1os de artesan\u00eda. Ya sea en una sala de estar, oficina o habitaci\u00f3n infantil, ofrecen una amplia gama de productos: l\u00e1mparas de pie, de pared, colgantes y de mesa. Tambi\u00e9n donan a la fundaci\u00f3n WakaWaka por cada l\u00e1mpara vendida.<\/p>\n","protected":false},"excerpt":{"rendered":"<p>DIMENSIONES: PANTALLA 20X25CM MATERIAL: BAMBU \u00a1La primera marca de iluminaci\u00f3n mundial que ofrece materiales 100% sostenibles! Desde bamb\u00fa hasta ecolino, roca volc\u00e1nica, corcho&#8230; Cada l\u00e1mpara es una combinaci\u00f3n de dise\u00f1o holand\u00e9s y a\u00f1os de artesan\u00eda. Ya sea en una sala de estar, oficina o habitaci\u00f3n infantil, ofrecen una amplia gama de productos: l\u00e1mparas de pie, [&hellip;]<\/p>\n","protected":false},"featured_media":47383,"template":"","meta":[],"product_brand":[262],"product_cat":[667,671],"product_tag":[],"class_list":{"0":"post-48099","1":"product","2":"type-product","3":"status-publish","4":"has-post-thumbnail","6":"product_brand-mojo","7":"product_cat-iluminacion","8":"product_cat-lampara-de-techo","9":"product_shipping_class-pequeno","12":"first","13":"instock","14":"shipping-taxable","15":"purchasable","16":"product-type-simple"},"_links":{"self":[{"href":"https:\/\/dominikahome.com\/es\/wp-json\/wp\/v2\/product\/48099","targetHints":{"allow":["GET"]}}],"collection":[{"href":"https:\/\/dominikahome.com\/es\/wp-json\/wp\/v2\/product"}],"about":[{"href":"https:\/\/dominikahome.com\/es\/wp-json\/wp\/v2\/types\/product"}],"wp:featuredmedia":[{"embeddable":true,"href":"https:\/\/dominikahome.com\/es\/wp-json\/wp\/v2\/media\/47383"}],"wp:attachment":[{"href":"https:\/\/dominikahome.com\/es\/wp-json\/wp\/v2\/media?parent=48099"}],"wp:term":[{"taxonomy":"product_brand","embeddable":true,"href":"https:\/\/dominikahome.com\/es\/wp-json\/wp\/v2\/product_brand?post=48099"},{"taxonomy":"product_cat","embeddable":true,"href":"https:\/\/dominikahome.com\/es\/wp-json\/wp\/v2\/product_cat?post=48099"},{"taxonomy":"product_tag","embeddable":true,"href":"https:\/\/dominikahome.com\/es\/wp-json\/wp\/v2\/product_tag?post=48099"}],"curies":[{"name":"wp","href":"https:\/\/api.w.org\/{rel}","templated":true}]}}