{"id":48119,"date":"2023-11-07T10:53:57","date_gmt":"2023-11-07T10:53:57","guid":{"rendered":"https:\/\/dominikahome.com\/product\/sofa-esquinero-modular-cloud\/"},"modified":"2023-11-07T10:53:57","modified_gmt":"2023-11-07T10:53:57","slug":"sofa-esquinero-modular-cloud","status":"publish","type":"product","link":"https:\/\/dominikahome.com\/es\/producto\/sofa-esquinero-modular-cloud\/","title":{"rendered":"Sof\u00e1 esquinero modular Cloud"},"content":{"rendered":"<div class=\"col-12 col-lg-6\">\n<p>Lo reconocer\u00e1s desde la puerta &#8211; \u00a1no es de extra\u00f1ar! El car\u00e1cter \u00fanico y la forma cautivadora del sof\u00e1 rinconero Cloud acelera el pulso de aquellos que saben exactamente lo que quieren de sus interiores: paz y consuelo en el mejor estilo.<\/p>\n<p>Estamos orgullosos de presentarte el sof\u00e1 rinconero Cloud.<\/p>\n<p>Si\u00e9ntate y siente c\u00f3mo su suavidad perfectamente optimizada acolcha tu cuerpo cansado. C\u00f3mo los respaldos contorneados apoyan tu columna y cuello exactamente como los necesitas. Rel\u00e1jate y nota c\u00f3mo tus hombros liberan la tensi\u00f3n acumulada &#8211; y el estr\u00e9s que los hab\u00eda mantenido a raya hasta ahora desaparece.<\/p>\n<p>\u00bfLo sientes?<\/p>\n<p>Oh s\u00ed. Para eso est\u00e1 un hogar.<\/p>\n<p>Todo esto se basa en un marco de madera estable, cuya estructura modular permite cualquier disposici\u00f3n de los componentes del mueble. El sof\u00e1 rinconero Cloud es una nueva definici\u00f3n de libertad en la disposici\u00f3n del espacio. Despu\u00e9s de todo, como sucede en las nubes, \u00a1el cielo es el l\u00edmite!<\/p>\n<\/div>\n<p><strong>Dimensiones<\/strong><\/p>\n<table class=\"woocommerce-product-attributes shop_attributes table table-ramaro\">\n<tbody>\n<tr class=\"woocommerce-product-attributes-item\">\n<th>ANCHO<\/th>\n<td>297 cm<\/td>\n<\/tr>\n<tr class=\"woocommerce-product-attributes-item\">\n<th>LARGO<\/th>\n<td>230 cm<\/td>\n<\/tr>\n<tr class=\"woocommerce-product-attributes-item\">\n<th>PROFUNDIDAD<\/th>\n<td>98 cm<\/td>\n<\/tr>\n<tr class=\"woocommerce-product-attributes-item\">\n<th>ALTURA<\/th>\n<td>75 cm<\/td>\n<\/tr>\n<tr class=\"woocommerce-product-attributes-item\">\n<th>PROFUNDIDAD DEL ASIENTO<\/th>\n<td>63 cm<\/td>\n<\/tr>\n<tr class=\"woocommerce-product-attributes-item\">\n<th>ALTURA DEL ASIENTO<\/th>\n<td>41 cm<\/td>\n<\/tr>\n<\/tbody>\n<\/table>\n<p><strong><\/strong><strong>Datos t\u00e9cnicos<\/strong><\/p>\n<table class=\"woocommerce-product-attributes shop_attributes table table-ramaro\">\n<tbody>\n<tr class=\"woocommerce-product-attributes-item\">\n<th>RELLENO DEL RESPALDO<\/th>\n<td>espuma VP<\/td>\n<\/tr>\n<tr class=\"woocommerce-product-attributes-item\">\n<th>RELLENO DEL ASIENTO<\/th>\n<td>espuma HR de alta elasticidad<\/td>\n<\/tr>\n<tr class=\"woocommerce-product-attributes-item\">\n<th>TIPO DE RESORTES<\/th>\n<td>tipo &#8220;B&#8221; ondulado &#8211; redondo<\/td>\n<\/tr>\n<tr class=\"woocommerce-product-attributes-item\">\n<th>CONSTRUCCI\u00d3N<\/th>\n<td>de madera<\/td>\n<\/tr>\n<\/tbody>\n<\/table>\n<p>Hecho en Europa<\/p>\n<p>Hecho a pedido en 5-7 semanas<\/p>\n","protected":false},"excerpt":{"rendered":"<p>Lo reconocer\u00e1s desde la puerta &#8211; \u00a1no es de extra\u00f1ar! El car\u00e1cter \u00fanico y la forma cautivadora del sof\u00e1 rinconero Cloud acelera el pulso de aquellos que saben exactamente lo que quieren de sus interiores: paz y consuelo en el mejor estilo. Estamos orgullosos de presentarte el sof\u00e1 rinconero Cloud. Si\u00e9ntate y siente c\u00f3mo su [&hellip;]<\/p>\n","protected":false},"featured_media":47272,"template":"","meta":[],"product_brand":[745],"product_cat":[674],"product_tag":[554],"class_list":{"0":"post-48119","1":"product","2":"type-product","3":"status-publish","4":"has-post-thumbnail","6":"product_brand-ramar-es","7":"product_cat-sofas-es","8":"product_tag-sofa-esquinero","9":"product_shipping_class-pesado","12":"first","13":"instock","14":"shipping-taxable","15":"purchasable","16":"product-type-variable"},"_links":{"self":[{"href":"https:\/\/dominikahome.com\/es\/wp-json\/wp\/v2\/product\/48119","targetHints":{"allow":["GET"]}}],"collection":[{"href":"https:\/\/dominikahome.com\/es\/wp-json\/wp\/v2\/product"}],"about":[{"href":"https:\/\/dominikahome.com\/es\/wp-json\/wp\/v2\/types\/product"}],"wp:featuredmedia":[{"embeddable":true,"href":"https:\/\/dominikahome.com\/es\/wp-json\/wp\/v2\/media\/47272"}],"wp:attachment":[{"href":"https:\/\/dominikahome.com\/es\/wp-json\/wp\/v2\/media?parent=48119"}],"wp:term":[{"taxonomy":"product_brand","embeddable":true,"href":"https:\/\/dominikahome.com\/es\/wp-json\/wp\/v2\/product_brand?post=48119"},{"taxonomy":"product_cat","embeddable":true,"href":"https:\/\/dominikahome.com\/es\/wp-json\/wp\/v2\/product_cat?post=48119"},{"taxonomy":"product_tag","embeddable":true,"href":"https:\/\/dominikahome.com\/es\/wp-json\/wp\/v2\/product_tag?post=48119"}],"curies":[{"name":"wp","href":"https:\/\/api.w.org\/{rel}","templated":true}]}}