{"id":48125,"date":"2023-11-07T10:53:51","date_gmt":"2023-11-07T10:53:51","guid":{"rendered":"https:\/\/dominikahome.com\/product\/sofa-esquinero-modular-firenze\/"},"modified":"2023-11-07T10:53:51","modified_gmt":"2023-11-07T10:53:51","slug":"sofa-esquinero-modular-firenze","status":"publish","type":"product","link":"https:\/\/dominikahome.com\/es\/producto\/sofa-esquinero-modular-firenze\/","title":{"rendered":"Sof\u00e1 esquinero modular Firenze"},"content":{"rendered":"<div class=\"col-12 col-lg-6\">\n<p>Imagina una tarde perfecta: en lugar de un sof\u00e1 normal, te tumbas c\u00f3modamente en un sof\u00e1 rinconero tan suave y esponjoso como las nubes que flotan en el cielo de verano. Estiras las piernas hacia delante. Inclinas la cabeza hacia atr\u00e1s. Cierras los ojos. Y en un abrir y cerrar de ojos sientes c\u00f3mo tu cuerpo se relaja y se pone en modo de descanso total, como si no hubieras pasado todo el d\u00eda en el trabajo.<\/p>\n<p>\u00bfPuedes sentir lo bien que es? Este es un <strong>sof\u00e1 rinconero modular Firenze<\/strong>.<\/p>\n<p><strong>La forma redondeada del mueble<\/strong> y <strong>la disposici\u00f3n libre de la tela<\/strong> son el resultado del uso de un especial acolchado de silicona y plumas ubicado en el relleno del asiento, gracias al cual el sof\u00e1 rinconero adquiere una forma suelta y ligera. <strong>El efecto de pliegue<\/strong> visible en el material es el resultado de un trabajo manual, por lo que la tela puede disponerse ligeramente diferente en cada mueble.<\/p>\n<p>Su secreto radica en los detalles: <strong>dise\u00f1o simple, costuras elegantes<\/strong> y&#8230; <strong>\u00a1m\u00f3dulos inteligentes!<\/strong> Gracias a esta forma multidimensional, que puedes reorganizar y disponer seg\u00fan tus necesidades, estado de \u00e1nimo o clima, el sof\u00e1 rinconero Firenze se convertir\u00e1 r\u00e1pidamente en el lugar favorito de toda la casa.<\/p>\n<\/div>\n<p><strong>Dimensiones<\/strong><\/p>\n<table class=\"woocommerce-product-attributes shop_attributes table table-ramaro\">\n<tbody>\n<tr class=\"woocommerce-product-attributes-item\">\n<th>ANCHO<\/th>\n<td>340 cm<\/td>\n<\/tr>\n<tr class=\"woocommerce-product-attributes-item\">\n<th>LARGO<\/th>\n<td>208 cm<\/td>\n<\/tr>\n<tr class=\"woocommerce-product-attributes-item\">\n<th>PROFUNDIDAD<\/th>\n<td>103 cm<\/td>\n<\/tr>\n<tr class=\"woocommerce-product-attributes-item\">\n<th>ALTURA<\/th>\n<td>66 cm<\/td>\n<\/tr>\n<tr class=\"woocommerce-product-attributes-item\">\n<th>ANCHO DE UN SOLO ASIENTO<\/th>\n<td>103 cm<\/td>\n<\/tr>\n<tr class=\"woocommerce-product-attributes-item\">\n<th>PROFUNDIDAD DEL ASIENTO<\/th>\n<td>69 cm<\/td>\n<\/tr>\n<tr class=\"woocommerce-product-attributes-item\">\n<th>ALTURA DEL ASIENTO<\/th>\n<td>44 cm<\/td>\n<\/tr>\n<tr class=\"woocommerce-product-attributes-item\">\n<th>ANCHO DEL REPOSABRAZOS<\/th>\n<td>32 cm<\/td>\n<\/tr>\n<\/tbody>\n<\/table>\n<p><strong>Datos t\u00e9cnicos<\/strong><\/p>\n<table class=\"woocommerce-product-attributes shop_attributes table table-ramaro\">\n<tbody>\n<tr class=\"woocommerce-product-attributes-item\">\n<th>RELLENO DEL RESPALDO<\/th>\n<td>espuma HR altamente el\u00e1stica<\/td>\n<\/tr>\n<tr class=\"woocommerce-product-attributes-item\">\n<th>RELLENO DEL ASIENTO<\/th>\n<td>acolchado de silicona y plumas + espuma HR altamente el\u00e1stica<\/td>\n<\/tr>\n<tr class=\"woocommerce-product-attributes-item\">\n<th>TIPO DE RESORTES<\/th>\n<td>tipo &#8220;B&#8221; ondulado &#8211; redondo<\/td>\n<\/tr>\n<tr class=\"woocommerce-product-attributes-item\">\n<th>CONSTRUCCI\u00d3N<\/th>\n<td>de madera<\/td>\n<\/tr>\n<\/tbody>\n<\/table>\n<p>Colores:<\/p>\n<p><img decoding=\"async\" class=\"alignnone wp-image-40737\" src=\"https:\/\/dominikahome.com\/wp-content\/uploads\/2023\/11\/notte-01-300x300.jpg\" alt=\"Notte01\" width=\"145\" height=\"145\" title=\"\"><img decoding=\"async\" class=\"alignnone wp-image-40738\" src=\"https:\/\/dominikahome.com\/wp-content\/uploads\/2023\/11\/notte-03-300x300.jpg\" alt=\"Notte03\" width=\"145\" height=\"145\" title=\"\"><img decoding=\"async\" class=\"alignnone wp-image-40736\" src=\"https:\/\/dominikahome.com\/wp-content\/uploads\/2023\/11\/notte-05-300x300.jpg\" alt=\"Notte05\" width=\"145\" height=\"145\" title=\"\"><\/p>\n<p>Hecho en Europa<\/p>\n<p>Hecho a pedido en 5-7 semanas<\/p>\n","protected":false},"excerpt":{"rendered":"<p>Fabricado en UE<\/p>\n","protected":false},"featured_media":47262,"template":"","meta":[],"product_brand":[745],"product_cat":[674],"product_tag":[],"class_list":{"0":"post-48125","1":"product","2":"type-product","3":"status-publish","4":"has-post-thumbnail","6":"product_brand-ramar-es","7":"product_cat-sofas-es","8":"product_shipping_class-pesado","11":"first","12":"instock","13":"shipping-taxable","14":"purchasable","15":"product-type-variable"},"_links":{"self":[{"href":"https:\/\/dominikahome.com\/es\/wp-json\/wp\/v2\/product\/48125","targetHints":{"allow":["GET"]}}],"collection":[{"href":"https:\/\/dominikahome.com\/es\/wp-json\/wp\/v2\/product"}],"about":[{"href":"https:\/\/dominikahome.com\/es\/wp-json\/wp\/v2\/types\/product"}],"wp:featuredmedia":[{"embeddable":true,"href":"https:\/\/dominikahome.com\/es\/wp-json\/wp\/v2\/media\/47262"}],"wp:attachment":[{"href":"https:\/\/dominikahome.com\/es\/wp-json\/wp\/v2\/media?parent=48125"}],"wp:term":[{"taxonomy":"product_brand","embeddable":true,"href":"https:\/\/dominikahome.com\/es\/wp-json\/wp\/v2\/product_brand?post=48125"},{"taxonomy":"product_cat","embeddable":true,"href":"https:\/\/dominikahome.com\/es\/wp-json\/wp\/v2\/product_cat?post=48125"},{"taxonomy":"product_tag","embeddable":true,"href":"https:\/\/dominikahome.com\/es\/wp-json\/wp\/v2\/product_tag?post=48125"}],"curies":[{"name":"wp","href":"https:\/\/api.w.org\/{rel}","templated":true}]}}