{"id":48131,"date":"2023-11-07T10:17:35","date_gmt":"2023-11-07T10:17:35","guid":{"rendered":"https:\/\/dominikahome.com\/product\/sofa-esquinero-trivio\/"},"modified":"2023-11-07T10:17:35","modified_gmt":"2023-11-07T10:17:35","slug":"sofa-esquinero-trivio","status":"publish","type":"product","link":"https:\/\/dominikahome.com\/es\/producto\/sofa-esquinero-trivio\/","title":{"rendered":"Sof\u00e1 esquinero Trivio"},"content":{"rendered":"<p>Elegante y gracioso &#8211; para deleitar.<br \/>\nPr\u00e1ctico y c\u00f3modo &#8211; para acomodar todas tus ideas sobre la relajaci\u00f3n plena.<br \/>\n\u00bfImposible? \u00a1Y a\u00fan as\u00ed! Este es <strong>un sof\u00e1 de esquina Trivio<\/strong>. El rey del estilo y el gusto, que combina el carisma que llama la atenci\u00f3n de cada invitado en la sala y confort &#8211; gracias al cual te relajar\u00e1s como nunca despu\u00e9s de un largo d\u00eda.<br \/>\nEs suave y elegante, por lo que se adaptar\u00e1 perfectamente a cualquier interior. Estable &#8211; porque est\u00e1 montado sobre <strong>un s\u00f3lido marco de madera de corte tosco,<\/strong> y al mismo tiempo ligero &#8211; terminado <strong>con altas patas de metal<\/strong>. Agradable al tacto y adapt\u00e1ndose placenteramente a tu cuerpo tan pronto como decidas apoyarte en sus <strong>cojines de respaldo perfilados con esmero<\/strong> o en los reposabrazos.<br \/>\n\u00bfY este otomano representativo? Este es su mayor secreto. Puedes acurrucarte en \u00e9l, estirar las piernas frente a ti mientras ves tu serie de TV favorita o darle un c\u00e1lido abrazo a tu gato. \u00bfQu\u00e9 versi\u00f3n elegir\u00e1s primero?<\/p>\n<p>Te lo decimos por experiencia: no solo a los invitados les encantar\u00e1, sino tambi\u00e9n a los miembros del hogar &#8211; incluso a los de cuatro patas.<br \/>\nPorque ya no tienes que cubrir los muebles con una manta o evitar que los animales salten sobre tu regazo. Si sue\u00f1as con un interior lleno de gusto y estilo sin compromisos, pero en tu imaginaci\u00f3n ves jugo derramado salpicando sobre el tapizado o sacando pelo espinoso del asiento&#8230; Respira hondo<br \/>\ny sonr\u00ede.<\/p>\n<p><strong>Dimensiones<\/strong><\/p>\n<table class=\"woocommerce-product-attributes shop_attributes table table-ramaro\">\n<tbody>\n<tr class=\"woocommerce-product-attributes-item\">\n<th>ANCHO<\/th>\n<td>317 cm<\/td>\n<\/tr>\n<tr class=\"woocommerce-product-attributes-item\">\n<th>LARGO DEL LADO CON CHAISE LONGE<\/th>\n<td>197 cm<\/td>\n<\/tr>\n<tr class=\"woocommerce-product-attributes-item\">\n<th>PROFUNDIDAD<\/th>\n<td>95 cm<\/td>\n<\/tr>\n<tr class=\"woocommerce-product-attributes-item\">\n<th>ALTURA<\/th>\n<td>73 cm<\/td>\n<\/tr>\n<tr class=\"woocommerce-product-attributes-item\">\n<th>ANCHO DEL ASIENTO<\/th>\n<td>90 cm<\/td>\n<\/tr>\n<tr class=\"woocommerce-product-attributes-item\">\n<th>PROFUNDIDAD DEL ASIENTO<\/th>\n<td>58 cm<\/td>\n<\/tr>\n<tr class=\"woocommerce-product-attributes-item\">\n<th>ALTURA DEL ASIENTO<\/th>\n<td>42 cm<\/td>\n<\/tr>\n<tr class=\"woocommerce-product-attributes-item\">\n<th>ANCHO DEL REPOSABRAZOS<\/th>\n<td>22 cm<\/td>\n<\/tr>\n<tr class=\"woocommerce-product-attributes-item\">\n<th>ANCHO DEL CHAISE LONGE<\/th>\n<td>116 cm<\/td>\n<\/tr>\n<tr class=\"woocommerce-product-attributes-item\">\n<th>LARGO DEL ASIENTO DEL CHAISE<\/th>\n<td>160 cm<\/td>\n<\/tr>\n<tr class=\"woocommerce-product-attributes-item\">\n<th>ALTURA DE LA PATAS<\/th>\n<td>16 cm<\/td>\n<\/tr>\n<\/tbody>\n<\/table>\n<p>&nbsp;<\/p>\n<p><strong>Datos t\u00e9cnicos<\/strong><\/p>\n<table class=\"woocommerce-product-attributes shop_attributes table table-ramaro\">\n<tbody>\n<tr class=\"woocommerce-product-attributes-item\">\n<th>RELLENO DEL RESPALDO<\/th>\n<td>espuma HR altamente el\u00e1stica<\/td>\n<\/tr>\n<tr class=\"woocommerce-product-attributes-item\">\n<th>RELLENO DEL ASIENTO<\/th>\n<td>l\u00e1tex + espuma altamente el\u00e1stica<\/td>\n<\/tr>\n<tr class=\"woocommerce-product-attributes-item\">\n<th>TIPO DE MUELLES<\/th>\n<td>tipo &#8220;B&#8221; ondulado &#8211; redondo<\/td>\n<\/tr>\n<tr class=\"woocommerce-product-attributes-item\">\n<th>CONSTRUCCI\u00d3N<\/th>\n<td>de madera<\/td>\n<\/tr>\n<\/tbody>\n<\/table>\n<p>Tejido: Torre<\/p>\n<p><img decoding=\"async\" class=\"alignnone wp-image-40705\" src=\"https:\/\/dominikahome.com\/wp-content\/uploads\/2023\/11\/Torre-10yellow-300x300.webp\" alt=\"\" width=\"115\" height=\"115\" title=\"\"><br \/>\n<img decoding=\"async\" class=\"alignnone wp-image-40704\" src=\"https:\/\/dominikahome.com\/wp-content\/uploads\/2023\/11\/Torre-20black-300x300.webp\" alt=\"\" width=\"115\" height=\"115\" title=\"\"><br \/>\n<img decoding=\"async\" class=\"alignnone wp-image-40703\" src=\"https:\/\/dominikahome.com\/wp-content\/uploads\/2023\/11\/Torre-8-brick-300x300.webp\" alt=\"\" width=\"115\" height=\"115\" title=\"\"><br \/>\n<img loading=\"lazy\" decoding=\"async\" class=\"alignnone wp-image-40702\" src=\"https:\/\/dominikahome.com\/wp-content\/uploads\/2023\/11\/Torre-18grey-300x300.webp\" alt=\"\" width=\"115\" height=\"115\" title=\"\"><br \/>\n<img loading=\"lazy\" decoding=\"async\" class=\"alignnone wp-image-40701\" src=\"https:\/\/dominikahome.com\/wp-content\/uploads\/2023\/11\/Torre-4.png-300x300.webp\" alt=\"\" width=\"115\" height=\"115\" title=\"\"><br \/>\n<img loading=\"lazy\" decoding=\"async\" class=\"alignnone wp-image-40700\" src=\"https:\/\/dominikahome.com\/wp-content\/uploads\/2023\/11\/Torre-12.png-300x300.webp\" alt=\"\" width=\"115\" height=\"115\" title=\"\"><\/p>\n<p>Hecho en Europa<\/p>\n<p>Hecho por encargo 5-7 semanas<\/p>\n<p>&nbsp;<\/p>\n","protected":false},"excerpt":{"rendered":"<p>Elegante y gracioso &#8211; para deleitar. Pr\u00e1ctico y c\u00f3modo &#8211; para acomodar todas tus ideas sobre la relajaci\u00f3n plena. \u00bfImposible? \u00a1Y a\u00fan as\u00ed! Este es un sof\u00e1 de esquina Trivio. El rey del estilo y el gusto, que combina el carisma que llama la atenci\u00f3n de cada invitado en la sala y confort &#8211; gracias [&hellip;]<\/p>\n","protected":false},"featured_media":47235,"template":"","meta":[],"product_brand":[745],"product_cat":[674],"product_tag":[554],"class_list":{"0":"post-48131","1":"product","2":"type-product","3":"status-publish","4":"has-post-thumbnail","6":"product_brand-ramar-es","7":"product_cat-sofas-es","8":"product_tag-sofa-esquinero","9":"product_shipping_class-pesado","12":"first","13":"instock","14":"shipping-taxable","15":"purchasable","16":"product-type-variable"},"_links":{"self":[{"href":"https:\/\/dominikahome.com\/es\/wp-json\/wp\/v2\/product\/48131","targetHints":{"allow":["GET"]}}],"collection":[{"href":"https:\/\/dominikahome.com\/es\/wp-json\/wp\/v2\/product"}],"about":[{"href":"https:\/\/dominikahome.com\/es\/wp-json\/wp\/v2\/types\/product"}],"wp:featuredmedia":[{"embeddable":true,"href":"https:\/\/dominikahome.com\/es\/wp-json\/wp\/v2\/media\/47235"}],"wp:attachment":[{"href":"https:\/\/dominikahome.com\/es\/wp-json\/wp\/v2\/media?parent=48131"}],"wp:term":[{"taxonomy":"product_brand","embeddable":true,"href":"https:\/\/dominikahome.com\/es\/wp-json\/wp\/v2\/product_brand?post=48131"},{"taxonomy":"product_cat","embeddable":true,"href":"https:\/\/dominikahome.com\/es\/wp-json\/wp\/v2\/product_cat?post=48131"},{"taxonomy":"product_tag","embeddable":true,"href":"https:\/\/dominikahome.com\/es\/wp-json\/wp\/v2\/product_tag?post=48131"}],"curies":[{"name":"wp","href":"https:\/\/api.w.org\/{rel}","templated":true}]}}