{"id":48143,"date":"2023-11-06T18:47:54","date_gmt":"2023-11-06T18:47:54","guid":{"rendered":"https:\/\/dominikahome.com\/product\/estudio-de-arik-ben-simhon\/"},"modified":"2023-11-06T18:47:54","modified_gmt":"2023-11-06T18:47:54","slug":"estudio-de-arik-ben-simhon","status":"publish","type":"product","link":"https:\/\/dominikahome.com\/es\/producto\/estudio-de-arik-ben-simhon\/","title":{"rendered":"ESTUDIO DE ARIK BEN SIMHON"},"content":{"rendered":"<div class=\"rl_tabs nn_tabs outline_handles outline_content top align_left has_effects\" role=\"presentation\">\n<div class=\"tab-content\">\n<div id=\"opis\" class=\"tab-pane rl_tabs-pane nn_tabs-pane active\" role=\"tabpanel\" aria-labelledby=\"tab-opis\" aria-hidden=\"false\">\n<p><b>Un sof\u00e1 \u00fanico para la sala de estar<\/b><\/p>\n<p>La colecci\u00f3n Study atrae la atenci\u00f3n gracias a su <b>forma original<\/b> y <b>excepcionalmente elegante<\/b>. Fue creada por Arik Ben Simhon, un dise\u00f1ador de muebles israel\u00ed que ha estado creando muebles hermosos y funcionales durante a\u00f1os. Study impresiona por su <b>est\u00e9tica de dise\u00f1ador<\/b> y al mismo tiempo satisface las necesidades de los usuarios gracias a <b>soluciones de dise\u00f1o pr\u00e1cticas.<\/b><\/p>\n<p><b>\u00bfQu\u00e9 hace que la colecci\u00f3n Study sea \u00fanica?<\/b><\/p>\n<ul>\n<li><b>2 modelos de sof\u00e1s en esquina<\/b> &#8211; derecho e izquierdo.<\/li>\n<li><b>Estantes de metal<\/b> &#8211; uno de ellos sirve como reposabrazos, y el otro se coloca en la parte posterior de la esquina y es perfecto para almacenar varios art\u00edculos. Los estantes pueden acabarse en corcho, goma PVC o cuero bajo pedido especial.<\/li>\n<li><b>Elegante costura con hilo gris<\/b> &#8211; le da al sof\u00e1 un car\u00e1cter elegante.<\/li>\n<li><b>Altas patas de metal<\/b> &#8211; a\u00f1aden ligereza al cuerpo y facilitan la limpieza debajo del mueble.<\/li>\n<li><b>Largas y suaves almohadas<\/b> &#8211; act\u00faan como asiento y respaldo para el sof\u00e1.<\/li>\n<li><b>Sin funci\u00f3n de cama<\/b> &#8211; esto se traduce en una excepcional suavidad y comodidad del mueble, ya que su estructura no contiene elementos y mecanismos duros adicionales.<\/li>\n<li><b>Bolitas de silicona<\/b> &#8211; gr\u00e1nulos que llenan el asiento y el respaldo de Study, hechos de fibras de poli\u00e9ster-silicona delgadas que se moldean en bolitas. Est\u00e1n torcidas para permitir que el aire pase a trav\u00e9s de ellas. Se caracterizan por su elasticidad y esponjosidad, gracias a lo cual los modelos se adaptan a la forma del cuerpo, asegurando un excepcional confort de uso.<\/li>\n<\/ul>\n<p><b>Muebles para clientes exigentes<\/b><\/p>\n<p>Una ventaja \u00fanica de Study son <b>los pr\u00e1cticos estantes<\/b> integrados en el mueble. El dise\u00f1o tambi\u00e9n se ocup\u00f3 de los detalles en forma de <b>patas delgadas y con forma<\/b> y <b>costura delicada<\/b> con hilo gris, que seguramente ser\u00e1n notados por incluso el amante del dise\u00f1o m\u00e1s exigente.<\/p>\n<p>Color: Beige<\/p>\n<p>Dimensiones:<\/p>\n<p>Ancho: 306 cm<\/p>\n<p>Ancho de la chaise longue: 103 cm<\/p>\n<p>Profundidad: 203 \/ 103 cm<\/p>\n<p>Profundidad del asiento: 52 \/ 152 cm<\/p>\n<p>Altura del asiento: 52 cm<\/p>\n<p>Altura total: 87 cm<\/p>\n<\/div>\n<p>Hecho a medida en 5-7 semanas<\/p>\n<\/div>\n<\/div>\n","protected":false},"excerpt":{"rendered":"<p>Un sof\u00e1 \u00fanico para la sala de estar La colecci\u00f3n Study atrae la atenci\u00f3n gracias a su forma original y excepcionalmente elegante. Fue creada por Arik Ben Simhon, un dise\u00f1ador de muebles israel\u00ed que ha estado creando muebles hermosos y funcionales durante a\u00f1os. Study impresiona por su est\u00e9tica de dise\u00f1ador y al mismo tiempo satisface [&hellip;]<\/p>\n","protected":false},"featured_media":47839,"template":"","meta":[],"product_brand":[742],"product_cat":[674],"product_tag":[592],"class_list":{"0":"post-48143","1":"product","2":"type-product","3":"status-publish","4":"has-post-thumbnail","6":"product_brand-nordic-es","7":"product_cat-sofas-es","8":"product_tag-sofa-es","9":"product_shipping_class-pesado","12":"first","13":"instock","14":"shipping-taxable","15":"purchasable","16":"product-type-simple"},"_links":{"self":[{"href":"https:\/\/dominikahome.com\/es\/wp-json\/wp\/v2\/product\/48143","targetHints":{"allow":["GET"]}}],"collection":[{"href":"https:\/\/dominikahome.com\/es\/wp-json\/wp\/v2\/product"}],"about":[{"href":"https:\/\/dominikahome.com\/es\/wp-json\/wp\/v2\/types\/product"}],"wp:featuredmedia":[{"embeddable":true,"href":"https:\/\/dominikahome.com\/es\/wp-json\/wp\/v2\/media\/47839"}],"wp:attachment":[{"href":"https:\/\/dominikahome.com\/es\/wp-json\/wp\/v2\/media?parent=48143"}],"wp:term":[{"taxonomy":"product_brand","embeddable":true,"href":"https:\/\/dominikahome.com\/es\/wp-json\/wp\/v2\/product_brand?post=48143"},{"taxonomy":"product_cat","embeddable":true,"href":"https:\/\/dominikahome.com\/es\/wp-json\/wp\/v2\/product_cat?post=48143"},{"taxonomy":"product_tag","embeddable":true,"href":"https:\/\/dominikahome.com\/es\/wp-json\/wp\/v2\/product_tag?post=48143"}],"curies":[{"name":"wp","href":"https:\/\/api.w.org\/{rel}","templated":true}]}}