{"id":48180,"date":"2023-11-06T17:04:28","date_gmt":"2023-11-06T17:04:28","guid":{"rendered":"https:\/\/dominikahome.com\/product\/cama-malmo-con-contenedor\/"},"modified":"2023-11-06T17:04:28","modified_gmt":"2023-11-06T17:04:28","slug":"cama-malmo-con-contenedor","status":"publish","type":"product","link":"https:\/\/dominikahome.com\/es\/producto\/cama-malmo-con-contenedor\/","title":{"rendered":"Cama Malmo con contenedor"},"content":{"rendered":"<div class=\"col-12 col-lg-6\">\n<p>La cama Malmo es el punto focal perfecto de cualquier dormitorio; su dise\u00f1o minimalista se combina con una forma visualmente ligera y simple, que tambi\u00e9n ocupa poco espacio.<\/p>\n<p>Su dise\u00f1o inteligente e inspirador hace que sea dif\u00edcil no enamorarse de ella: permite una apariencia equilibrada y limpia en tu dormitorio mientras maximiza tu espacio. Es absolutamente perfecta tanto por la comodidad como por la clase que aporta.<\/p>\n<p>Pero, \u00bfesta ligereza del espacio tiene que significar renunciar a la funcionalidad? \u00a1Absolutamente no!<\/p>\n<p>Echa un vistazo al sistema de almacenamiento central para la ropa de cama: esta es la caracter\u00edstica m\u00e1s innovadora de Malmo. En lugar de acumular un desorden bajo la cama, simplemente levanta el mecanismo con un movimiento&#8230; \u00a1y eso es todo! Cualquier cosa que desees mantener fuera de la vista estar\u00e1 oculta hasta la pr\u00f3xima vez que la necesites. Adem\u00e1s, su s\u00f3lida construcci\u00f3n de madera garantizar\u00e1 un buen descanso nocturno y la durabilidad del mueble durante muchos a\u00f1os.<\/p>\n<p>\u00bfTu coraz\u00f3n lati\u00f3 m\u00e1s r\u00e1pido? \u00a1Nada inusual!<\/p>\n<p>Sus l\u00edneas modernas y elegantes se adaptan f\u00e1cilmente a cualquier interior mientras crean una atm\u00f3sfera acogedora, perfecta para relajarse despu\u00e9s de un largo d\u00eda. Por lo tanto, independientemente de si est\u00e1s organizando tu dormitorio en un estilo loft, japon\u00e9s o minimalista, la cama Malmo extraer\u00e1 todos los elementos correctos de tu espacio para crear el oasis de descanso de tus sue\u00f1os.<\/p>\n<p>\u00a1Y eso no es todo!<\/p>\n<p>Gracias a una amplia gama de tama\u00f1os (que van de 140 a 180 cm x 200 cm), puedes ajustar a\u00fan mejor su tama\u00f1o, y gracias a las tecnolog\u00edas de protecci\u00f3n de las telas de tapicer\u00eda, no tendr\u00e1s que preocuparte por la aparici\u00f3n de suciedad.<\/p>\n<h3>Dimensiones<\/h3>\n<ul>\n<li><strong>ANCHURA TOTAL:<\/strong> 140 cm<\/li>\n<li><strong>LARGO TOTAL:<\/strong> 220 cm<\/li>\n<li><strong>ALTURA DEL CABECERO:<\/strong> 95 cm<\/li>\n<li><strong>ANCHURA DEL CUERPO:<\/strong> 140 cm<\/li>\n<li><strong>ALTURA DEL MARCO:<\/strong> 25 cm<\/li>\n<\/ul>\n<ul>\n<li><strong>ANCHURA TOTAL:<\/strong> 160 cm<\/li>\n<li><strong>LARGO TOTAL:<\/strong> 220 cm<\/li>\n<li><strong>ALTURA DEL CABECERO:<\/strong> 95 cm<\/li>\n<li><strong>ANCHURA DEL CUERPO:<\/strong> 160 cm<\/li>\n<li><strong>ALTURA DEL MARCO:<\/strong> 25 cm<\/li>\n<\/ul>\n<ul>\n<li><strong>ANCHURA TOTAL:<\/strong> 180 cm<\/li>\n<li><strong>LARGO TOTAL:<\/strong> 220 cm<\/li>\n<li><strong>ALTURA DEL CABECERO:<\/strong> 95 cm<\/li>\n<li><strong>ANCHURA DEL CUERPO:<\/strong> 180 cm<\/li>\n<li><strong>ALTURA DEL MARCO:<\/strong> 25 cm<\/li>\n<\/ul>\n<p>Debido a la naturaleza artesanal del mobiliario, las dimensiones pueden variar en +\/- 3 cm.<\/p>\n<p><strong>Hecho a Pedido 5-7 semanas<\/strong><\/p>\n<\/div>\n","protected":false},"excerpt":{"rendered":"<p>HECHO EN EUROPA<\/p>\n","protected":false},"featured_media":46955,"template":"","meta":[],"product_brand":[],"product_cat":[656],"product_tag":[],"class_list":{"0":"post-48180","1":"product","2":"type-product","3":"status-publish","4":"has-post-thumbnail","6":"product_cat-beds-es","7":"product_shipping_class-pesado","10":"first","11":"instock","12":"shipping-taxable","13":"purchasable","14":"product-type-variable"},"_links":{"self":[{"href":"https:\/\/dominikahome.com\/es\/wp-json\/wp\/v2\/product\/48180","targetHints":{"allow":["GET"]}}],"collection":[{"href":"https:\/\/dominikahome.com\/es\/wp-json\/wp\/v2\/product"}],"about":[{"href":"https:\/\/dominikahome.com\/es\/wp-json\/wp\/v2\/types\/product"}],"wp:featuredmedia":[{"embeddable":true,"href":"https:\/\/dominikahome.com\/es\/wp-json\/wp\/v2\/media\/46955"}],"wp:attachment":[{"href":"https:\/\/dominikahome.com\/es\/wp-json\/wp\/v2\/media?parent=48180"}],"wp:term":[{"taxonomy":"product_brand","embeddable":true,"href":"https:\/\/dominikahome.com\/es\/wp-json\/wp\/v2\/product_brand?post=48180"},{"taxonomy":"product_cat","embeddable":true,"href":"https:\/\/dominikahome.com\/es\/wp-json\/wp\/v2\/product_cat?post=48180"},{"taxonomy":"product_tag","embeddable":true,"href":"https:\/\/dominikahome.com\/es\/wp-json\/wp\/v2\/product_tag?post=48180"}],"curies":[{"name":"wp","href":"https:\/\/api.w.org\/{rel}","templated":true}]}}