{"id":48201,"date":"2023-11-06T05:27:30","date_gmt":"2023-11-06T05:27:30","guid":{"rendered":"https:\/\/dominikahome.com\/product\/mesa-roble-carmen-85x85cm\/"},"modified":"2023-11-06T05:27:30","modified_gmt":"2023-11-06T05:27:30","slug":"mesa-roble-carmen-85x85cm","status":"publish","type":"product","link":"https:\/\/dominikahome.com\/es\/producto\/mesa-roble-carmen-85x85cm\/","title":{"rendered":"Mesa roble Carmen 85x85cm"},"content":{"rendered":"<p>La mesa Carmen es una recomendaci\u00f3n para interiores contempor\u00e1neos en un estilo tradicional, de ah\u00ed el uso de madera de roble. Tiene formas simples y s\u00f3lidas en combinaciones cl\u00e1sicas de carpinter\u00eda.<\/p>\n<h3>DIMENSIONES<\/h3>\n<table>\n<tbody>\n<tr>\n<td>Madera (tipo)<\/td>\n<td><strong>roble<\/strong><\/td>\n<\/tr>\n<tr>\n<td>Altura total (mm)<\/td>\n<td><strong>760<\/strong><\/td>\n<\/tr>\n<tr>\n<td>Profundidad total (mm)<\/td>\n<td><strong>850<\/strong><\/td>\n<\/tr>\n<tr>\n<td>Anchura total (mm)<\/td>\n<td><strong>850<\/strong><\/td>\n<\/tr>\n<tr>\n<td>Altura de la base (mesas) (mm)<\/td>\n<td><strong>640<\/strong><\/td>\n<\/tr>\n<tr>\n<td>Distancia entre patas (mesas) (mm)<\/td>\n<td><strong>500<\/strong><\/td>\n<\/tr>\n<tr>\n<td>Peso neto (kg)<\/td>\n<td><strong>22,4<\/strong><\/td>\n<\/tr>\n<tr>\n<td><\/td>\n<td><\/td>\n<\/tr>\n<tr>\n<td><\/td>\n<td><\/td>\n<\/tr>\n<\/tbody>\n<\/table>\n","protected":false},"excerpt":{"rendered":"<p>Fabricado en Europa<\/p>\n<p>Fabricado por encargo 5-6 semanas<\/p>\n","protected":false},"featured_media":46865,"template":"","meta":[],"product_brand":[254],"product_cat":[434,435],"product_tag":[650,621],"class_list":{"0":"post-48201","1":"product","2":"type-product","3":"status-publish","4":"has-post-thumbnail","6":"product_brand-fameg","7":"product_cat-mesa","8":"product_cat-mesa-de-comedor","9":"product_tag-mesa","10":"product_tag-mesa-de-comedor","11":"product_shipping_class-s-m-es","14":"first","15":"instock","16":"shipping-taxable","17":"purchasable","18":"product-type-simple"},"_links":{"self":[{"href":"https:\/\/dominikahome.com\/es\/wp-json\/wp\/v2\/product\/48201","targetHints":{"allow":["GET"]}}],"collection":[{"href":"https:\/\/dominikahome.com\/es\/wp-json\/wp\/v2\/product"}],"about":[{"href":"https:\/\/dominikahome.com\/es\/wp-json\/wp\/v2\/types\/product"}],"wp:featuredmedia":[{"embeddable":true,"href":"https:\/\/dominikahome.com\/es\/wp-json\/wp\/v2\/media\/46865"}],"wp:attachment":[{"href":"https:\/\/dominikahome.com\/es\/wp-json\/wp\/v2\/media?parent=48201"}],"wp:term":[{"taxonomy":"product_brand","embeddable":true,"href":"https:\/\/dominikahome.com\/es\/wp-json\/wp\/v2\/product_brand?post=48201"},{"taxonomy":"product_cat","embeddable":true,"href":"https:\/\/dominikahome.com\/es\/wp-json\/wp\/v2\/product_cat?post=48201"},{"taxonomy":"product_tag","embeddable":true,"href":"https:\/\/dominikahome.com\/es\/wp-json\/wp\/v2\/product_tag?post=48201"}],"curies":[{"name":"wp","href":"https:\/\/api.w.org\/{rel}","templated":true}]}}