{"id":48202,"date":"2023-11-06T05:11:53","date_gmt":"2023-11-06T05:11:53","guid":{"rendered":"https:\/\/dominikahome.com\/product\/mesa-de-haya-roma-80cm\/"},"modified":"2023-11-06T05:11:53","modified_gmt":"2023-11-06T05:11:53","slug":"mesa-de-haya-roma-80cm","status":"publish","type":"product","link":"https:\/\/dominikahome.com\/es\/producto\/mesa-de-haya-roma-80cm\/","title":{"rendered":"Mesa de haya Roma 80cm"},"content":{"rendered":"<h3>La elegante mesa Roma es un mueble fabricado con madera maciza de la m\u00e1s alta calidad, caracterizada por su durabilidad y aspecto est\u00e9tico. El mueble es altamente funcional. Se ver\u00e1 genial en casi cualquier habitaci\u00f3n, donde cumplir\u00e1 perfectamente su funci\u00f3n. La mesa tiene una parte superior redonda que descansa sobre una base compuesta por cuatro patas s\u00f3lidas, dobladas en un ligero arco. El grosor de la tapa es de 35 mm.<\/h3>\n<h3>DIMENSIONES<\/h3>\n<table style=\"height: 223px;\" width=\"431\">\n<tbody>\n<tr>\n<td>Madera (tipo)<\/td>\n<td><strong>haya<\/strong><\/td>\n<\/tr>\n<tr>\n<td>Altura total (mm)<\/td>\n<td><strong>700<\/strong><\/td>\n<\/tr>\n<tr>\n<td>Profundidad total (mm)<\/td>\n<td><strong>800<\/strong><\/td>\n<\/tr>\n<tr>\n<td>Anchura total (mm)<\/td>\n<td><strong>800<\/strong><\/td>\n<\/tr>\n<tr>\n<td>Altura de la base (mesas) (mm)<\/td>\n<td><strong>570<\/strong><\/td>\n<\/tr>\n<tr>\n<td><\/td>\n<td><\/td>\n<\/tr>\n<tr>\n<td><\/td>\n<td><\/td>\n<\/tr>\n<tr>\n<td><\/td>\n<td><\/td>\n<\/tr>\n<\/tbody>\n<\/table>\n","protected":false},"excerpt":{"rendered":"<p>Fabricado en Europa<\/p>\n<p>Fabricado por encargo 57 d\u00edas<\/p>\n","protected":false},"featured_media":47754,"template":"","meta":[],"product_brand":[735],"product_cat":[434,435],"product_tag":[650,621],"class_list":{"0":"post-48202","1":"product","2":"type-product","3":"status-publish","4":"has-post-thumbnail","6":"product_brand-fameg-es","7":"product_cat-mesa","8":"product_cat-mesa-de-comedor","9":"product_tag-mesa","10":"product_tag-mesa-de-comedor","13":"first","14":"instock","15":"shipping-taxable","16":"purchasable","17":"product-type-simple"},"_links":{"self":[{"href":"https:\/\/dominikahome.com\/es\/wp-json\/wp\/v2\/product\/48202","targetHints":{"allow":["GET"]}}],"collection":[{"href":"https:\/\/dominikahome.com\/es\/wp-json\/wp\/v2\/product"}],"about":[{"href":"https:\/\/dominikahome.com\/es\/wp-json\/wp\/v2\/types\/product"}],"wp:featuredmedia":[{"embeddable":true,"href":"https:\/\/dominikahome.com\/es\/wp-json\/wp\/v2\/media\/47754"}],"wp:attachment":[{"href":"https:\/\/dominikahome.com\/es\/wp-json\/wp\/v2\/media?parent=48202"}],"wp:term":[{"taxonomy":"product_brand","embeddable":true,"href":"https:\/\/dominikahome.com\/es\/wp-json\/wp\/v2\/product_brand?post=48202"},{"taxonomy":"product_cat","embeddable":true,"href":"https:\/\/dominikahome.com\/es\/wp-json\/wp\/v2\/product_cat?post=48202"},{"taxonomy":"product_tag","embeddable":true,"href":"https:\/\/dominikahome.com\/es\/wp-json\/wp\/v2\/product_tag?post=48202"}],"curies":[{"name":"wp","href":"https:\/\/api.w.org\/{rel}","templated":true}]}}