{"id":48218,"date":"2023-11-05T13:56:06","date_gmt":"2023-11-05T13:56:06","guid":{"rendered":"https:\/\/dominikahome.com\/product\/silla-de-madera-arcos-asiento-de-cuero\/"},"modified":"2023-11-05T13:56:06","modified_gmt":"2023-11-05T13:56:06","slug":"silla-de-madera-arcos-asiento-de-cuero","status":"publish","type":"product","link":"https:\/\/dominikahome.com\/es\/producto\/silla-de-madera-arcos-asiento-de-cuero\/","title":{"rendered":"Silla de madera Arcos -asiento de cuero"},"content":{"rendered":"<div class=\"desc heading-xs\">\n<p>La colecci\u00f3n Arcos es una familia moderna y original compuesta por: una silla, un sill\u00f3n, un taburete de bar, una mesa de caf\u00e9 y una mesa. Los muebles se caracterizan por una forma cubista y decidida que enfatiza la estructura y la belleza natural de la madera. Perfecto para personas que buscan formas modernas en una edici\u00f3n elegante.<\/p>\n<\/div>\n<table>\n<tbody>\n<tr>\n<td>Tipo de madera<\/td>\n<td><strong>haya<\/strong><\/td>\n<\/tr>\n<tr>\n<td>Altura total (mm)<\/td>\n<td><strong>880<\/strong><\/td>\n<\/tr>\n<tr>\n<td>Profundidad total (mm)<\/td>\n<td><strong>525<\/strong><\/td>\n<\/tr>\n<tr>\n<td>Anchura total (mm)<\/td>\n<td><strong>530<\/strong><\/td>\n<\/tr>\n<tr>\n<td>Altura del asiento (mm)<\/td>\n<td><strong>475<\/strong><\/td>\n<\/tr>\n<tr>\n<td>Peso neto (kg)<\/td>\n<td><strong>8,8<\/strong><\/td>\n<\/tr>\n<\/tbody>\n<\/table>\n<p>&nbsp;<\/p>\n<p>Fabricado en Europa<\/p>\n<p>Hecho a pedido 5-9 semanas<\/p>\n","protected":false},"excerpt":{"rendered":"<p>Fabricado en Europa<\/p>\n","protected":false},"featured_media":46317,"template":"","meta":[],"product_brand":[],"product_cat":[657],"product_tag":[],"class_list":{"0":"post-48218","1":"product","2":"type-product","3":"status-publish","4":"has-post-thumbnail","6":"product_cat-sillas-de-comedor","7":"product_shipping_class-silla","10":"first","11":"instock","12":"shipping-taxable","13":"purchasable","14":"product-type-simple"},"_links":{"self":[{"href":"https:\/\/dominikahome.com\/es\/wp-json\/wp\/v2\/product\/48218","targetHints":{"allow":["GET"]}}],"collection":[{"href":"https:\/\/dominikahome.com\/es\/wp-json\/wp\/v2\/product"}],"about":[{"href":"https:\/\/dominikahome.com\/es\/wp-json\/wp\/v2\/types\/product"}],"wp:featuredmedia":[{"embeddable":true,"href":"https:\/\/dominikahome.com\/es\/wp-json\/wp\/v2\/media\/46317"}],"wp:attachment":[{"href":"https:\/\/dominikahome.com\/es\/wp-json\/wp\/v2\/media?parent=48218"}],"wp:term":[{"taxonomy":"product_brand","embeddable":true,"href":"https:\/\/dominikahome.com\/es\/wp-json\/wp\/v2\/product_brand?post=48218"},{"taxonomy":"product_cat","embeddable":true,"href":"https:\/\/dominikahome.com\/es\/wp-json\/wp\/v2\/product_cat?post=48218"},{"taxonomy":"product_tag","embeddable":true,"href":"https:\/\/dominikahome.com\/es\/wp-json\/wp\/v2\/product_tag?post=48218"}],"curies":[{"name":"wp","href":"https:\/\/api.w.org\/{rel}","templated":true}]}}