{"id":48227,"date":"2023-11-05T13:37:07","date_gmt":"2023-11-05T13:37:07","guid":{"rendered":"https:\/\/dominikahome.com\/product\/silla-de-madera-kreta\/"},"modified":"2023-11-05T13:37:07","modified_gmt":"2023-11-05T13:37:07","slug":"silla-de-madera-kreta","status":"publish","type":"product","link":"https:\/\/dominikahome.com\/es\/producto\/silla-de-madera-kreta\/","title":{"rendered":"Silla de madera Kreta"},"content":{"rendered":"<div class=\"desc heading-xs\">\n<h2>Dimensiones<\/h2>\n<p>El modelo cl\u00e1sico hecho con la tecnolog\u00eda de curvado de madera de haya tradicional. El respaldo est\u00e1 hecho de listones de madera plana. El original fue creado en 1895.<\/p>\n<\/div>\n<div class=\"social-media marg-v-m\">\n<div class=\"addtoany_shortcode\">\n<div class=\"a2a_kit a2a_kit_size_48 addtoany_list\" data-a2a-url=\"https:\/\/fameg.pl\/en\/product\/a-8810-2-2\/\" data-a2a-title=\"8810\">\n<table style=\"height: 169px;\" width=\"426\">\n<tbody>\n<tr>\n<td>Madera (tipo)<\/td>\n<td><strong>Haya<\/strong><\/td>\n<\/tr>\n<tr>\n<td>Altura total (mm)<\/td>\n<td><strong>830<\/strong><\/td>\n<\/tr>\n<tr>\n<td>Profundidad total (mm)<\/td>\n<td><strong>470<\/strong><\/td>\n<\/tr>\n<tr>\n<td>Anchura total (mm)<\/td>\n<td><strong>460<\/strong><\/td>\n<\/tr>\n<tr>\n<td>Altura del asiento (mm)<\/td>\n<td><strong>460<\/strong><\/td>\n<\/tr>\n<tr>\n<td>Peso neto (kg)<\/td>\n<td><strong>3,6<\/strong><\/td>\n<\/tr>\n<\/tbody>\n<\/table>\n<p>Hecho por encargo 5-7 semanas<\/p>\n<\/p><\/div>\n<\/p><\/div>\n<\/div>\n","protected":false},"excerpt":{"rendered":"<p>HECHO EN EUROPA<\/p>\n","protected":false},"featured_media":46268,"template":"","meta":[],"product_brand":[254],"product_cat":[440,657],"product_tag":[618,607],"class_list":{"0":"post-48227","1":"product","2":"type-product","3":"status-publish","4":"has-post-thumbnail","6":"product_brand-fameg","7":"product_cat-silla-y-sillon","8":"product_cat-sillas-de-comedor","9":"product_tag-silla","10":"product_tag-silla-de-madera","11":"product_shipping_class-silla","14":"first","15":"instock","16":"shipping-taxable","17":"purchasable","18":"product-type-simple"},"_links":{"self":[{"href":"https:\/\/dominikahome.com\/es\/wp-json\/wp\/v2\/product\/48227","targetHints":{"allow":["GET"]}}],"collection":[{"href":"https:\/\/dominikahome.com\/es\/wp-json\/wp\/v2\/product"}],"about":[{"href":"https:\/\/dominikahome.com\/es\/wp-json\/wp\/v2\/types\/product"}],"wp:featuredmedia":[{"embeddable":true,"href":"https:\/\/dominikahome.com\/es\/wp-json\/wp\/v2\/media\/46268"}],"wp:attachment":[{"href":"https:\/\/dominikahome.com\/es\/wp-json\/wp\/v2\/media?parent=48227"}],"wp:term":[{"taxonomy":"product_brand","embeddable":true,"href":"https:\/\/dominikahome.com\/es\/wp-json\/wp\/v2\/product_brand?post=48227"},{"taxonomy":"product_cat","embeddable":true,"href":"https:\/\/dominikahome.com\/es\/wp-json\/wp\/v2\/product_cat?post=48227"},{"taxonomy":"product_tag","embeddable":true,"href":"https:\/\/dominikahome.com\/es\/wp-json\/wp\/v2\/product_tag?post=48227"}],"curies":[{"name":"wp","href":"https:\/\/api.w.org\/{rel}","templated":true}]}}