{"id":48234,"date":"2023-11-05T14:22:29","date_gmt":"2023-11-05T14:22:29","guid":{"rendered":"https:\/\/dominikahome.com\/product\/rosetta-por-kurt-skovby\/"},"modified":"2023-11-05T14:22:29","modified_gmt":"2023-11-05T14:22:29","slug":"rosetta-por-kurt-skovby","status":"publish","type":"product","link":"https:\/\/dominikahome.com\/es\/producto\/rosetta-por-kurt-skovby\/","title":{"rendered":"ROSETTA POR KURT SKOVBY"},"content":{"rendered":"<div class=\"rl_tabs nn_tabs outline_handles outline_content top align_left has_effects\" role=\"presentation\">\n<div class=\"tab-content\">\n<div id=\"opis\" class=\"tab-pane rl_tabs-pane nn_tabs-pane active\" role=\"tabpanel\" aria-labelledby=\"tab-opis\" aria-hidden=\"false\">\n<p>            Color: azul<\/p>\n<p>            Dimensiones: 89x95x96 cm<\/p>\n<p>            Altura del asiento: aproximadamente 44 cm.<\/p>\n<p>            <b>Elegancia en cada arreglo<\/b><\/p>\n<p>            La colecci\u00f3n Rosetta es <b>extremadamente chic<\/b> y transformar\u00e1 el car\u00e1cter de cualquier ambiente. Se ver\u00e1n geniales en <b>un sal\u00f3n cl\u00e1sico moderno<\/b>, <b>un vestidor<\/b> o <b>un dormitorio<\/b>. Tambi\u00e9n encontrar\u00e1n su lugar en una cafeter\u00eda, el vest\u00edbulo de un hotel o un sal\u00f3n de belleza, constituyendo <b>un elemento representativo del espacio.<\/b><\/p>\n<p>            <b>\u00bfQu\u00e9 hace \u00fanica a la colecci\u00f3n Rosetta?<\/b><\/p>\n<p>            &nbsp;<\/p>\n<ul>\n<li><b>Espuma HR altamente flexible<\/b> &#8211; un tipo de espuma de poliuretano anti-al\u00e9rgico con una estructura porosa y densa, que se utiliza en el asiento y el respaldo de los muebles Rosetta. Gracias a ello, los modelos se ajustan perfectamente al cuerpo y, al mismo tiempo, la espuma garantiza una buena circulaci\u00f3n de aire, evitando la acumulaci\u00f3n de microorganismos.<\/li>\n<li><b>Espuma de poliuretano frita<\/b> &#8211; hecha de espuma de poliuretano de la m\u00e1s alta calidad. La espuma se corta en peque\u00f1os trozos, com\u00fanmente conocidos como fritas, y llena el asiento de los muebles Rosetta.<\/b><\/li>\n<li><b>Plumas de ganso limpias<\/b> &#8211; llenan el asiento del mueble.<\/li>\n<\/ul>\n<p>            <b>Una combinaci\u00f3n de belleza y comodidad<\/b><\/p>\n<p>            La colecci\u00f3n Rosetta es la combinaci\u00f3n perfecta de confort y estilo. El asiento extremadamente suave de los muebles garantiza una comodidad total de uso, y el respaldo decorado con costuras verticales y una l\u00ednea ergon\u00f3mica le da a los modelos un hermoso car\u00e1cter cl\u00e1sico.<\/p>\n<p>            Hecho por encargo 5-12 semanas<\/p><\/div>\n<\/p><\/div>\n<\/div>\n","protected":false},"excerpt":{"rendered":"<p>HECHO EN EUROPA<\/p>\n","protected":false},"featured_media":46203,"template":"","meta":[],"product_brand":[],"product_cat":[439],"product_tag":[509],"class_list":{"0":"post-48234","1":"product","2":"type-product","3":"status-publish","4":"has-post-thumbnail","6":"product_cat-sillones","7":"product_tag-sillon","8":"product_shipping_class-silla","11":"first","12":"instock","13":"shipping-taxable","14":"purchasable","15":"product-type-simple"},"_links":{"self":[{"href":"https:\/\/dominikahome.com\/es\/wp-json\/wp\/v2\/product\/48234","targetHints":{"allow":["GET"]}}],"collection":[{"href":"https:\/\/dominikahome.com\/es\/wp-json\/wp\/v2\/product"}],"about":[{"href":"https:\/\/dominikahome.com\/es\/wp-json\/wp\/v2\/types\/product"}],"wp:featuredmedia":[{"embeddable":true,"href":"https:\/\/dominikahome.com\/es\/wp-json\/wp\/v2\/media\/46203"}],"wp:attachment":[{"href":"https:\/\/dominikahome.com\/es\/wp-json\/wp\/v2\/media?parent=48234"}],"wp:term":[{"taxonomy":"product_brand","embeddable":true,"href":"https:\/\/dominikahome.com\/es\/wp-json\/wp\/v2\/product_brand?post=48234"},{"taxonomy":"product_cat","embeddable":true,"href":"https:\/\/dominikahome.com\/es\/wp-json\/wp\/v2\/product_cat?post=48234"},{"taxonomy":"product_tag","embeddable":true,"href":"https:\/\/dominikahome.com\/es\/wp-json\/wp\/v2\/product_tag?post=48234"}],"curies":[{"name":"wp","href":"https:\/\/api.w.org\/{rel}","templated":true}]}}