{"id":48242,"date":"2023-11-05T12:13:58","date_gmt":"2023-11-05T12:13:58","guid":{"rendered":"https:\/\/dominikahome.com\/product\/escritorio-de-madera-maciza-voge-tamano-l\/"},"modified":"2023-11-05T12:13:58","modified_gmt":"2023-11-05T12:13:58","slug":"escritorio-de-madera-maciza-voge-tamano-l","status":"publish","type":"product","link":"https:\/\/dominikahome.com\/es\/producto\/escritorio-de-madera-maciza-voge-tamano-l\/","title":{"rendered":"Escritorio de madera maciza Voge tama\u00f1o L"},"content":{"rendered":"<p>Descubre un escritorio de madera para trabajar, aprender, jugar y m\u00e1s&#8230;<\/p>\n<div>\n<h1>Escritorio de madera con cajones voge L<\/h1>\n<\/div>\n<div>\n<h3>Escritorio de trabajo universal para la oficina, sala de estar o dormitorio<\/h3>\n<p>Nuestro escritorio voge L se distingue por su aplicaci\u00f3n universal. Independientemente del estilo que prefieras y de c\u00f3mo luzca tu interior, este modelo llenar\u00e1 perfectamente tu espacio. La superficie del escritorio, ligeramente inclinada, combina a la perfecci\u00f3n con las patas de metal minimalistas. Esta soluci\u00f3n se adaptar\u00e1 a cualquier habitaci\u00f3n, tanto en casa como en una oficina de dise\u00f1o. \u00bfNecesitas dimensiones diferentes? No hay problema, cont\u00e1ctanos y estaremos encantados de satisfacer tus necesidades y personalizar el mobiliario de madera.<\/p>\n<h3>Escritorios de madera en estilo escandinavo \u2013 elegantes y s\u00f3lidos<\/h3>\n<p>Durante la producci\u00f3n de los escritorios de estilo escandinavo, nos guiamos por la durabilidad, una construcci\u00f3n original, as\u00ed como por una pasi\u00f3n por el medio ambiente. Por eso, todos los materiales utilizados provienen de proveedores locales. La madera natural en forma de patas de roble y haya no solo es hermosa, sino tambi\u00e9n resistente. Pasar\u00e1s muchos momentos agradables con ella.<\/p>\n<h3>Orden y armon\u00eda con el escritorio de madera voge L<\/h3>\n<p>Puedes usar el escritorio de madera voge L como una pieza de mobiliario independiente, as\u00ed como complementando una composici\u00f3n estilizada. El color neutro es extremadamente pr\u00e1ctico. Tambi\u00e9n nota el espacio de almacenamiento cuidadosamente dise\u00f1ado. Un escritorio con cajones es extremadamente pr\u00e1ctico, ya que puedes guardar en \u00e9l los documentos o objetos necesarios.<\/p>\n<p><strong>dimensiones:<\/strong><br \/>\n        altura: 770 mm<br \/>\n        ancho: 1400 mm<br \/>\n        profundidad: 600 mm<\/p>\n<p><strong>peso:<\/strong><br \/>\n        30 kg<\/p>\n<p class=\"h4\">material<\/p>\n<div class=\"prose\">\n<p><strong>superficie y frente del caj\u00f3n<\/strong>:<br \/>\n        roble natural, grosor 19 mm, barniz semimate<\/p>\n<p><strong>patas y cuerpo del caj\u00f3n<\/strong>:<br \/>\n        haya maciza<\/p>\n<p><strong>cajones<\/strong>:<br \/>\n        contrachapado de madera dura, grosor 15 mm<\/p>\n<\/p><\/div>\n<p><strong>Entrega:<\/strong><\/p>\n<p>2-6 semanas<\/p>\n<\/div>\n","protected":false},"excerpt":{"rendered":"<p>FABRICADO EN EUROPA<\/p>\n<p>MADERA MACIZA<\/p>\n","protected":false},"featured_media":46131,"template":"","meta":[],"product_brand":[],"product_cat":[665],"product_tag":[559],"class_list":{"0":"post-48242","1":"product","2":"type-product","3":"status-publish","4":"has-post-thumbnail","6":"product_cat-escritorio","7":"product_tag-escritorio","8":"product_shipping_class-mediano","11":"first","12":"instock","13":"shipping-taxable","14":"purchasable","15":"product-type-variable"},"_links":{"self":[{"href":"https:\/\/dominikahome.com\/es\/wp-json\/wp\/v2\/product\/48242","targetHints":{"allow":["GET"]}}],"collection":[{"href":"https:\/\/dominikahome.com\/es\/wp-json\/wp\/v2\/product"}],"about":[{"href":"https:\/\/dominikahome.com\/es\/wp-json\/wp\/v2\/types\/product"}],"wp:featuredmedia":[{"embeddable":true,"href":"https:\/\/dominikahome.com\/es\/wp-json\/wp\/v2\/media\/46131"}],"wp:attachment":[{"href":"https:\/\/dominikahome.com\/es\/wp-json\/wp\/v2\/media?parent=48242"}],"wp:term":[{"taxonomy":"product_brand","embeddable":true,"href":"https:\/\/dominikahome.com\/es\/wp-json\/wp\/v2\/product_brand?post=48242"},{"taxonomy":"product_cat","embeddable":true,"href":"https:\/\/dominikahome.com\/es\/wp-json\/wp\/v2\/product_cat?post=48242"},{"taxonomy":"product_tag","embeddable":true,"href":"https:\/\/dominikahome.com\/es\/wp-json\/wp\/v2\/product_tag?post=48242"}],"curies":[{"name":"wp","href":"https:\/\/api.w.org\/{rel}","templated":true}]}}