{"id":48295,"date":"2023-11-05T11:49:25","date_gmt":"2023-11-05T11:49:25","guid":{"rendered":"https:\/\/dominikahome.com\/product\/mesita-de-noche-roble-trooty-negro\/"},"modified":"2023-11-05T11:49:25","modified_gmt":"2023-11-05T11:49:25","slug":"mesita-de-noche-roble-trooty-negro","status":"publish","type":"product","link":"https:\/\/dominikahome.com\/es\/producto\/mesita-de-noche-roble-trooty-negro\/","title":{"rendered":"Mesita de noche roble trooty negro"},"content":{"rendered":"<h3>Un mueble funcional para tu dormitorio<\/h3>\n<p>Con el tocador troost, puedes organizar eficientemente el espacio para tus t\u00edtulos favoritos, pero no solo eso. La estanter\u00eda inferior tiene un tope que evita que los objetos se caigan. Gracias al tocador, ganar\u00e1s un car\u00e1cter elegante y inusual en el dormitorio. Esto se debe a la construcci\u00f3n, as\u00ed como a los materiales atemporales de roble y madera de haya maciza.<\/p>\n<p>&nbsp;<\/p>\n<p><strong>dimensiones<\/strong> :<br \/>\naltura: 572 mm<br \/>\nancho: 475 mm<br \/>\nprofundidad: 378 mm<\/p>\n<p><strong>peso:<\/strong><br \/>\n8 kg<\/p>\n<p>Entrega: 1-6 semanas<\/p>\n","protected":false},"excerpt":{"rendered":"<p>HECHO EN EUROPA<\/p>\n","protected":false},"featured_media":46004,"template":"","meta":[],"product_brand":[],"product_cat":[676],"product_tag":[],"class_list":{"0":"post-48295","1":"product","2":"type-product","3":"status-publish","4":"has-post-thumbnail","6":"product_cat-mesita-de-noche","9":"first","10":"instock","11":"shipping-taxable","12":"purchasable","13":"product-type-simple"},"_links":{"self":[{"href":"https:\/\/dominikahome.com\/es\/wp-json\/wp\/v2\/product\/48295","targetHints":{"allow":["GET"]}}],"collection":[{"href":"https:\/\/dominikahome.com\/es\/wp-json\/wp\/v2\/product"}],"about":[{"href":"https:\/\/dominikahome.com\/es\/wp-json\/wp\/v2\/types\/product"}],"wp:featuredmedia":[{"embeddable":true,"href":"https:\/\/dominikahome.com\/es\/wp-json\/wp\/v2\/media\/46004"}],"wp:attachment":[{"href":"https:\/\/dominikahome.com\/es\/wp-json\/wp\/v2\/media?parent=48295"}],"wp:term":[{"taxonomy":"product_brand","embeddable":true,"href":"https:\/\/dominikahome.com\/es\/wp-json\/wp\/v2\/product_brand?post=48295"},{"taxonomy":"product_cat","embeddable":true,"href":"https:\/\/dominikahome.com\/es\/wp-json\/wp\/v2\/product_cat?post=48295"},{"taxonomy":"product_tag","embeddable":true,"href":"https:\/\/dominikahome.com\/es\/wp-json\/wp\/v2\/product_tag?post=48295"}],"curies":[{"name":"wp","href":"https:\/\/api.w.org\/{rel}","templated":true}]}}