{"id":48312,"date":"2023-11-05T11:46:26","date_gmt":"2023-11-05T11:46:26","guid":{"rendered":"https:\/\/dominikahome.com\/product\/mueble-de-tv-escandinavo-tromsolo\/"},"modified":"2023-11-05T11:46:26","modified_gmt":"2023-11-05T11:46:26","slug":"mueble-de-tv-escandinavo-tromsolo","status":"publish","type":"product","link":"https:\/\/dominikahome.com\/es\/producto\/mueble-de-tv-escandinavo-tromsolo\/","title":{"rendered":"Mueble de TV escandinavo Tromsolo"},"content":{"rendered":"<div class=\"vc_row wpb_row vc_row-fluid vc_custom_1463397378727\">\n<div class=\"wpb_column vc_column_container vc_col-sm-12\">\n<div class=\"vc_column-inner\">\n<div class=\"wpb_wrapper\">\n<div class=\"vc_row wpb_row vc_inner vc_row-fluid vc_custom_1464352280170 vc_row-has-fill vc_row-o-content-middle vc_row-flex\">\n<div class=\"wpb_column vc_column_container vc_col-sm-4\">\n<div class=\"vc_column-inner vc_custom_1463676770637\">\n<div class=\"wpb_wrapper\">\n<div class=\"wpb_text_column wpb_content_element vc_custom_1518787126926\">\n<div class=\"wpb_wrapper\">\n<h3>Cabinet para TV Tromsolo<\/h3>\n<p>                                        El nombre Tromsolo proviene de la capital del \u00c1rtico, caracterizada por hermosas vistas desde las cuales se puede ver la ciudad iluminada por la noche y, lo m\u00e1s importante, el fen\u00f3meno de las auroras boreales. El armario ser\u00e1 un gran toque final para la sala de estar y un lugar donde se colocar\u00e1 el equipo de audio y video. El uso de un estilo minimalista no perturbar\u00e1 la armon\u00eda en la habitaci\u00f3n, y la estructura de madera con un color c\u00e1lido animar\u00e1 el espacio.\n                                    <\/p><\/div>\n<\/p><\/div>\n<\/p><\/div>\n<\/p><\/div>\n<\/p><\/div>\n<\/p><\/div>\n<\/p><\/div>\n<\/p><\/div>\n<\/p><\/div>\n<\/div>\n<div class=\"vc_row wpb_row vc_row-fluid\">\n<div class=\"wpb_column vc_column_container vc_col-sm-12\">\n<div class=\"vc_column-inner\">\n<div class=\"wpb_wrapper\">\n<div class=\"vc_row wpb_row vc_inner vc_row-fluid vc_custom_1464352287945 vc_row-has-fill vc_row-o-content-middle vc_row-flex\">\n<div class=\"wpb_column vc_column_container vc_col-sm-8\">\n<div class=\"vc_column-inner vc_custom_1463678574500\">\n<div class=\"wpb_wrapper\">\n<div class=\"wpb_text_column wpb_content_element vc_custom_1518605832438 wid50\">\n<div class=\"wpb_wrapper\">\n<div class=\"wpb_text_column wpb_content_element vc_custom_1518605832438 wid50\">\n<div class=\"wpb_wrapper\">\n                                                El cabinet para TV Tromsolo se divide en tres segmentos. Dos de ellos est\u00e1n cubiertos con puertas de roble que se abren con un sistema de un solo toque. El tercero se caracteriza por un espacio abierto. Adem\u00e1s, cada segmento est\u00e1 equipado con una estanter\u00eda ajustable.<\/p>\n<p>                                                <strong>Datos t\u00e9cnicos<\/strong><\/p>\n<div class=\"wpb_column vc_column_container vc_col-sm-2\">\n<div class=\"vc_column-inner\">\n<div class=\"wpb_wrapper\">\n<div class=\"wpb_text_column wpb_content_element\">\n<div class=\"wpb_wrapper\">\n                                                                    <strong>dimensiones [mm]:<\/strong><br \/>\n                                                                    altura: 450 mm<br \/>\n                                                                    ancho: 1380 mm<br \/>\n                                                                    profundidad: 420 mm\n                                                                <\/div>\n<\/p><\/div>\n<\/p><\/div>\n<\/p><\/div>\n<\/p><\/div>\n<div class=\"wpb_column vc_column_container vc_col-sm-2\">\n<div class=\"vc_column-inner\">\n<div class=\"wpb_wrapper\">\n<div class=\"wpb_text_column wpb_content_element\">\n<div class=\"wpb_wrapper\">\n                                                                    <strong>material:<\/strong><br \/>\n                                                                    cuerpo y frentes: roble natural, grosor de 19 mm, barniz mate<br \/>\n                                                                    estantes: roble natural, grosor de 19 mm, barniz mate<br \/>\n                                                                    metal: barra rectangular completa<br \/>\n                                                                    color: RAL 9003 recubierto en polvo<br \/>\n                                                                    <strong>peso:<\/strong> 38 kg<br \/>\n                                                                    Hecho a pedido: 4-6 semanas\n                                                                <\/div>\n<\/p><\/div>\n<\/p><\/div>\n<\/p><\/div>\n<\/p><\/div>\n<\/p><\/div>\n<\/p><\/div>\n<\/p><\/div>\n<\/p><\/div>\n<\/p><\/div>\n<\/p><\/div>\n<\/p><\/div>\n<\/p><\/div>\n<\/p><\/div>\n<\/p><\/div>\n<\/p><\/div>\n<\/div>\n","protected":false},"excerpt":{"rendered":"<p>HECHO EN EUROPA<\/p>\n","protected":false},"featured_media":45786,"template":"","meta":[],"product_brand":[],"product_cat":[416],"product_tag":[449,600],"class_list":{"0":"post-48312","1":"product","2":"type-product","3":"status-publish","4":"has-post-thumbnail","6":"product_cat-uncategorized","7":"product_tag-madera-maciza","8":"product_tag-soporte-de-tv","11":"first","12":"instock","13":"shipping-taxable","14":"purchasable","15":"product-type-simple"},"_links":{"self":[{"href":"https:\/\/dominikahome.com\/es\/wp-json\/wp\/v2\/product\/48312","targetHints":{"allow":["GET"]}}],"collection":[{"href":"https:\/\/dominikahome.com\/es\/wp-json\/wp\/v2\/product"}],"about":[{"href":"https:\/\/dominikahome.com\/es\/wp-json\/wp\/v2\/types\/product"}],"wp:featuredmedia":[{"embeddable":true,"href":"https:\/\/dominikahome.com\/es\/wp-json\/wp\/v2\/media\/45786"}],"wp:attachment":[{"href":"https:\/\/dominikahome.com\/es\/wp-json\/wp\/v2\/media?parent=48312"}],"wp:term":[{"taxonomy":"product_brand","embeddable":true,"href":"https:\/\/dominikahome.com\/es\/wp-json\/wp\/v2\/product_brand?post=48312"},{"taxonomy":"product_cat","embeddable":true,"href":"https:\/\/dominikahome.com\/es\/wp-json\/wp\/v2\/product_cat?post=48312"},{"taxonomy":"product_tag","embeddable":true,"href":"https:\/\/dominikahome.com\/es\/wp-json\/wp\/v2\/product_tag?post=48312"}],"curies":[{"name":"wp","href":"https:\/\/api.w.org\/{rel}","templated":true}]}}