{"id":48316,"date":"2023-11-05T11:46:48","date_gmt":"2023-11-05T11:46:48","guid":{"rendered":"https:\/\/dominikahome.com\/product\/estanteria-noe\/"},"modified":"2023-11-05T11:46:48","modified_gmt":"2023-11-05T11:46:48","slug":"estanteria-noe","status":"publish","type":"product","link":"https:\/\/dominikahome.com\/es\/producto\/estanteria-noe\/","title":{"rendered":"Estanter\u00eda Noe"},"content":{"rendered":"<div class=\"vc_row wpb_row vc_row-fluid vc_custom_1463397378727\">\n<div class=\"wpb_column vc_column_container vc_col-sm-12\">\n<div class=\"vc_column-inner\">\n<div class=\"wpb_wrapper\">\n<div class=\"vc_row wpb_row vc_inner vc_row-fluid vc_custom_1464352036706 vc_row-has-fill vc_row-o-content-middle vc_row-flex\">\n<div class=\"wpb_column vc_column_container vc_col-sm-4\">\n<div class=\"vc_column-inner vc_custom_1463676770637\">\n<div class=\"wpb_wrapper\">\n<div class=\"wpb_text_column wpb_content_element vc_custom_1654168622311\">\n<div class=\"wpb_wrapper\">\n<h3>Sistema de estanter\u00edas Noe<\/h3>\n<p>                                        Si valoras dise\u00f1os de muebles que combinan intuici\u00f3n, funcionalidad y est\u00e9tica, la estanter\u00eda Noe atraer\u00e1 tu atenci\u00f3n. Est\u00e1 hecha de madera de roble, que se distingue por su nobleza y car\u00e1cter atemporal. Tambi\u00e9n a\u00f1ade un car\u00e1cter acogedor a todo el interior.<\/p>\n<p>                                        \u00bfQu\u00e9 vale la pena apreciar de la estanter\u00eda Noe? Porque tienes muchas opciones para configurar el mobiliario. Depende de ti cu\u00e1ntas estanter\u00edas habr\u00e1 al final. Gracias a esto, puedes ajustar el tama\u00f1o de la estanter\u00eda a las necesidades de tu interior. Los lados ligeramente redondeados y los postes de madera en forma de rodillo se adaptan pr\u00e1cticamente a cualquier disposici\u00f3n.\n                                    <\/p><\/div>\n<\/p><\/div>\n<\/p><\/div>\n<\/p><\/div>\n<\/p><\/div>\n<\/p><\/div>\n<\/p><\/div>\n<\/p><\/div>\n<\/p><\/div>\n<\/div>\n<div class=\"vc_row wpb_row vc_row-fluid\">\n<div class=\"wpb_column vc_column_container vc_col-sm-12\">\n<div class=\"vc_column-inner\">\n<div class=\"wpb_wrapper\">\n<div class=\"vc_row wpb_row vc_inner vc_row-fluid vc_custom_1464352046571 vc_row-has-fill vc_row-o-content-middle vc_row-flex\">\n<div class=\"wpb_column vc_column_container vc_col-sm-8\">\n<div class=\"vc_column-inner vc_custom_1463678574500\">\n<div class=\"wpb_wrapper\">\n<div class=\"wpb_text_column wpb_content_element vc_custom_1656341240720 wid50\">\n<div class=\"wpb_wrapper\">\n<div class=\"wpb_column vc_column_container vc_col-sm-2\">\n<div class=\"vc_column-inner\">\n<div class=\"wpb_wrapper\">\n<div class=\"wpb_text_column wpb_content_element\">\n<div class=\"wpb_wrapper\">\n                                                            <strong>dise\u00f1o:<\/strong> Wojciech Mierzwa<\/p>\n<p>                                                            <strong>tama\u00f1o S \u2013 3 estantes<\/strong><\/p>\n<p>                                                            <strong>dimensiones [mm]:<\/strong><br \/>\n                                                            altura: 880 mm<br \/>\n                                                            ancho: 1200 mm<br \/>\n                                                            profundidad: 330 mm<\/p>\n<p>                                                            <strong>material:<\/strong><br \/>\n                                                            madera: roble natural, grosor de 19 mm en las tablas, aceite mate<br \/>\n                                                            eje: roble natural, di\u00e1metro de 48 mm, aceite mate<br \/>\n                                                            placa de montaje: acero negro, grosor de 4 mm<\/p>\n<p>                                                            <strong>peso:<\/strong> 20 kg\n                                                        <\/div>\n<\/p><\/div>\n<\/p><\/div>\n<\/p><\/div>\n<\/p><\/div>\n<div class=\"wpb_column vc_column_container vc_col-sm-2\">\n<div class=\"vc_column-inner\">\n<div class=\"wpb_wrapper\">\n<div class=\"wpb_text_column wpb_content_element\">\n<div class=\"wpb_wrapper\">\n                                                            <strong>dise\u00f1o:<\/strong> Wojciech Mierzwa<\/p>\n<p>                                                            <strong>tama\u00f1o M &#8211; 4 estantes<\/strong><\/p>\n<p>                                                            <strong>dimensiones [mm]:<\/strong><br \/>\n                                                            altura: 1250 mm<br \/>\n                                                            ancho: 1200 mm<br \/>\n                                                            profundidad: 330 mm<\/p>\n<p>                                                            <strong>material:<\/strong><br \/>\n                                                            madera: roble natural, grosor de 19 mm en las tablas, aceite mate<br \/>\n                                                            eje: roble natural, di\u00e1metro de 48 mm, aceite mate<br \/>\n                                                            placa de montaje: acero negro, grosor de 4 mm<\/p>\n<p>                                                            <strong>peso:<\/strong> 24 kg\n                                                        <\/div>\n<\/p><\/div>\n<\/p><\/div>\n<\/p><\/div>\n<\/p><\/div>\n<div class=\"wpb_column vc_column_container vc_col-sm-2\">\n<div class=\"vc_column-inner\">\n<div class=\"wpb_wrapper\">\n<div class=\"wpb_text_column wpb_content_element\">\n<div class=\"wpb_wrapper\">\n                                                            <strong>dise\u00f1o:<\/strong> Wojciech Mierzwa<\/p>\n<p>                                                            <strong>tama\u00f1o L &#8211; 5 estantes<\/strong><\/p>\n<p>                                                            <strong>dimensiones [mm]:<\/strong><br \/>\n                                                            altura: 1620 mm<br \/>\n                                                            ancho: 1200 mm<br \/>\n                                                            profundidad: 330 mm<\/p>\n<p>                                                            <strong>material:<\/strong><br \/>\n                                                            madera: roble natural, grosor de 19 mm en las tablas, aceite mate<br \/>\n                                                            eje: roble natural, di\u00e1metro de 48 mm, aceite mate<br \/>\n                                                            placa de montaje: acero negro, grosor de 4 mm<\/p>\n<p>                                                            <strong>peso:<\/strong> 26 kg\n                                                        <\/div>\n<\/p><\/div>\n<\/p><\/div>\n<\/p><\/div>\n<\/p><\/div>\n<div class=\"wpb_column vc_column_container vc_col-sm-2\">\n<div class=\"vc_column-inner\">\n<div class=\"wpb_wrapper\">\n<div class=\"wpb_text_column wpb_content_element\">\n<div class=\"wpb_wrapper\"><\/div>\n<\/p><\/div>\n<\/p><\/div>\n<\/p><\/div>\n<\/p><\/div>\n<\/p><\/div>\n<\/p><\/div>\n<\/p><\/div>\n<\/p><\/div>\n<\/p><\/div>\n<\/p><\/div>\n<\/p><\/div>\n<\/p><\/div>\n<\/p><\/div>\n<\/div>\n","protected":false},"excerpt":{"rendered":"<p>Sistema de estanter\u00edas Noe Si valoras dise\u00f1os de muebles que combinan intuici\u00f3n, funcionalidad y est\u00e9tica, la estanter\u00eda Noe atraer\u00e1 tu atenci\u00f3n. Est\u00e1 hecha de madera de roble, que se distingue por su nobleza y car\u00e1cter atemporal. Tambi\u00e9n a\u00f1ade un car\u00e1cter acogedor a todo el interior. \u00bfQu\u00e9 vale la pena apreciar de la estanter\u00eda Noe? Porque [&hellip;]<\/p>\n","protected":false},"featured_media":45758,"template":"","meta":[],"product_brand":[],"product_cat":[416],"product_tag":[],"class_list":{"0":"post-48316","1":"product","2":"type-product","3":"status-publish","4":"has-post-thumbnail","6":"product_cat-uncategorized","9":"first","10":"outofstock","11":"shipping-taxable","12":"purchasable","13":"product-type-simple"},"_links":{"self":[{"href":"https:\/\/dominikahome.com\/es\/wp-json\/wp\/v2\/product\/48316","targetHints":{"allow":["GET"]}}],"collection":[{"href":"https:\/\/dominikahome.com\/es\/wp-json\/wp\/v2\/product"}],"about":[{"href":"https:\/\/dominikahome.com\/es\/wp-json\/wp\/v2\/types\/product"}],"wp:featuredmedia":[{"embeddable":true,"href":"https:\/\/dominikahome.com\/es\/wp-json\/wp\/v2\/media\/45758"}],"wp:attachment":[{"href":"https:\/\/dominikahome.com\/es\/wp-json\/wp\/v2\/media?parent=48316"}],"wp:term":[{"taxonomy":"product_brand","embeddable":true,"href":"https:\/\/dominikahome.com\/es\/wp-json\/wp\/v2\/product_brand?post=48316"},{"taxonomy":"product_cat","embeddable":true,"href":"https:\/\/dominikahome.com\/es\/wp-json\/wp\/v2\/product_cat?post=48316"},{"taxonomy":"product_tag","embeddable":true,"href":"https:\/\/dominikahome.com\/es\/wp-json\/wp\/v2\/product_tag?post=48316"}],"curies":[{"name":"wp","href":"https:\/\/api.w.org\/{rel}","templated":true}]}}