{"id":48317,"date":"2023-11-04T18:01:58","date_gmt":"2023-11-04T18:01:58","guid":{"rendered":"https:\/\/dominikahome.com\/product\/sofa-foggia\/"},"modified":"2023-11-04T18:01:58","modified_gmt":"2023-11-04T18:01:58","slug":"sofa-foggia","status":"publish","type":"product","link":"https:\/\/dominikahome.com\/es\/producto\/sofa-foggia\/","title":{"rendered":"Sof\u00e1 Foggia"},"content":{"rendered":"<p><strong>Ventajas del modelo Foggia:<\/strong><br \/>\n\u2013 Los muelles de ola dan la impresi\u00f3n de que el asiento se vuelve m\u00e1s flexible y constituyen una excelente base para la espuma de alta elasticidad.<br \/>\n\u2013 Posibilidad de elegir un tejido de colecciones dedicadas, incluyendo tejidos f\u00e1ciles de limpiar.<br \/>\n\u2013 Asientos y respaldos perfectamente ajustados a la forma anat\u00f3mica del cuerpo humano, garantizando un confort excepcional y una ergonom\u00eda \u00f3ptima en el uso del mobiliario.<br \/>\n\u2013 La espuma altamente el\u00e1stica aumenta la resistencia y elasticidad del asiento, previniendo deformaciones antiest\u00e9ticas en lugares de uso frecuente.<\/p>\n<p><strong>Dimensiones:<\/strong><br \/>\nancho: 290 cm<br \/>\nprofundidad: 104 cm<br \/>\naltura: 72 cm<\/p>\n<p><strong>Color:<\/strong> gris<\/p>\n<p><strong>Hecho en Europa<\/strong><\/p>\n<p><strong>Hecho por encargo:<\/strong> 5-7 semanas<\/p>\n","protected":false},"excerpt":{"rendered":"<p>HECHO EN EUROPA<\/p>\n","protected":false},"featured_media":45699,"template":"","meta":[],"product_brand":[743],"product_cat":[674],"product_tag":[592],"class_list":{"0":"post-48317","1":"product","2":"type-product","3":"status-publish","4":"has-post-thumbnail","6":"product_brand-befa-es","7":"product_cat-sofas-es","8":"product_tag-sofa-es","9":"product_shipping_class-pesado","12":"first","13":"instock","14":"shipping-taxable","15":"purchasable","16":"product-type-simple"},"_links":{"self":[{"href":"https:\/\/dominikahome.com\/es\/wp-json\/wp\/v2\/product\/48317","targetHints":{"allow":["GET"]}}],"collection":[{"href":"https:\/\/dominikahome.com\/es\/wp-json\/wp\/v2\/product"}],"about":[{"href":"https:\/\/dominikahome.com\/es\/wp-json\/wp\/v2\/types\/product"}],"wp:featuredmedia":[{"embeddable":true,"href":"https:\/\/dominikahome.com\/es\/wp-json\/wp\/v2\/media\/45699"}],"wp:attachment":[{"href":"https:\/\/dominikahome.com\/es\/wp-json\/wp\/v2\/media?parent=48317"}],"wp:term":[{"taxonomy":"product_brand","embeddable":true,"href":"https:\/\/dominikahome.com\/es\/wp-json\/wp\/v2\/product_brand?post=48317"},{"taxonomy":"product_cat","embeddable":true,"href":"https:\/\/dominikahome.com\/es\/wp-json\/wp\/v2\/product_cat?post=48317"},{"taxonomy":"product_tag","embeddable":true,"href":"https:\/\/dominikahome.com\/es\/wp-json\/wp\/v2\/product_tag?post=48317"}],"curies":[{"name":"wp","href":"https:\/\/api.w.org\/{rel}","templated":true}]}}