{"id":48333,"date":"2023-11-04T15:12:33","date_gmt":"2023-11-04T15:12:33","guid":{"rendered":"https:\/\/dominikahome.com\/product\/sillon-lungo\/"},"modified":"2023-11-04T15:12:33","modified_gmt":"2023-11-04T15:12:33","slug":"sillon-lungo","status":"publish","type":"product","link":"https:\/\/dominikahome.com\/es\/producto\/sillon-lungo\/","title":{"rendered":"Sill\u00f3n Lungo"},"content":{"rendered":"<p>La suavidad, lograda gracias a la espuma altamente el\u00e1stica de la m\u00e1s alta calidad, es excelente.<\/p>\n<p>El respaldo contorneado y el c\u00f3modo reposapi\u00e9s garantizan comodidad incluso cuando deseas sentarte un poco m\u00e1s tiempo. Es una silla giratoria, por lo que puedes pasar de leer libros a admirar la vista por la ventana sin moverte de tu asiento.<\/p>\n<p><img decoding=\"async\" src=\"https:\/\/befame.com\/wp-content\/uploads\/2021\/05\/lungo-armchair-300x300.jpg\" alt=\"\" title=\"\"><\/p>\n","protected":false},"excerpt":{"rendered":"<p>Fabricado en Europa<\/p>\n<p>F\u00e1cil de limpiar<\/p>\n<p>Fabricado por encargo<\/p>\n","protected":false},"featured_media":47755,"template":"","meta":[],"product_brand":[302],"product_cat":[439],"product_tag":[509],"class_list":{"0":"post-48333","1":"product","2":"type-product","3":"status-publish","4":"has-post-thumbnail","6":"product_brand-befa","7":"product_cat-sillones","8":"product_tag-sillon","9":"product_shipping_class-silla","12":"first","13":"instock","14":"shipping-taxable","15":"purchasable","16":"product-type-variable"},"_links":{"self":[{"href":"https:\/\/dominikahome.com\/es\/wp-json\/wp\/v2\/product\/48333","targetHints":{"allow":["GET"]}}],"collection":[{"href":"https:\/\/dominikahome.com\/es\/wp-json\/wp\/v2\/product"}],"about":[{"href":"https:\/\/dominikahome.com\/es\/wp-json\/wp\/v2\/types\/product"}],"wp:featuredmedia":[{"embeddable":true,"href":"https:\/\/dominikahome.com\/es\/wp-json\/wp\/v2\/media\/47755"}],"wp:attachment":[{"href":"https:\/\/dominikahome.com\/es\/wp-json\/wp\/v2\/media?parent=48333"}],"wp:term":[{"taxonomy":"product_brand","embeddable":true,"href":"https:\/\/dominikahome.com\/es\/wp-json\/wp\/v2\/product_brand?post=48333"},{"taxonomy":"product_cat","embeddable":true,"href":"https:\/\/dominikahome.com\/es\/wp-json\/wp\/v2\/product_cat?post=48333"},{"taxonomy":"product_tag","embeddable":true,"href":"https:\/\/dominikahome.com\/es\/wp-json\/wp\/v2\/product_tag?post=48333"}],"curies":[{"name":"wp","href":"https:\/\/api.w.org\/{rel}","templated":true}]}}