{"id":48339,"date":"2023-11-04T15:05:43","date_gmt":"2023-11-04T15:05:43","guid":{"rendered":"https:\/\/dominikahome.com\/product\/sillon-ila\/"},"modified":"2023-11-04T15:05:43","modified_gmt":"2023-11-04T15:05:43","slug":"sillon-ila","status":"publish","type":"product","link":"https:\/\/dominikahome.com\/es\/producto\/sillon-ila\/","title":{"rendered":"Sill\u00f3n Ila"},"content":{"rendered":"<p>La silla Ila ha sido dise\u00f1ada para adaptarse tanto a interiores cl\u00e1sicos como modernos. Las formas arm\u00f3nicas y agradablemente redondeadas se combinan perfectamente con la comodidad de uso. El ajuste perfecto del asiento y el respaldo a la forma anat\u00f3mica del cuerpo humano asegura un confort y una ergonom\u00eda excepcionales en el mobiliario.<\/p>\n<p>Color: Rosa<\/p>\n<p>&nbsp;<\/p>\n<p><img decoding=\"async\" src=\"https:\/\/befame.com\/wp-content\/uploads\/2021\/12\/Ila-290x300.png\" alt=\"\" title=\"\"><\/p>\n<p>Fabricado en Europa<\/p>\n<p>Hecho a medida, 5-7 semanas<\/p>\n","protected":false},"excerpt":{"rendered":"<p>La silla Ila ha sido dise\u00f1ada para adaptarse tanto a interiores cl\u00e1sicos como modernos. Las formas arm\u00f3nicas y agradablemente redondeadas se combinan perfectamente con la comodidad de uso. El ajuste perfecto del asiento y el respaldo a la forma anat\u00f3mica del cuerpo humano asegura un confort y una ergonom\u00eda excepcionales en el mobiliario. Color: Rosa [&hellip;]<\/p>\n","protected":false},"featured_media":45545,"template":"","meta":[],"product_brand":[],"product_cat":[439],"product_tag":[],"class_list":{"0":"post-48339","1":"product","2":"type-product","3":"status-publish","4":"has-post-thumbnail","6":"product_cat-sillones","7":"product_shipping_class-silla","10":"first","11":"instock","12":"shipping-taxable","13":"purchasable","14":"product-type-simple"},"_links":{"self":[{"href":"https:\/\/dominikahome.com\/es\/wp-json\/wp\/v2\/product\/48339","targetHints":{"allow":["GET"]}}],"collection":[{"href":"https:\/\/dominikahome.com\/es\/wp-json\/wp\/v2\/product"}],"about":[{"href":"https:\/\/dominikahome.com\/es\/wp-json\/wp\/v2\/types\/product"}],"wp:featuredmedia":[{"embeddable":true,"href":"https:\/\/dominikahome.com\/es\/wp-json\/wp\/v2\/media\/45545"}],"wp:attachment":[{"href":"https:\/\/dominikahome.com\/es\/wp-json\/wp\/v2\/media?parent=48339"}],"wp:term":[{"taxonomy":"product_brand","embeddable":true,"href":"https:\/\/dominikahome.com\/es\/wp-json\/wp\/v2\/product_brand?post=48339"},{"taxonomy":"product_cat","embeddable":true,"href":"https:\/\/dominikahome.com\/es\/wp-json\/wp\/v2\/product_cat?post=48339"},{"taxonomy":"product_tag","embeddable":true,"href":"https:\/\/dominikahome.com\/es\/wp-json\/wp\/v2\/product_tag?post=48339"}],"curies":[{"name":"wp","href":"https:\/\/api.w.org\/{rel}","templated":true}]}}