{"id":48340,"date":"2023-11-04T14:55:26","date_gmt":"2023-11-04T14:55:26","guid":{"rendered":"https:\/\/dominikahome.com\/product\/espejo-conejo\/"},"modified":"2023-11-04T14:55:26","modified_gmt":"2023-11-04T14:55:26","slug":"espejo-conejo","status":"publish","type":"product","link":"https:\/\/dominikahome.com\/es\/producto\/espejo-conejo\/","title":{"rendered":"ESPEJO CONEJO"},"content":{"rendered":"<div class=\"product-tab\" data-tab=\"box_description\">\n<div class=\"innerbox\">\n<div class=\"resetcss\">\n<p>Este espejo est\u00e1 hecho de 100% rat\u00e1n natural, hecho a mano por los mejores artesanos de Indonesia.<\/p>\n<p>Es un complemento perfecto para la habitaci\u00f3n de un ni\u00f1o.<\/p>\n<p>Un gran elemento decorativo en el hogar de tu hijo, este adorable y \u00fanico espejo con orejas de conejo, hecho a mano, aportar\u00e1 una atm\u00f3sfera brillante a la habitaci\u00f3n de tu peque\u00f1o.<\/p>\n<p>Dimensiones:<\/p>\n<p>&#8211; Di\u00e1metro: 20 cm (solo el espejo)<\/p>\n<p>&#8211; Di\u00e1metro: 25 cm (con marco)<\/p>\n<\/div>\n<\/div>\n<\/div>\n<div class=\"product-tab\" data-tab=\"box_description\">\n<div class=\"innerbox tab-content product-attributes zebra\"><\/div>\n<\/div>\n","protected":false},"excerpt":{"rendered":"<p>Este espejo est\u00e1 hecho de 100% rat\u00e1n natural, hecho a mano por los mejores artesanos de Indonesia. Es un complemento perfecto para la habitaci\u00f3n de un ni\u00f1o. Un gran elemento decorativo en el hogar de tu hijo, este adorable y \u00fanico espejo con orejas de conejo, hecho a mano, aportar\u00e1 una atm\u00f3sfera brillante a la [&hellip;]<\/p>\n","protected":false},"featured_media":45518,"template":"","meta":[],"product_brand":[274],"product_cat":[460,661],"product_tag":[425],"class_list":{"0":"post-48340","1":"product","2":"type-product","3":"status-publish","4":"has-post-thumbnail","6":"product_brand-monnari","7":"product_cat-ninos","8":"product_cat-decoraciones","9":"product_tag-ratan-natural","10":"product_shipping_class-pequeno","13":"first","14":"instock","15":"shipping-taxable","16":"purchasable","17":"product-type-simple"},"_links":{"self":[{"href":"https:\/\/dominikahome.com\/es\/wp-json\/wp\/v2\/product\/48340","targetHints":{"allow":["GET"]}}],"collection":[{"href":"https:\/\/dominikahome.com\/es\/wp-json\/wp\/v2\/product"}],"about":[{"href":"https:\/\/dominikahome.com\/es\/wp-json\/wp\/v2\/types\/product"}],"wp:featuredmedia":[{"embeddable":true,"href":"https:\/\/dominikahome.com\/es\/wp-json\/wp\/v2\/media\/45518"}],"wp:attachment":[{"href":"https:\/\/dominikahome.com\/es\/wp-json\/wp\/v2\/media?parent=48340"}],"wp:term":[{"taxonomy":"product_brand","embeddable":true,"href":"https:\/\/dominikahome.com\/es\/wp-json\/wp\/v2\/product_brand?post=48340"},{"taxonomy":"product_cat","embeddable":true,"href":"https:\/\/dominikahome.com\/es\/wp-json\/wp\/v2\/product_cat?post=48340"},{"taxonomy":"product_tag","embeddable":true,"href":"https:\/\/dominikahome.com\/es\/wp-json\/wp\/v2\/product_tag?post=48340"}],"curies":[{"name":"wp","href":"https:\/\/api.w.org\/{rel}","templated":true}]}}