{"id":48341,"date":"2023-11-04T14:55:00","date_gmt":"2023-11-04T14:55:00","guid":{"rendered":"https:\/\/dominikahome.com\/product\/johnny-hanger\/"},"modified":"2023-11-04T14:55:00","modified_gmt":"2023-11-04T14:55:00","slug":"johnny-hanger","status":"publish","type":"product","link":"https:\/\/dominikahome.com\/es\/producto\/johnny-hanger\/","title":{"rendered":"JOHNNY HANGER"},"content":{"rendered":"<p>Soporte de rat\u00e1n Jonny para toallas o pa\u00f1os de cocina.<\/p>\n<p>El aspecto \u00fanico y la funcionalidad dar\u00e1n a tu interior calidez y originalidad.<\/p>\n<p>Perfecto para el ba\u00f1o, el hall o la cocina.<\/p>\n<p>El colgador es un complemento perfecto para una decoraci\u00f3n original.<\/p>\n<p>&nbsp;<\/p>\n<p><strong>Dimensiones:<\/strong><\/p>\n<p>Di\u00e1metro total: 25 cm<\/p>\n<p>Di\u00e1metro del mango: 20 cm<\/p>\n","protected":false},"excerpt":{"rendered":"<p>Soporte de rat\u00e1n Jonny para toallas o pa\u00f1os de cocina. El aspecto \u00fanico y la funcionalidad dar\u00e1n a tu interior calidez y originalidad. Perfecto para el ba\u00f1o, el hall o la cocina. El colgador es un complemento perfecto para una decoraci\u00f3n original. &nbsp; Dimensiones: Di\u00e1metro total: 25 cm Di\u00e1metro del mango: 20 cm<\/p>\n","protected":false},"featured_media":45514,"template":"","meta":[],"product_brand":[274],"product_cat":[421,655],"product_tag":[568,425],"class_list":{"0":"post-48341","1":"product","2":"type-product","3":"status-publish","4":"has-post-thumbnail","6":"product_brand-monnari","7":"product_cat-accesorios-de-cocina","8":"product_cat-accesorios-para-el-bano","9":"product_tag-hecho-a-mano","10":"product_tag-ratan-natural","11":"product_shipping_class-pequeno","14":"first","15":"instock","16":"shipping-taxable","17":"purchasable","18":"product-type-simple"},"_links":{"self":[{"href":"https:\/\/dominikahome.com\/es\/wp-json\/wp\/v2\/product\/48341","targetHints":{"allow":["GET"]}}],"collection":[{"href":"https:\/\/dominikahome.com\/es\/wp-json\/wp\/v2\/product"}],"about":[{"href":"https:\/\/dominikahome.com\/es\/wp-json\/wp\/v2\/types\/product"}],"wp:featuredmedia":[{"embeddable":true,"href":"https:\/\/dominikahome.com\/es\/wp-json\/wp\/v2\/media\/45514"}],"wp:attachment":[{"href":"https:\/\/dominikahome.com\/es\/wp-json\/wp\/v2\/media?parent=48341"}],"wp:term":[{"taxonomy":"product_brand","embeddable":true,"href":"https:\/\/dominikahome.com\/es\/wp-json\/wp\/v2\/product_brand?post=48341"},{"taxonomy":"product_cat","embeddable":true,"href":"https:\/\/dominikahome.com\/es\/wp-json\/wp\/v2\/product_cat?post=48341"},{"taxonomy":"product_tag","embeddable":true,"href":"https:\/\/dominikahome.com\/es\/wp-json\/wp\/v2\/product_tag?post=48341"}],"curies":[{"name":"wp","href":"https:\/\/api.w.org\/{rel}","templated":true}]}}