{"id":48343,"date":"2023-11-04T14:50:49","date_gmt":"2023-11-04T14:50:49","guid":{"rendered":"https:\/\/dominikahome.com\/product\/contenedor-de-papel-oriana\/"},"modified":"2023-11-04T14:50:49","modified_gmt":"2023-11-04T14:50:49","slug":"contenedor-de-papel-oriana","status":"publish","type":"product","link":"https:\/\/dominikahome.com\/es\/producto\/contenedor-de-papel-oriana\/","title":{"rendered":"CONTENEDOR DE PAPEL ORIANA"},"content":{"rendered":"<div class=\"product-tab\" data-tab=\"box_description\">\n<div class=\"innerbox\">\n<div class=\"resetcss\">\n<p>      Contenedor de papel de ratan INKA<\/p>\n<p>      El contenedor de papel higi\u00e9nico INKA es una soluci\u00f3n ideal para quienes valoran una opci\u00f3n est\u00e9tica para almacenar papel higi\u00e9nico en el ba\u00f1o.<\/p>\n<p>      Fue hecho a mano con rattan ecol\u00f3gico en Bali por artesanos indonesios.<\/p>\n<p>      &nbsp;<\/p>\n<p>      <strong>Dimensiones:<\/strong><\/p>\n<p>      Altura total: 61 cm<\/p>\n<p>      Altura del contenedor: 45 cm<\/p>\n<p>      Altura de la tapa: 6 cm<\/p>\n<p>      Di\u00e1metro del contenedor: 16 cm<\/p><\/div>\n<\/p><\/div>\n<\/div>\n<div class=\"product-tab\" data-tab=\"box_description\">\n<div class=\"innerbox tab-content product-attributes zebra\"><\/div>\n<\/div>\n","protected":false},"excerpt":{"rendered":"<p>Contenedor de papel de ratan INKA El contenedor de papel higi\u00e9nico INKA es una soluci\u00f3n ideal para quienes valoran una opci\u00f3n est\u00e9tica para almacenar papel higi\u00e9nico en el ba\u00f1o. Fue hecho a mano con rattan ecol\u00f3gico en Bali por artesanos indonesios. &nbsp; Dimensiones: Altura total: 61 cm Altura del contenedor: 45 cm Altura de la [&hellip;]<\/p>\n","protected":false},"featured_media":45507,"template":"","meta":[],"product_brand":[274],"product_cat":[655],"product_tag":[568,425],"class_list":{"0":"post-48343","1":"product","2":"type-product","3":"status-publish","4":"has-post-thumbnail","6":"product_brand-monnari","7":"product_cat-accesorios-para-el-bano","8":"product_tag-hecho-a-mano","9":"product_tag-ratan-natural","10":"product_shipping_class-pequeno","13":"first","14":"instock","15":"shipping-taxable","16":"purchasable","17":"product-type-simple"},"_links":{"self":[{"href":"https:\/\/dominikahome.com\/es\/wp-json\/wp\/v2\/product\/48343","targetHints":{"allow":["GET"]}}],"collection":[{"href":"https:\/\/dominikahome.com\/es\/wp-json\/wp\/v2\/product"}],"about":[{"href":"https:\/\/dominikahome.com\/es\/wp-json\/wp\/v2\/types\/product"}],"wp:featuredmedia":[{"embeddable":true,"href":"https:\/\/dominikahome.com\/es\/wp-json\/wp\/v2\/media\/45507"}],"wp:attachment":[{"href":"https:\/\/dominikahome.com\/es\/wp-json\/wp\/v2\/media?parent=48343"}],"wp:term":[{"taxonomy":"product_brand","embeddable":true,"href":"https:\/\/dominikahome.com\/es\/wp-json\/wp\/v2\/product_brand?post=48343"},{"taxonomy":"product_cat","embeddable":true,"href":"https:\/\/dominikahome.com\/es\/wp-json\/wp\/v2\/product_cat?post=48343"},{"taxonomy":"product_tag","embeddable":true,"href":"https:\/\/dominikahome.com\/es\/wp-json\/wp\/v2\/product_tag?post=48343"}],"curies":[{"name":"wp","href":"https:\/\/api.w.org\/{rel}","templated":true}]}}