{"id":48344,"date":"2023-11-04T14:48:56","date_gmt":"2023-11-04T14:48:56","guid":{"rendered":"https:\/\/dominikahome.com\/product\/cesta-de-oriana-billy\/"},"modified":"2023-11-04T14:48:56","modified_gmt":"2023-11-04T14:48:56","slug":"cesta-de-oriana-billy","status":"publish","type":"product","link":"https:\/\/dominikahome.com\/es\/producto\/cesta-de-oriana-billy\/","title":{"rendered":"CESTA DE ORIANA Billy"},"content":{"rendered":"<p><strong>La cesta ORIANA Billy<\/strong> con tapa fue <strong>hecha a mano<\/strong> por artesanos indonesios a partir de rattan natural.<\/p>\n<p>Un acabado preciso y s\u00f3lido le da un aspecto hermoso y \u00fanico en cualquier habitaci\u00f3n.<\/p>\n<p><strong>Cesta<\/strong> en el color de rattan natural.<\/p>\n<p>El tama\u00f1o de la cesta permite almacenar m\u00e1s ropa.<\/p>\n<p>El centro de la cesta est\u00e1 forrado con material blanco, lo que hace que los art\u00edculos o la ropa almacenados sean m\u00e1s est\u00e9ticos.<\/p>\n<p><strong>Incluido:<\/strong><\/p>\n<p>Cesta con relleno de tela blanca y una tapa con un asa.<\/p>\n<p>Hay asas hechas a mano en los lados para un transporte m\u00e1s conveniente.<\/p>\n<p>Perfecta para el ba\u00f1o, la sala de estar, la habitaci\u00f3n de los ni\u00f1os y la terraza.<\/p>\n<p><strong>Dimensiones:<\/strong><\/p>\n<p>Altura: 54 cm<\/p>\n<p>Ancho: 39 cm<\/p>\n<p>&nbsp;<\/p>\n<p>En algunos casos, las im\u00e1genes, medidas y colores, as\u00ed como sus nombres, son solo indicativos. Todo lo que se visualiza en la pantalla puede estar distorsionado por muchos factores, incluyendo la calibraci\u00f3n de la pantalla, la iluminaci\u00f3n ambiental, el \u00e1ngulo de visi\u00f3n, etc. Si el cliente desea conocer esta informaci\u00f3n en detalle, por favor consulte a nuestro servicio t\u00e9cnico, ya que las devoluciones por razones t\u00e9cnicas ser\u00e1n a su cargo.<\/p>\n<p>&nbsp;<\/p>\n<div class=\"label collapsible-trigger-btn collapsible-trigger-btn--borders\"><strong>PROPIEDADES Y MANTENIMIENTO<\/strong><\/div>\n<div id=\"Product-content-1-4523571740807\" class=\"collapsible-content collapsible-content--expanded\">\n<div class=\"collapsible-content__inner rte\">\n<p>El mueble de rattan no requiere un cuidado especial. El mueble se puede limpiar f\u00e1cilmente con un pa\u00f1o con un limpiador suave o incluso sin \u00e9l.<\/p>\n<p>El mueble de rattan est\u00e1 destinado para uso en interiores o debe usarse al aire libre bajo un techo, porque el rattan natural no tolera la humedad y no debe estar expuesto a la lluvia. La lluvia puede causar moretones y decoloraci\u00f3n del material.<\/p>\n<p>El mueble de rattan no debe almacenarse al aire libre en invierno, ya que el rattan natural es sensible a las bajas temperaturas, lo que puede causar decoloraci\u00f3n, deformaci\u00f3n y grietas.<\/p>\n<\/div>\n<\/div>\n","protected":false},"excerpt":{"rendered":"<p>La cesta ORIANA Billy con tapa fue hecha a mano por artesanos indonesios a partir de rattan natural. Un acabado preciso y s\u00f3lido le da un aspecto hermoso y \u00fanico en cualquier habitaci\u00f3n. Cesta en el color de rattan natural. El tama\u00f1o de la cesta permite almacenar m\u00e1s ropa. El centro de la cesta est\u00e1 [&hellip;]<\/p>\n","protected":false},"featured_media":45496,"template":"","meta":[],"product_brand":[274],"product_cat":[655,663,661],"product_tag":[568,425],"class_list":{"0":"post-48344","1":"product","2":"type-product","3":"status-publish","4":"has-post-thumbnail","6":"product_brand-monnari","7":"product_cat-accesorios-para-el-bano","8":"product_cat-cesta","9":"product_cat-decoraciones","10":"product_tag-hecho-a-mano","11":"product_tag-ratan-natural","12":"product_shipping_class-pequeno","15":"first","16":"instock","17":"shipping-taxable","18":"purchasable","19":"product-type-simple"},"_links":{"self":[{"href":"https:\/\/dominikahome.com\/es\/wp-json\/wp\/v2\/product\/48344","targetHints":{"allow":["GET"]}}],"collection":[{"href":"https:\/\/dominikahome.com\/es\/wp-json\/wp\/v2\/product"}],"about":[{"href":"https:\/\/dominikahome.com\/es\/wp-json\/wp\/v2\/types\/product"}],"wp:featuredmedia":[{"embeddable":true,"href":"https:\/\/dominikahome.com\/es\/wp-json\/wp\/v2\/media\/45496"}],"wp:attachment":[{"href":"https:\/\/dominikahome.com\/es\/wp-json\/wp\/v2\/media?parent=48344"}],"wp:term":[{"taxonomy":"product_brand","embeddable":true,"href":"https:\/\/dominikahome.com\/es\/wp-json\/wp\/v2\/product_brand?post=48344"},{"taxonomy":"product_cat","embeddable":true,"href":"https:\/\/dominikahome.com\/es\/wp-json\/wp\/v2\/product_cat?post=48344"},{"taxonomy":"product_tag","embeddable":true,"href":"https:\/\/dominikahome.com\/es\/wp-json\/wp\/v2\/product_tag?post=48344"}],"curies":[{"name":"wp","href":"https:\/\/api.w.org\/{rel}","templated":true}]}}