{"id":48346,"date":"2023-11-04T14:44:54","date_gmt":"2023-11-04T14:44:54","guid":{"rendered":"https:\/\/dominikahome.com\/product\/cama-kalua-cesta-para-perro-m\/"},"modified":"2023-11-04T14:44:54","modified_gmt":"2023-11-04T14:44:54","slug":"cama-kalua-cesta-para-perro-m","status":"publish","type":"product","link":"https:\/\/dominikahome.com\/es\/producto\/cama-kalua-cesta-para-perro-m\/","title":{"rendered":"CAMA KALUA CESTA PARA PERRO M"},"content":{"rendered":"<p><strong>Dimensiones:<\/strong><\/p>\n<p>&nbsp;<\/p>\n<p><strong>Tama\u00f1o M:<\/strong><\/p>\n<p>&#8211; ancho: 66 cm,<\/p>\n<p>&#8211; largo: 93 cm,<\/p>\n<p>&#8211; altura: 30 cm,<\/p>\n<p>Dimensiones del asiento: 80 x 52 cm<\/p>\n<p>Peso: 7 kg<\/p>\n<p>&nbsp;<\/p>\n<p><strong>El conjunto incluye una almohada.<\/strong><\/p>\n<p>En algunos casos, las im\u00e1genes y colores son solo indicativos. Todo lo visible en la pantalla puede estar distorsionado por muchos factores, incluyendo la calibraci\u00f3n de la pantalla, la iluminaci\u00f3n ambiental o el \u00e1ngulo de visi\u00f3n.<\/p>\n<p>Adem\u00e1s, los muebles est\u00e1n hechos a mano a partir de material natural, por lo que pueden diferir en color, acabado y dimensiones ligeramente. <span class=\"Apple-converted-space\">Las dimensiones pueden variar entre<\/span> 1-3 cm.<\/p>\n","protected":false},"excerpt":{"rendered":"<p>Dimensiones: &nbsp; Tama\u00f1o M: &#8211; ancho: 66 cm, &#8211; largo: 93 cm, &#8211; altura: 30 cm, Dimensiones del asiento: 80 x 52 cm Peso: 7 kg &nbsp; El conjunto incluye una almohada. En algunos casos, las im\u00e1genes y colores son solo indicativos. Todo lo visible en la pantalla puede estar distorsionado por muchos factores, incluyendo [&hellip;]<\/p>\n","protected":false},"featured_media":45487,"template":"","meta":[],"product_brand":[274],"product_cat":[423],"product_tag":[568,425],"class_list":{"0":"post-48346","1":"product","2":"type-product","3":"status-publish","4":"has-post-thumbnail","6":"product_brand-monnari","7":"product_cat-exterior","8":"product_tag-hecho-a-mano","9":"product_tag-ratan-natural","10":"product_shipping_class-pequeno","13":"first","14":"instock","15":"shipping-taxable","16":"purchasable","17":"product-type-simple"},"_links":{"self":[{"href":"https:\/\/dominikahome.com\/es\/wp-json\/wp\/v2\/product\/48346","targetHints":{"allow":["GET"]}}],"collection":[{"href":"https:\/\/dominikahome.com\/es\/wp-json\/wp\/v2\/product"}],"about":[{"href":"https:\/\/dominikahome.com\/es\/wp-json\/wp\/v2\/types\/product"}],"wp:featuredmedia":[{"embeddable":true,"href":"https:\/\/dominikahome.com\/es\/wp-json\/wp\/v2\/media\/45487"}],"wp:attachment":[{"href":"https:\/\/dominikahome.com\/es\/wp-json\/wp\/v2\/media?parent=48346"}],"wp:term":[{"taxonomy":"product_brand","embeddable":true,"href":"https:\/\/dominikahome.com\/es\/wp-json\/wp\/v2\/product_brand?post=48346"},{"taxonomy":"product_cat","embeddable":true,"href":"https:\/\/dominikahome.com\/es\/wp-json\/wp\/v2\/product_cat?post=48346"},{"taxonomy":"product_tag","embeddable":true,"href":"https:\/\/dominikahome.com\/es\/wp-json\/wp\/v2\/product_tag?post=48346"}],"curies":[{"name":"wp","href":"https:\/\/api.w.org\/{rel}","templated":true}]}}