{"id":48348,"date":"2023-11-04T14:38:53","date_gmt":"2023-11-04T14:38:53","guid":{"rendered":"https:\/\/dominikahome.com\/product\/soporte-de-papel-charlly\/"},"modified":"2023-11-04T14:38:53","modified_gmt":"2023-11-04T14:38:53","slug":"soporte-de-papel-charlly","status":"publish","type":"product","link":"https:\/\/dominikahome.com\/es\/producto\/soporte-de-papel-charlly\/","title":{"rendered":"SOPORTE DE PAPEL CHARLLY"},"content":{"rendered":"<div class=\"product-tab\" data-tab=\"box_description\">\n<div class=\"innerbox\">\n<div class=\"resetcss\">\n<p>Soporte de papel de ratan con asa Charlly.<\/p>\n<p>Un portarrollos de papel higi\u00e9nico es un accesorio esencial en el ba\u00f1o, donde puedes almacenar est\u00e9ticamente los rollos de papel higi\u00e9nico.<\/p>\n<p>Soporte hecho a mano de ratan ecol\u00f3gico en Bali,<\/p>\n<p>&nbsp;<\/p>\n<p><strong>Dimensiones<\/strong>\u00a0:<\/p>\n<p>&#8211; altura total: 45 cm<\/p>\n<p>&#8211; di\u00e1metro: 19 cm<\/p>\n<\/div>\n<\/div>\n<\/div>\n<div class=\"product-tab\" data-tab=\"box_description\">\n<div class=\"innerbox tab-content product-attributes zebra\"><\/div>\n<\/div>\n","protected":false},"excerpt":{"rendered":"<p>Soporte de papel de ratan con asa Charlly. Un portarrollos de papel higi\u00e9nico es un accesorio esencial en el ba\u00f1o, donde puedes almacenar est\u00e9ticamente los rollos de papel higi\u00e9nico. Soporte hecho a mano de ratan ecol\u00f3gico en Bali, &nbsp; Dimensiones\u00a0: &#8211; altura total: 45 cm &#8211; di\u00e1metro: 19 cm<\/p>\n","protected":false},"featured_media":45458,"template":"","meta":[],"product_brand":[274],"product_cat":[655],"product_tag":[568,425],"class_list":{"0":"post-48348","1":"product","2":"type-product","3":"status-publish","4":"has-post-thumbnail","6":"product_brand-monnari","7":"product_cat-accesorios-para-el-bano","8":"product_tag-hecho-a-mano","9":"product_tag-ratan-natural","10":"product_shipping_class-pequeno","13":"first","14":"instock","15":"shipping-taxable","16":"purchasable","17":"product-type-simple"},"_links":{"self":[{"href":"https:\/\/dominikahome.com\/es\/wp-json\/wp\/v2\/product\/48348","targetHints":{"allow":["GET"]}}],"collection":[{"href":"https:\/\/dominikahome.com\/es\/wp-json\/wp\/v2\/product"}],"about":[{"href":"https:\/\/dominikahome.com\/es\/wp-json\/wp\/v2\/types\/product"}],"wp:featuredmedia":[{"embeddable":true,"href":"https:\/\/dominikahome.com\/es\/wp-json\/wp\/v2\/media\/45458"}],"wp:attachment":[{"href":"https:\/\/dominikahome.com\/es\/wp-json\/wp\/v2\/media?parent=48348"}],"wp:term":[{"taxonomy":"product_brand","embeddable":true,"href":"https:\/\/dominikahome.com\/es\/wp-json\/wp\/v2\/product_brand?post=48348"},{"taxonomy":"product_cat","embeddable":true,"href":"https:\/\/dominikahome.com\/es\/wp-json\/wp\/v2\/product_cat?post=48348"},{"taxonomy":"product_tag","embeddable":true,"href":"https:\/\/dominikahome.com\/es\/wp-json\/wp\/v2\/product_tag?post=48348"}],"curies":[{"name":"wp","href":"https:\/\/api.w.org\/{rel}","templated":true}]}}