{"id":48349,"date":"2023-11-04T14:39:02","date_gmt":"2023-11-04T14:39:02","guid":{"rendered":"https:\/\/dominikahome.com\/product\/willy-hanger\/"},"modified":"2023-11-04T14:39:02","modified_gmt":"2023-11-04T14:39:02","slug":"willy-hanger","status":"publish","type":"product","link":"https:\/\/dominikahome.com\/es\/producto\/willy-hanger\/","title":{"rendered":"WILLY HANGER"},"content":{"rendered":"<div class=\"product-tab\" data-tab=\"box_description\">\n<div class=\"innerbox\">\n<div class=\"resetcss\">\n<p>Colgador de pared de ratan Willy. La apariencia \u00fanica y la funcionalidad brindar\u00e1n a tu interior calidez y originalidad.<\/p>\n<p>Perfecto para el ba\u00f1o o el pasillo.<\/p>\n<p>El colgador es un complemento ideal para la decoraci\u00f3n original.<\/p>\n<p>&nbsp;<\/p>\n<p><strong>Dimensiones:<\/strong><\/p>\n<p>&#8211; ancho: 50 cm<\/p>\n<p>&#8211; altura: 21 cm<\/p>\n<\/div>\n<\/div>\n<\/div>\n<div class=\"product-tab\" data-tab=\"box_description\">\n<div class=\"innerbox tab-content product-attributes zebra\"><\/div>\n<\/div>\n","protected":false},"excerpt":{"rendered":"<p>Colgador de pared de ratan Willy. La apariencia \u00fanica y la funcionalidad brindar\u00e1n a tu interior calidez y originalidad. Perfecto para el ba\u00f1o o el pasillo. El colgador es un complemento ideal para la decoraci\u00f3n original. &nbsp; Dimensiones: &#8211; ancho: 50 cm &#8211; altura: 21 cm<\/p>\n","protected":false},"featured_media":45455,"template":"","meta":[],"product_brand":[274],"product_cat":[421,655],"product_tag":[568,425],"class_list":{"0":"post-48349","1":"product","2":"type-product","3":"status-publish","4":"has-post-thumbnail","6":"product_brand-monnari","7":"product_cat-accesorios-de-cocina","8":"product_cat-accesorios-para-el-bano","9":"product_tag-hecho-a-mano","10":"product_tag-ratan-natural","11":"product_shipping_class-pequeno","14":"first","15":"instock","16":"shipping-taxable","17":"purchasable","18":"product-type-simple"},"_links":{"self":[{"href":"https:\/\/dominikahome.com\/es\/wp-json\/wp\/v2\/product\/48349","targetHints":{"allow":["GET"]}}],"collection":[{"href":"https:\/\/dominikahome.com\/es\/wp-json\/wp\/v2\/product"}],"about":[{"href":"https:\/\/dominikahome.com\/es\/wp-json\/wp\/v2\/types\/product"}],"wp:featuredmedia":[{"embeddable":true,"href":"https:\/\/dominikahome.com\/es\/wp-json\/wp\/v2\/media\/45455"}],"wp:attachment":[{"href":"https:\/\/dominikahome.com\/es\/wp-json\/wp\/v2\/media?parent=48349"}],"wp:term":[{"taxonomy":"product_brand","embeddable":true,"href":"https:\/\/dominikahome.com\/es\/wp-json\/wp\/v2\/product_brand?post=48349"},{"taxonomy":"product_cat","embeddable":true,"href":"https:\/\/dominikahome.com\/es\/wp-json\/wp\/v2\/product_cat?post=48349"},{"taxonomy":"product_tag","embeddable":true,"href":"https:\/\/dominikahome.com\/es\/wp-json\/wp\/v2\/product_tag?post=48349"}],"curies":[{"name":"wp","href":"https:\/\/api.w.org\/{rel}","templated":true}]}}