{"id":48351,"date":"2023-11-04T14:33:50","date_gmt":"2023-11-04T14:33:50","guid":{"rendered":"https:\/\/dominikahome.com\/product\/cuenco-de-bambu-para-vino\/"},"modified":"2023-11-04T14:33:50","modified_gmt":"2023-11-04T14:33:50","slug":"cuenco-de-bambu-para-vino","status":"publish","type":"product","link":"https:\/\/dominikahome.com\/es\/producto\/cuenco-de-bambu-para-vino\/","title":{"rendered":"CUENCO DE BAMB\u00da PARA VINO"},"content":{"rendered":"<div class=\"product-tab\" data-tab=\"box_description\">\n<div class=\"innerbox\">\n<div class=\"resetcss\">\n<p>El exclusivo cuenco para vino VERA est\u00e1 hecho a mano de bamb\u00fa.<\/p>\n<p>La forma contorneada y original asegurar\u00e1 una exhibici\u00f3n \u00fanica de una botella de vino o champ\u00e1n en la mesa.<\/p>\n<p>El cuenco Vera puede usarse como plato para frutas u otros bocadillos.<\/p>\n<p>El producto garantiza una impresi\u00f3n decorativa \u00fanica.<\/p>\n<p>Esta es una idea de regalo original.<\/p>\n<p>&nbsp;<\/p>\n<p><strong>DIMENSIONES:<\/strong> longitud 54 cm x ancho 48 cm x altura 14 cm<\/p>\n<p>Dise\u00f1o: Manual<\/p>\n<p>Materiales: Bamb\u00fa natural<\/p>\n<\/div>\n<\/div>\n<\/div>\n","protected":false},"excerpt":{"rendered":"<p>El exclusivo cuenco para vino VERA est\u00e1 hecho a mano de bamb\u00fa. La forma contorneada y original asegurar\u00e1 una exhibici\u00f3n \u00fanica de una botella de vino o champ\u00e1n en la mesa. El cuenco Vera puede usarse como plato para frutas u otros bocadillos. El producto garantiza una impresi\u00f3n decorativa \u00fanica. Esta es una idea de [&hellip;]<\/p>\n","protected":false},"featured_media":45435,"template":"","meta":[],"product_brand":[274],"product_cat":[421],"product_tag":[568,425],"class_list":{"0":"post-48351","1":"product","2":"type-product","3":"status-publish","4":"has-post-thumbnail","6":"product_brand-monnari","7":"product_cat-accesorios-de-cocina","8":"product_tag-hecho-a-mano","9":"product_tag-ratan-natural","10":"product_shipping_class-pequeno","13":"first","14":"instock","15":"shipping-taxable","16":"purchasable","17":"product-type-simple"},"_links":{"self":[{"href":"https:\/\/dominikahome.com\/es\/wp-json\/wp\/v2\/product\/48351","targetHints":{"allow":["GET"]}}],"collection":[{"href":"https:\/\/dominikahome.com\/es\/wp-json\/wp\/v2\/product"}],"about":[{"href":"https:\/\/dominikahome.com\/es\/wp-json\/wp\/v2\/types\/product"}],"wp:featuredmedia":[{"embeddable":true,"href":"https:\/\/dominikahome.com\/es\/wp-json\/wp\/v2\/media\/45435"}],"wp:attachment":[{"href":"https:\/\/dominikahome.com\/es\/wp-json\/wp\/v2\/media?parent=48351"}],"wp:term":[{"taxonomy":"product_brand","embeddable":true,"href":"https:\/\/dominikahome.com\/es\/wp-json\/wp\/v2\/product_brand?post=48351"},{"taxonomy":"product_cat","embeddable":true,"href":"https:\/\/dominikahome.com\/es\/wp-json\/wp\/v2\/product_cat?post=48351"},{"taxonomy":"product_tag","embeddable":true,"href":"https:\/\/dominikahome.com\/es\/wp-json\/wp\/v2\/product_tag?post=48351"}],"curies":[{"name":"wp","href":"https:\/\/api.w.org\/{rel}","templated":true}]}}