{"id":48352,"date":"2023-11-04T14:28:36","date_gmt":"2023-11-04T14:28:36","guid":{"rendered":"https:\/\/dominikahome.com\/product\/decoracion-de-pared-xena\/"},"modified":"2023-11-04T14:28:36","modified_gmt":"2023-11-04T14:28:36","slug":"decoracion-de-pared-xena","status":"publish","type":"product","link":"https:\/\/dominikahome.com\/es\/producto\/decoracion-de-pared-xena\/","title":{"rendered":"DECORACI\u00d3N DE PARED XENA"},"content":{"rendered":"<div class=\"product-tab\" data-tab=\"box_description\">\n<div class=\"innerbox\">\n<div class=\"resetcss\">\n<p>Una decoraci\u00f3n de pared extremadamente original en estilo BOHO que funcionar\u00e1 bien en muchos interiores.<\/p>\n<p>La decoraci\u00f3n de pared est\u00e1 hecha de hierba mendong. Complementar\u00e1 y decorar\u00e1 hermosamente la pared en el dormitorio sobre la cama, en la sala de estar junto al sof\u00e1 o en el pasillo.<\/p>\n<p><strong>Ancho:<\/strong> 160 cm<\/p>\n<p><strong>Altura:<\/strong> 130 cm<\/p>\n<p>&nbsp;<\/p>\n<p>Las decoraciones est\u00e1n hechas a mano con materiales naturales, por lo que pueden diferir en color, delicada elaboraci\u00f3n y una ligera variaci\u00f3n en tama\u00f1o.<\/p>\n<\/div>\n<\/div>\n<\/div>\n","protected":false},"excerpt":{"rendered":"<p>Una decoraci\u00f3n de pared extremadamente original en estilo BOHO que funcionar\u00e1 bien en muchos interiores. La decoraci\u00f3n de pared est\u00e1 hecha de hierba mendong. Complementar\u00e1 y decorar\u00e1 hermosamente la pared en el dormitorio sobre la cama, en la sala de estar junto al sof\u00e1 o en el pasillo. Ancho: 160 cm Altura: 130 cm &nbsp; [&hellip;]<\/p>\n","protected":false},"featured_media":45409,"template":"","meta":[],"product_brand":[274],"product_cat":[664,661],"product_tag":[568,425],"class_list":{"0":"post-48352","1":"product","2":"type-product","3":"status-publish","4":"has-post-thumbnail","6":"product_brand-monnari","7":"product_cat-decoracion-de-pared","8":"product_cat-decoraciones","9":"product_tag-hecho-a-mano","10":"product_tag-ratan-natural","11":"product_shipping_class-pequeno","14":"first","15":"instock","16":"shipping-taxable","17":"purchasable","18":"product-type-simple"},"_links":{"self":[{"href":"https:\/\/dominikahome.com\/es\/wp-json\/wp\/v2\/product\/48352","targetHints":{"allow":["GET"]}}],"collection":[{"href":"https:\/\/dominikahome.com\/es\/wp-json\/wp\/v2\/product"}],"about":[{"href":"https:\/\/dominikahome.com\/es\/wp-json\/wp\/v2\/types\/product"}],"wp:featuredmedia":[{"embeddable":true,"href":"https:\/\/dominikahome.com\/es\/wp-json\/wp\/v2\/media\/45409"}],"wp:attachment":[{"href":"https:\/\/dominikahome.com\/es\/wp-json\/wp\/v2\/media?parent=48352"}],"wp:term":[{"taxonomy":"product_brand","embeddable":true,"href":"https:\/\/dominikahome.com\/es\/wp-json\/wp\/v2\/product_brand?post=48352"},{"taxonomy":"product_cat","embeddable":true,"href":"https:\/\/dominikahome.com\/es\/wp-json\/wp\/v2\/product_cat?post=48352"},{"taxonomy":"product_tag","embeddable":true,"href":"https:\/\/dominikahome.com\/es\/wp-json\/wp\/v2\/product_tag?post=48352"}],"curies":[{"name":"wp","href":"https:\/\/api.w.org\/{rel}","templated":true}]}}