{"id":48353,"date":"2023-11-04T14:24:31","date_gmt":"2023-11-04T14:24:31","guid":{"rendered":"https:\/\/dominikahome.com\/product\/decoracion-de-pared-mana\/"},"modified":"2023-11-04T14:24:31","modified_gmt":"2023-11-04T14:24:31","slug":"decoracion-de-pared-mana","status":"publish","type":"product","link":"https:\/\/dominikahome.com\/es\/producto\/decoracion-de-pared-mana\/","title":{"rendered":"DECORACI\u00d3N DE PARED Mana"},"content":{"rendered":"<div class=\"product-tab\" data-tab=\"box_description\">\n<div class=\"innerbox\">\n<div class=\"resetcss\">\n<p>Una decoraci\u00f3n de pared excepcionalmente original en un estilo \u00e9tnico que funcionar\u00e1 bien en muchos interiores. La decoraci\u00f3n de pared est\u00e1 hecha de hierba mendong. Complementar\u00e1 y decorar\u00e1 hermosamente la pared en el dormitorio sobre la cama, en la sala de estar junto al sof\u00e1 o en el pasillo.<\/p>\n<p>Una decoraci\u00f3n recomendada tanto para los interiores de casas privadas como para espacios comerciales.<\/p>\n<ul>\n<li><b>Color:<\/b> natural<\/li>\n<li><b>Dimensiones:<\/b> ancho 50 cm x alto 34 cm<\/li>\n<li><b>Material:<\/b> hierba ex\u00f3tica<\/li>\n<\/ul>\n<p>&nbsp;<\/p>\n<\/div>\n<\/div>\n<\/div>\n","protected":false},"excerpt":{"rendered":"<p>Una decoraci\u00f3n de pared excepcionalmente original en un estilo \u00e9tnico que funcionar\u00e1 bien en muchos interiores. La decoraci\u00f3n de pared est\u00e1 hecha de hierba mendong. Complementar\u00e1 y decorar\u00e1 hermosamente la pared en el dormitorio sobre la cama, en la sala de estar junto al sof\u00e1 o en el pasillo. Una decoraci\u00f3n recomendada tanto para los [&hellip;]<\/p>\n","protected":false},"featured_media":45392,"template":"","meta":[],"product_brand":[274],"product_cat":[664,661],"product_tag":[568,425],"class_list":{"0":"post-48353","1":"product","2":"type-product","3":"status-publish","4":"has-post-thumbnail","6":"product_brand-monnari","7":"product_cat-decoracion-de-pared","8":"product_cat-decoraciones","9":"product_tag-hecho-a-mano","10":"product_tag-ratan-natural","11":"product_shipping_class-pequeno","14":"first","15":"instock","16":"shipping-taxable","17":"purchasable","18":"product-type-simple"},"_links":{"self":[{"href":"https:\/\/dominikahome.com\/es\/wp-json\/wp\/v2\/product\/48353","targetHints":{"allow":["GET"]}}],"collection":[{"href":"https:\/\/dominikahome.com\/es\/wp-json\/wp\/v2\/product"}],"about":[{"href":"https:\/\/dominikahome.com\/es\/wp-json\/wp\/v2\/types\/product"}],"wp:featuredmedia":[{"embeddable":true,"href":"https:\/\/dominikahome.com\/es\/wp-json\/wp\/v2\/media\/45392"}],"wp:attachment":[{"href":"https:\/\/dominikahome.com\/es\/wp-json\/wp\/v2\/media?parent=48353"}],"wp:term":[{"taxonomy":"product_brand","embeddable":true,"href":"https:\/\/dominikahome.com\/es\/wp-json\/wp\/v2\/product_brand?post=48353"},{"taxonomy":"product_cat","embeddable":true,"href":"https:\/\/dominikahome.com\/es\/wp-json\/wp\/v2\/product_cat?post=48353"},{"taxonomy":"product_tag","embeddable":true,"href":"https:\/\/dominikahome.com\/es\/wp-json\/wp\/v2\/product_tag?post=48353"}],"curies":[{"name":"wp","href":"https:\/\/api.w.org\/{rel}","templated":true}]}}