{"id":48360,"date":"2023-11-04T14:26:06","date_gmt":"2023-11-04T14:26:06","guid":{"rendered":"https:\/\/dominikahome.com\/product\/madera-sillon-blando-con-funcion-de-cama-70x200\/"},"modified":"2023-11-04T14:26:06","modified_gmt":"2023-11-04T14:26:06","slug":"madera-sillon-blando-con-funcion-de-cama-70x200","status":"publish","type":"product","link":"https:\/\/dominikahome.com\/es\/producto\/madera-sillon-blando-con-funcion-de-cama-70x200\/","title":{"rendered":"Madera Sill\u00f3n blando con funci\u00f3n de cama 70\u00d7200"},"content":{"rendered":"<p>\u00bfYa conoces el sof\u00e1 Madera, nuestra reina de la ingenio?<\/p>\n<p>Entonces tambi\u00e9n te encantar\u00e1 su \u00faltima versi\u00f3n: la <strong>butaca Madera Soft<\/strong>, a la que le hemos a\u00f1adido un toque de dise\u00f1o \u00fanico a su forma cl\u00e1sica y un confort incre\u00edble.<\/p>\n<p>El secreto de su fen\u00f3meno es <strong>su peque\u00f1o tama\u00f1o<\/strong> y la funci\u00f3n de la cama en una forma original.<\/p>\n<p>Su ancho de 102 cm puede encajar f\u00e1cilmente incluso en el interior m\u00e1s peque\u00f1o, y puedes desplegarlo a <strong>70 \u00d7 200<\/strong> cm para la noche. \u00bfC\u00f3mo?\u00a0Simplemente desl\u00edzalo hacia fuera y despli\u00e9galo en dos movimientos &#8211; \u00a1y eso es todo!<\/p>\n<p>La funci\u00f3n de la cama en asegurar el confort de tu sue\u00f1o es mucho m\u00e1s compleja.<\/p>\n<p>En su interior, adem\u00e1s de <strong>un marco hecho de 100% madera de haya maciza<\/strong>, hemos escondido componentes que se utilizan a diario en las camas. Estos son muelles ensacados de primera clase, <strong>espuma HR altamente el\u00e1stica<\/strong> y <strong>tiras de muelles flexibles<\/strong>. \u00bfQu\u00e9 significa esto para ti? Un buen sue\u00f1o reparador incluso despu\u00e9s de un d\u00eda agitado. \u00a1Y todos los d\u00edas, no solo en vacaciones!<\/p>\n<p>Lo que m\u00e1s nos encanta de este modelo es que, a pesar de sus ventajas funcionales, no ha perdido su gracia y encanto. Sus <strong>reposabrazos plegables<\/strong> son perfectos para largas horas con un libro, un caf\u00e9 o incluso un port\u00e1til. Las patas de madera con forma solo a\u00f1aden ligereza, y las almohadas decorativas adicionales brindan una atm\u00f3sfera acogedora.<\/p>\n<p>Y si estas ventajas no fueran suficientes&#8230;<\/p>\n<p>\u00bfSab\u00edas que puedes dejar de lado los compromisos y dejar de elegir entre interiores elegantes y protecci\u00f3n contra la suciedad y los animales? Si en tu mente te imaginas caf\u00e9 derramado salpicando sobre el tapizado de tu sof\u00e1 so\u00f1ado o sacando pelo espinoso del asiento&#8230;<\/p>\n<p>Respira hondo y sonr\u00ede.<strong> Tejido equipado con una de las tecnolog\u00edas de protecci\u00f3n<\/strong> para f\u00e1cil limpieza.<\/p>\n<p><strong>Dimensiones<\/strong><\/p>\n<table class=\"woocommerce-product-attributes shop_attributes table table-ramaro\">\n<tbody>\n<tr class=\"woocommerce-product-attributes-item\">\n<th>ANCHO<\/th>\n<td>102 cm<\/td>\n<\/tr>\n<tr class=\"woocommerce-product-attributes-item\">\n<th>PROFUNDIDAD<\/th>\n<td>101 cm<\/td>\n<\/tr>\n<tr class=\"woocommerce-product-attributes-item\">\n<th>ALTURA<\/th>\n<td>95 cm<\/td>\n<\/tr>\n<tr class=\"woocommerce-product-attributes-item\">\n<th>ANCHO DEL ASIENTO<\/th>\n<td>70 cm<\/td>\n<\/tr>\n<tr class=\"woocommerce-product-attributes-item\">\n<th>PROFUNDIDAD DEL ASIENTO<\/th>\n<td>55 cm<\/td>\n<\/tr>\n<tr class=\"woocommerce-product-attributes-item\">\n<th>ALTURA DEL ASIENTO<\/th>\n<td>43 cm<\/td>\n<\/tr>\n<tr class=\"woocommerce-product-attributes-item\">\n<th>ALTURA DEL RESPALDO<\/th>\n<td>55 cm<\/td>\n<\/tr>\n<tr class=\"woocommerce-product-attributes-item\">\n<th>ANCHO DEL REPOSABRAZOS<\/th>\n<td>14 cm<\/td>\n<\/tr>\n<tr class=\"woocommerce-product-attributes-item\">\n<th>ALTURA DEL REPOSABRAZOS<\/th>\n<td>60 cm<\/td>\n<\/tr>\n<tr class=\"woocommerce-product-attributes-item\">\n<th>ALTURA DE LA PATAS<\/th>\n<td>10 cm<\/td>\n<\/tr>\n<tr class=\"woocommerce-product-attributes-item\">\n<th>ANCHO DE LA FUNCI\u00d3N DE CAMA<\/th>\n<td>70 cm<\/td>\n<\/tr>\n<tr class=\"woocommerce-product-attributes-item\">\n<th>LARGO DE LA FUNCI\u00d3N DE CAMA<\/th>\n<td>200 cm<\/td>\n<\/tr>\n<\/tbody>\n<\/table>\n<p><strong>Datos t\u00e9cnicos<\/strong><\/p>\n<table class=\"woocommerce-product-attributes shop_attributes table table-ramaro\">\n<tbody>\n<tr class=\"woocommerce-product-attributes-item\">\n<th>RELLENO DE ALMOHADAS<\/th>\n<td>mezcla de gr\u00e1nulos\/silicona<\/td>\n<\/tr>\n<tr class=\"woocommerce-product-attributes-item\">\n<th>RELLENO<\/th>\n<td>espuma HR altamente el\u00e1stica\/muelles ensacados\/banda de muelles<\/td>\n<\/tr>\n<tr class=\"woocommerce-product-attributes-item\">\n<th>CONSTRUCCI\u00d3N<\/th>\n<td>Madera de haya<\/td>\n<\/tr>\n<tr class=\"woocommerce-product-attributes-item\">\n<th>N\u00daMERO DE ALMOHADAS EN EL JUEGO<\/th>\n<td>2 pcs.<\/td>\n<\/tr>\n<tr class=\"woocommerce-product-attributes-item\">\n<th>CONTENEDOR PARA ROPA DE CAMA<\/th>\n<td>falta<\/td>\n<\/tr>\n<\/tbody>\n<\/table>\n<p>&nbsp;<\/p>\n","protected":false},"excerpt":{"rendered":"<p>Fabricado en Europa<\/p>\n<p>Por encargo 5-6 semanas<\/p>\n","protected":false},"featured_media":45397,"template":"","meta":[],"product_brand":[326],"product_cat":[439],"product_tag":[642],"class_list":{"0":"post-48360","1":"product","2":"type-product","3":"status-publish","4":"has-post-thumbnail","6":"product_brand-ramar","7":"product_cat-sillones","8":"product_tag-sofa-cama-es-3","9":"product_shipping_class-silla","12":"first","13":"instock","14":"shipping-taxable","15":"purchasable","16":"product-type-variable"},"_links":{"self":[{"href":"https:\/\/dominikahome.com\/es\/wp-json\/wp\/v2\/product\/48360","targetHints":{"allow":["GET"]}}],"collection":[{"href":"https:\/\/dominikahome.com\/es\/wp-json\/wp\/v2\/product"}],"about":[{"href":"https:\/\/dominikahome.com\/es\/wp-json\/wp\/v2\/types\/product"}],"wp:featuredmedia":[{"embeddable":true,"href":"https:\/\/dominikahome.com\/es\/wp-json\/wp\/v2\/media\/45397"}],"wp:attachment":[{"href":"https:\/\/dominikahome.com\/es\/wp-json\/wp\/v2\/media?parent=48360"}],"wp:term":[{"taxonomy":"product_brand","embeddable":true,"href":"https:\/\/dominikahome.com\/es\/wp-json\/wp\/v2\/product_brand?post=48360"},{"taxonomy":"product_cat","embeddable":true,"href":"https:\/\/dominikahome.com\/es\/wp-json\/wp\/v2\/product_cat?post=48360"},{"taxonomy":"product_tag","embeddable":true,"href":"https:\/\/dominikahome.com\/es\/wp-json\/wp\/v2\/product_tag?post=48360"}],"curies":[{"name":"wp","href":"https:\/\/api.w.org\/{rel}","templated":true}]}}