{"id":48365,"date":"2023-11-04T14:22:19","date_gmt":"2023-11-04T14:22:19","guid":{"rendered":"https:\/\/dominikahome.com\/product\/canasta-peruana-pequena\/"},"modified":"2023-11-04T14:22:19","modified_gmt":"2023-11-04T14:22:19","slug":"canasta-peruana-pequena","status":"publish","type":"product","link":"https:\/\/dominikahome.com\/es\/producto\/canasta-peruana-pequena\/","title":{"rendered":"CANASTA PERUANA PEQUE\u00d1A"},"content":{"rendered":"<div class=\"product-tab\" data-tab=\"box_description\">\n<div class=\"innerbox\">\n<div class=\"resetcss\">\n<p>Una elegante cesta de Per\u00fa, tejida a mano, est\u00e1 hecha de dos materiales diferentes: hojas de pl\u00e1tano y macram\u00e9, que son cuerdas de algod\u00f3n trenzadas a mano.<\/p>\n<p>La cesta est\u00e1 completamente hecha de hojas de pl\u00e1tano, y la parte superior est\u00e1 decorada con macram\u00e9 hecho de cuerdas blancas y negras. Adem\u00e1s, tiene una tapa con un asa tambi\u00e9n decorada con macram\u00e9, gracias a lo cual la cesta tiene usos multifuncionales: puede usarse como cesta de ropa, contenedor de juguetes o para textiles.<\/p>\n<p>Adem\u00e1s de su uso pr\u00e1ctico, la cesta de Per\u00fa ser\u00e1 tambi\u00e9n una decoraci\u00f3n \u00fanica que no solo embellecer\u00e1 el interior, sino que tambi\u00e9n crear\u00e1 una atm\u00f3sfera acogedora y calentar\u00e1 la habitaci\u00f3n. Puede usarse como cubierta para macetas.<\/p>\n<p>Hecha a mano, fabricada con materiales naturales, se adapta perfectamente a la vegetaci\u00f3n de las plantas de interior.<\/p>\n<p>Debido a que est\u00e1 hecha a mano con materiales naturales, cada cesta es \u00fanica y puede variar en tama\u00f1o, forma y color.<\/p>\n<p>La cesta est\u00e1 disponible en tres tama\u00f1os: S, M y L. Puedes comprar un tama\u00f1o individual o un set que consiste en los tres tama\u00f1os S, M y L.<\/p>\n<div>\n<div dir=\"ltr\" data-smartmail=\"gmail_signature\">\n<div dir=\"ltr\">\n<div dir=\"ltr\">\n<div dir=\"ltr\">\n<div dir=\"ltr\">\n<div dir=\"ltr\">\n<div dir=\"ltr\">\n<div dir=\"ltr\">\n<div dir=\"ltr\">\n<div dir=\"ltr\">\n<div dir=\"ltr\">\n<div dir=\"ltr\">\n<div dir=\"ltr\">\n<div dir=\"ltr\">\n<div dir=\"ltr\">\n<div dir=\"ltr\">\n<div dir=\"ltr\">\n<p>En algunos casos, las im\u00e1genes y colores son solo indicativos. Todo lo visible en la pantalla puede estar distorsionado por muchos factores, incluyendo la calibraci\u00f3n de la pantalla, la iluminaci\u00f3n ambiental o el \u00e1ngulo de visi\u00f3n.<\/p>\n<p>Adem\u00e1s, los muebles y decoraciones Monnarita est\u00e1n hechos a mano con materiales naturales, por lo que pueden diferir en color, acabado y <span class=\"Apple-converted-space\">\u00a0\u00a0<\/span>dimensiones ligeras. <span class=\"Apple-converted-space\">Las dimensiones pueden variar en<\/span>\u00a01-3 cm.<\/p>\n<\/div>\n<\/div>\n<\/div>\n<\/div>\n<\/div>\n<\/div>\n<\/div>\n<\/div>\n<\/div>\n<\/div>\n<\/div>\n<\/div>\n<\/div>\n<\/div>\n<p><strong>Datos t\u00e9cnicos:<\/strong><\/p>\n<p><strong>Tama\u00f1o S<\/strong><\/p>\n<p>Altura: 30 cm +\/- 2 cm<\/p>\n<p>Anchura: 25 cm +\/- 2 cm<\/p>\n<p>Anchura en la parte superior: 20 cm +\/- 2 cm<\/p>\n<p><strong>Material: <\/strong><span>Hinojo de agua &amp; macram\u00e9<\/span><\/p>\n<p><strong>Uso: <\/strong><span>dormitorio o sala de estar, comedor.<\/span><\/p>\n<p><strong>Color: <\/strong><span>Natural, Marr\u00f3n, Blanco, Negro<\/span><\/p>\n<\/div>\n<\/div>\n<\/div>\n<div class=\"product-tab\" data-tab=\"box_description\">\n<div class=\"innerbox tab-content product-attributes zebra\"><\/div>\n<\/div>\n","protected":false},"excerpt":{"rendered":"<p>Una elegante cesta de Per\u00fa, tejida a mano, est\u00e1 hecha de dos materiales diferentes: hojas de pl\u00e1tano y macram\u00e9, que son cuerdas de algod\u00f3n trenzadas a mano. La cesta est\u00e1 completamente hecha de hojas de pl\u00e1tano, y la parte superior est\u00e1 decorada con macram\u00e9 hecho de cuerdas blancas y negras. Adem\u00e1s, tiene una tapa con [&hellip;]<\/p>\n","protected":false},"featured_media":45387,"template":"","meta":[],"product_brand":[274],"product_cat":[663,661],"product_tag":[512,568,425],"class_list":{"0":"post-48365","1":"product","2":"type-product","3":"status-publish","4":"has-post-thumbnail","6":"product_brand-monnari","7":"product_cat-cesta","8":"product_cat-decoraciones","9":"product_tag-cesta","10":"product_tag-hecho-a-mano","11":"product_tag-ratan-natural","12":"product_shipping_class-pequeno","15":"first","16":"instock","17":"shipping-taxable","18":"purchasable","19":"product-type-simple"},"_links":{"self":[{"href":"https:\/\/dominikahome.com\/es\/wp-json\/wp\/v2\/product\/48365","targetHints":{"allow":["GET"]}}],"collection":[{"href":"https:\/\/dominikahome.com\/es\/wp-json\/wp\/v2\/product"}],"about":[{"href":"https:\/\/dominikahome.com\/es\/wp-json\/wp\/v2\/types\/product"}],"wp:featuredmedia":[{"embeddable":true,"href":"https:\/\/dominikahome.com\/es\/wp-json\/wp\/v2\/media\/45387"}],"wp:attachment":[{"href":"https:\/\/dominikahome.com\/es\/wp-json\/wp\/v2\/media?parent=48365"}],"wp:term":[{"taxonomy":"product_brand","embeddable":true,"href":"https:\/\/dominikahome.com\/es\/wp-json\/wp\/v2\/product_brand?post=48365"},{"taxonomy":"product_cat","embeddable":true,"href":"https:\/\/dominikahome.com\/es\/wp-json\/wp\/v2\/product_cat?post=48365"},{"taxonomy":"product_tag","embeddable":true,"href":"https:\/\/dominikahome.com\/es\/wp-json\/wp\/v2\/product_tag?post=48365"}],"curies":[{"name":"wp","href":"https:\/\/api.w.org\/{rel}","templated":true}]}}