{"id":48368,"date":"2023-11-04T13:51:50","date_gmt":"2023-11-04T13:51:50","guid":{"rendered":"https:\/\/dominikahome.com\/product\/lampara-de-pared-hulu\/"},"modified":"2023-11-04T13:51:50","modified_gmt":"2023-11-04T13:51:50","slug":"lampara-de-pared-hulu","status":"publish","type":"product","link":"https:\/\/dominikahome.com\/es\/producto\/lampara-de-pared-hulu\/","title":{"rendered":"L\u00c1MPARA DE PARED HULU"},"content":{"rendered":"<div class=\"product-tab\" data-tab=\"box_description\">\n<div class=\"innerbox\">\n<div class=\"resetcss\">\n<p>No siempre nos damos cuenta de que las l\u00e1mparas son uno de los elementos m\u00e1s importantes de la decoraci\u00f3n de interiores. Su funci\u00f3n m\u00e1s b\u00e1sica es, por supuesto, proporcionar iluminaci\u00f3n, pero las l\u00e1mparas adecuadamente seleccionadas pueden hacer mucho m\u00e1s. \u00a1Son indispensables cuando queremos crear una atm\u00f3sfera \u00fanica y proporcionar un ambiente acogedor o, finalmente, despertar admiraci\u00f3n con su forma original! Para transformar el espacio con luz y darle un nuevo significado de car\u00e1cter relajante, elijamos l\u00e1mparas \u00fanicas y de dise\u00f1o, hechas a mano, solo con materiales naturales y con un &#8220;alma&#8221; ex\u00f3tica.<\/p>\n<p>Las l\u00e1mparas pueden combinar de manera \u00fanica funciones utilitarias y decorativas. Al proporcionar luz, aseguran la funcionalidad de las habitaciones las 24 horas, pero tambi\u00e9n pueden a\u00f1adir atm\u00f3sfera y crear un ambiente verdaderamente hogare\u00f1o. Por esta raz\u00f3n, vale la pena elegirlas cuidadosamente.<\/p>\n<p>&nbsp;<\/p>\n<p><strong>La l\u00e1mpara Hulu<\/strong> es un dise\u00f1o moderno y original de <strong>la colecci\u00f3n de l\u00e1mparas Harmony<\/strong>, que incluye todas las l\u00e1mparas hechas a mano de algas marinas.<\/p>\n<p>&nbsp;<\/p>\n<p><strong>Dimensiones:<\/strong><\/p>\n<p>&#8211; Anchura: 50 cm<\/p>\n<p>&#8211; Profundidad: 20 cm<\/p>\n<p>&#8211; Altura: 30 cm<\/p>\n<\/div>\n<\/div>\n<\/div>\n","protected":false},"excerpt":{"rendered":"<p>No siempre nos damos cuenta de que las l\u00e1mparas son uno de los elementos m\u00e1s importantes de la decoraci\u00f3n de interiores. Su funci\u00f3n m\u00e1s b\u00e1sica es, por supuesto, proporcionar iluminaci\u00f3n, pero las l\u00e1mparas adecuadamente seleccionadas pueden hacer mucho m\u00e1s. \u00a1Son indispensables cuando queremos crear una atm\u00f3sfera \u00fanica y proporcionar un ambiente acogedor o, finalmente, despertar [&hellip;]<\/p>\n","protected":false},"featured_media":45335,"template":"","meta":[],"product_brand":[274],"product_cat":[423,667,670],"product_tag":[568,634,632,653],"class_list":{"0":"post-48368","1":"product","2":"type-product","3":"status-publish","4":"has-post-thumbnail","6":"product_brand-monnari","7":"product_cat-exterior","8":"product_cat-iluminacion","9":"product_cat-lampara-de-pared","10":"product_tag-hecho-a-mano","11":"product_tag-iluminacion","12":"product_tag-lampara-es-2","13":"product_tag-lampara-de-pared","14":"product_shipping_class-pequeno","17":"first","18":"instock","19":"shipping-taxable","20":"purchasable","21":"product-type-simple"},"_links":{"self":[{"href":"https:\/\/dominikahome.com\/es\/wp-json\/wp\/v2\/product\/48368","targetHints":{"allow":["GET"]}}],"collection":[{"href":"https:\/\/dominikahome.com\/es\/wp-json\/wp\/v2\/product"}],"about":[{"href":"https:\/\/dominikahome.com\/es\/wp-json\/wp\/v2\/types\/product"}],"wp:featuredmedia":[{"embeddable":true,"href":"https:\/\/dominikahome.com\/es\/wp-json\/wp\/v2\/media\/45335"}],"wp:attachment":[{"href":"https:\/\/dominikahome.com\/es\/wp-json\/wp\/v2\/media?parent=48368"}],"wp:term":[{"taxonomy":"product_brand","embeddable":true,"href":"https:\/\/dominikahome.com\/es\/wp-json\/wp\/v2\/product_brand?post=48368"},{"taxonomy":"product_cat","embeddable":true,"href":"https:\/\/dominikahome.com\/es\/wp-json\/wp\/v2\/product_cat?post=48368"},{"taxonomy":"product_tag","embeddable":true,"href":"https:\/\/dominikahome.com\/es\/wp-json\/wp\/v2\/product_tag?post=48368"}],"curies":[{"name":"wp","href":"https:\/\/api.w.org\/{rel}","templated":true}]}}