{"id":48370,"date":"2023-11-04T13:42:28","date_gmt":"2023-11-04T13:42:28","guid":{"rendered":"https:\/\/dominikahome.com\/product\/cesta-peru-m\/"},"modified":"2023-11-04T13:42:28","modified_gmt":"2023-11-04T13:42:28","slug":"cesta-peru-m","status":"publish","type":"product","link":"https:\/\/dominikahome.com\/es\/producto\/cesta-peru-m\/","title":{"rendered":"CESTA PER\u00da M"},"content":{"rendered":"<div class=\"product-tab\" data-tab=\"box_description\">\n<div class=\"innerbox\">\n<div class=\"resetcss\">\n<p>            Una elegante cesta de Per\u00fa, hecha a mano, est\u00e1 confeccionada con dos materiales diferentes: hojas de pl\u00e1tano y macram\u00e9, que son cuerdas de algod\u00f3n trenzadas a mano.<\/p>\n<p>            La cesta entera est\u00e1 hecha de hojas de pl\u00e1tano, y la parte superior est\u00e1 decorada con macram\u00e9 de cuerdas blancas y negras. Adem\u00e1s, tiene una tapa con un asa tambi\u00e9n decorada con macram\u00e9, gracias a la cual la cesta tiene usos multifuncionales: se puede usar como cesta de lavander\u00eda, contenedor de juguetes o para textiles.<\/p>\n<p>            Adem\u00e1s de su uso pr\u00e1ctico, la cesta de Per\u00fa tambi\u00e9n ser\u00e1 una decoraci\u00f3n \u00fanica que no solo embellecer\u00e1 el interior, sino que tambi\u00e9n crear\u00e1 una atm\u00f3sfera acogedora y calentar\u00e1 la habitaci\u00f3n. Puede usarse como cubierta de maceta.<\/p>\n<p>            Hecha a mano, hecha de materiales naturales, se adapta perfectamente a la vegetaci\u00f3n de las plantas de interior.<\/p>\n<p>            Debido a que est\u00e1 hecha a mano con materiales naturales, cada cesta es \u00fanica y puede variar en tama\u00f1o, forma y color.<\/p>\n<p>            La cesta est\u00e1 disponible en tres tama\u00f1os: S, M y L. Puedes comprar un solo tama\u00f1o o un set que consta de los tres tama\u00f1os S, M y L.<\/p>\n<p>            In algunos casos, las im\u00e1genes y colores son solo indicativos. Todo lo visible en la pantalla puede estar distorsionado por muchos factores, incluida la calibraci\u00f3n de la pantalla, la iluminaci\u00f3n ambiental o el \u00e1ngulo de visi\u00f3n.<\/p>\n<p>            &nbsp;<\/p><\/div>\n<\/p><\/div>\n<\/div>\n<p><strong>Datos t\u00e9cnicos:<\/strong><\/p>\n<p><strong>Tama\u00f1o M<\/strong><\/p>\n<p>Altura: 45 cm +\/- 2 cm<\/p>\n<p>Ancho: 40 cm +\/- 2 cm<\/p>\n<p>Ancho en la parte superior: 30 cm +\/- 2 cm<\/p>\n<p><strong>Material: <\/strong>Jazm\u00edn de agua y macram\u00e9<\/p>\n<p><strong>Uso: <\/strong> dormitorio o sala de estar, comedor.<\/p>\n<p><strong>Color: <\/strong>Natural, Marr\u00f3n, Blanco, Negro<\/p>\n<div class=\"product-tab\" data-tab=\"box_description\">\n<div class=\"innerbox tab-content product-attributes zebra\">Env\u00edo en 7-14 d\u00edas si est\u00e1 en stock<\/div>\n<\/div>\n","protected":false},"excerpt":{"rendered":"<p>HECHO A MANO<\/p>\n","protected":false},"featured_media":45308,"template":"","meta":[],"product_brand":[],"product_cat":[663,661],"product_tag":[557],"class_list":{"0":"post-48370","1":"product","2":"type-product","3":"status-publish","4":"has-post-thumbnail","6":"product_cat-cesta","7":"product_cat-decoraciones","8":"product_tag-decoration-es","9":"product_shipping_class-pequeno","12":"first","13":"instock","14":"shipping-taxable","15":"purchasable","16":"product-type-simple"},"_links":{"self":[{"href":"https:\/\/dominikahome.com\/es\/wp-json\/wp\/v2\/product\/48370","targetHints":{"allow":["GET"]}}],"collection":[{"href":"https:\/\/dominikahome.com\/es\/wp-json\/wp\/v2\/product"}],"about":[{"href":"https:\/\/dominikahome.com\/es\/wp-json\/wp\/v2\/types\/product"}],"wp:featuredmedia":[{"embeddable":true,"href":"https:\/\/dominikahome.com\/es\/wp-json\/wp\/v2\/media\/45308"}],"wp:attachment":[{"href":"https:\/\/dominikahome.com\/es\/wp-json\/wp\/v2\/media?parent=48370"}],"wp:term":[{"taxonomy":"product_brand","embeddable":true,"href":"https:\/\/dominikahome.com\/es\/wp-json\/wp\/v2\/product_brand?post=48370"},{"taxonomy":"product_cat","embeddable":true,"href":"https:\/\/dominikahome.com\/es\/wp-json\/wp\/v2\/product_cat?post=48370"},{"taxonomy":"product_tag","embeddable":true,"href":"https:\/\/dominikahome.com\/es\/wp-json\/wp\/v2\/product_tag?post=48370"}],"curies":[{"name":"wp","href":"https:\/\/api.w.org\/{rel}","templated":true}]}}