{"id":48376,"date":"2023-11-04T13:32:27","date_gmt":"2023-11-04T13:32:27","guid":{"rendered":"https:\/\/dominikahome.com\/product\/jarron-kara\/"},"modified":"2023-11-04T13:32:27","modified_gmt":"2023-11-04T13:32:27","slug":"jarron-kara","status":"publish","type":"product","link":"https:\/\/dominikahome.com\/es\/producto\/jarron-kara\/","title":{"rendered":"JARRON KARA"},"content":{"rendered":"<div class=\"product-tab\" data-tab=\"box_description\">\n<div class=\"innerbox\">\n<div class=\"resetcss\">\n<p>            Un jarr\u00f3n decorativo de jacinto de agua natural se puede utilizar para exhibir flores frescas o secas, a\u00f1adiendo un toque de naturaleza a la decoraci\u00f3n de tu hogar. La textura y la forma org\u00e1nica de un jarr\u00f3n lo convierten en una atractiva pieza de acento por s\u00ed solo, incluso cuando no sostiene flores. Se pueden usar en una variedad de espacios, como salas de estar, dormitorios o ba\u00f1os, para agregar un toque de calidez natural a la decoraci\u00f3n. Pueden complementar otros materiales naturales, como madera o piedra, y se pueden combinar con una variedad de estilos, desde tradicional hasta contempor\u00e1neo.<\/p>\n<p>            Una combinaci\u00f3n perfecta con nuestros BOHO Sticks.<\/p>\n<p>            Los productos de jacinto de agua, al igual que el rat\u00e1n, lucen especialmente bien en interiores escandinavos, bohemios, r\u00fasticos o ecol\u00f3gicos. Este material natural tiene un encanto neutral, armonizando con arreglos dominados por colores claros y delicados.<\/p>\n<p>            <strong>Material:<\/strong><\/p>\n<p>            Jacinto de agua<\/p>\n<p>            <strong>Dimensiones:<\/strong><\/p>\n<p>            <strong>Altura:<\/strong> 80 cm<\/p>\n<p>            <strong>Ancho:<\/strong> 55 cm<\/p><\/div>\n<\/p><\/div>\n<\/div>\n","protected":false},"excerpt":{"rendered":"<p>HECHO A MANO<\/p>\n","protected":false},"featured_media":45257,"template":"","meta":[],"product_brand":[],"product_cat":[663,661,662],"product_tag":[],"class_list":{"0":"post-48376","1":"product","2":"type-product","3":"status-publish","4":"has-post-thumbnail","6":"product_cat-cesta","7":"product_cat-decoraciones","8":"product_cat-vases-es","9":"product_shipping_class-pequeno","12":"first","13":"instock","14":"shipping-taxable","15":"purchasable","16":"product-type-simple"},"_links":{"self":[{"href":"https:\/\/dominikahome.com\/es\/wp-json\/wp\/v2\/product\/48376","targetHints":{"allow":["GET"]}}],"collection":[{"href":"https:\/\/dominikahome.com\/es\/wp-json\/wp\/v2\/product"}],"about":[{"href":"https:\/\/dominikahome.com\/es\/wp-json\/wp\/v2\/types\/product"}],"wp:featuredmedia":[{"embeddable":true,"href":"https:\/\/dominikahome.com\/es\/wp-json\/wp\/v2\/media\/45257"}],"wp:attachment":[{"href":"https:\/\/dominikahome.com\/es\/wp-json\/wp\/v2\/media?parent=48376"}],"wp:term":[{"taxonomy":"product_brand","embeddable":true,"href":"https:\/\/dominikahome.com\/es\/wp-json\/wp\/v2\/product_brand?post=48376"},{"taxonomy":"product_cat","embeddable":true,"href":"https:\/\/dominikahome.com\/es\/wp-json\/wp\/v2\/product_cat?post=48376"},{"taxonomy":"product_tag","embeddable":true,"href":"https:\/\/dominikahome.com\/es\/wp-json\/wp\/v2\/product_tag?post=48376"}],"curies":[{"name":"wp","href":"https:\/\/api.w.org\/{rel}","templated":true}]}}