{"id":48377,"date":"2023-11-04T13:29:38","date_gmt":"2023-11-04T13:29:38","guid":{"rendered":"https:\/\/dominikahome.com\/product\/jarron-zigzag\/"},"modified":"2023-11-04T13:29:38","modified_gmt":"2023-11-04T13:29:38","slug":"jarron-zigzag","status":"publish","type":"product","link":"https:\/\/dominikahome.com\/es\/producto\/jarron-zigzag\/","title":{"rendered":"JARR\u00d3N ZIGZAG"},"content":{"rendered":"<div class=\"product-tab\" data-tab=\"box_description\">\n<div class=\"innerbox\">\n<div class=\"resetcss\">\n<p>            Un jarr\u00f3n decorativo hecho de jacinto de agua, una planta acu\u00e1tica de r\u00e1pido crecimiento que es nativa de Am\u00e9rica del Sur y Asia. El jacinto de agua es conocido por sus atractivas y duraderas flores, as\u00ed como por su versatilidad como material natural.<\/p>\n<p>            El jarr\u00f3n se puede utilizar para exhibir flores frescas o secas, a\u00f1adiendo un toque de naturaleza a la decoraci\u00f3n de tu hogar. Adem\u00e1s, la textura natural y la forma org\u00e1nica de los jarrones de jacinto de agua los convierten en una atractiva pieza de acento por s\u00ed solos, incluso cuando no sostienen flores. Pueden utilizarse en una variedad de espacios, como salas de estar, dormitorios o ba\u00f1os, para a\u00f1adir un toque de naturaleza y calidez a la decoraci\u00f3n.<\/p>\n<p>            <strong>Dimensiones:<\/strong><\/p>\n<p>            Altura: 90 cm<\/p>\n<p>            Ancho: 50 cm<\/p>\n<p>            Peso: aproximadamente 3 kg<\/p>\n<p>            &nbsp;<\/p>\n<p>            Env\u00edo: 7-14 d\u00edas (si est\u00e1 en stock)<\/p><\/div>\n<\/p><\/div>\n<\/div>\n","protected":false},"excerpt":{"rendered":"<p>Un jarr\u00f3n decorativo hecho de jacinto de agua, una planta acu\u00e1tica de r\u00e1pido crecimiento que es nativa de Am\u00e9rica del Sur y Asia. El jacinto de agua es conocido por sus atractivas y duraderas flores, as\u00ed como por su versatilidad como material natural. El jarr\u00f3n se puede utilizar para exhibir flores frescas o secas, a\u00f1adiendo [&hellip;]<\/p>\n","protected":false},"featured_media":45248,"template":"","meta":[],"product_brand":[],"product_cat":[661,662],"product_tag":[],"class_list":{"0":"post-48377","1":"product","2":"type-product","3":"status-publish","4":"has-post-thumbnail","6":"product_cat-decoraciones","7":"product_cat-vases-es","8":"product_shipping_class-pequeno","11":"first","12":"instock","13":"shipping-taxable","14":"purchasable","15":"product-type-simple"},"_links":{"self":[{"href":"https:\/\/dominikahome.com\/es\/wp-json\/wp\/v2\/product\/48377","targetHints":{"allow":["GET"]}}],"collection":[{"href":"https:\/\/dominikahome.com\/es\/wp-json\/wp\/v2\/product"}],"about":[{"href":"https:\/\/dominikahome.com\/es\/wp-json\/wp\/v2\/types\/product"}],"wp:featuredmedia":[{"embeddable":true,"href":"https:\/\/dominikahome.com\/es\/wp-json\/wp\/v2\/media\/45248"}],"wp:attachment":[{"href":"https:\/\/dominikahome.com\/es\/wp-json\/wp\/v2\/media?parent=48377"}],"wp:term":[{"taxonomy":"product_brand","embeddable":true,"href":"https:\/\/dominikahome.com\/es\/wp-json\/wp\/v2\/product_brand?post=48377"},{"taxonomy":"product_cat","embeddable":true,"href":"https:\/\/dominikahome.com\/es\/wp-json\/wp\/v2\/product_cat?post=48377"},{"taxonomy":"product_tag","embeddable":true,"href":"https:\/\/dominikahome.com\/es\/wp-json\/wp\/v2\/product_tag?post=48377"}],"curies":[{"name":"wp","href":"https:\/\/api.w.org\/{rel}","templated":true}]}}