{"id":48394,"date":"2023-11-04T11:26:02","date_gmt":"2023-11-04T11:26:02","guid":{"rendered":"https:\/\/dominikahome.com\/product\/lampara-shell-s\/"},"modified":"2023-11-04T11:26:02","modified_gmt":"2023-11-04T11:26:02","slug":"lampara-shell-s","status":"publish","type":"product","link":"https:\/\/dominikahome.com\/es\/producto\/lampara-shell-s\/","title":{"rendered":"L\u00c1MPARA SHELL S"},"content":{"rendered":"<p>El gran marco de l\u00e1mpara de rat\u00e1n est\u00e1 tejido a mano por artesanos indonesios, por lo que tiene una energ\u00eda positiva que a\u00f1ade calidez a cualquier arreglo. La principal ventaja de la l\u00e1mpara es su forma original, que da al espacio una atm\u00f3sfera atemporal.<\/p>\n<p>La l\u00e1mpara Shell est\u00e1 llena de creatividad, pasi\u00f3n y amor. La l\u00e1mpara est\u00e1 hecha de rat\u00e1n natural sobre un marco de metal.<\/p>\n<p>El tono natural de la l\u00e1mpara har\u00e1 que se adapte a cualquier interior. Esta es una soluci\u00f3n perfecta para estilos cl\u00e1sicos, modernos, boho o casas de playa.<\/p>\n<h4>ESPECIFICACIONES T\u00c9CNICAS<\/h4>\n<h4>La l\u00e1mpara est\u00e1 disponible en dos tama\u00f1os: S y L<\/h4>\n<h4>Tama\u00f1o de l\u00e1mpara S:<\/h4>\n<ul>\n<li>Di\u00e1metro: 46 cm<\/li>\n<li>Longitud de la pantalla: 62 cm<\/li>\n<li>Longitud total: 100 cm<\/li>\n<\/ul>\n<h4>Tama\u00f1o de l\u00e1mpara L:<\/h4>\n<ul>\n<li>Di\u00e1metro: 70 cm<\/li>\n<li>Longitud de la pantalla: 86 cm<\/li>\n<li>Longitud total: 130 cm<\/li>\n<\/ul>\n<p><strong>Material:<\/strong> Rat\u00e1n natural, conchas<br \/>\n<strong>Fabricado por:<\/strong> hecho a mano<br \/>\n<strong>El conjunto incluye una pantalla con un cable y una rejilla de metal negro.<\/strong><br \/>\n<strong>Color:<\/strong> Rat\u00e1n natural<br \/>\nCable de longitud en cm: 90 cm<br \/>\nDimensiones de la m\u00e1scara: 10 cm<br \/>\nColor negro<br \/>\nFuente de luz: E27 \/ 40W; E27 \/ 40W<\/p>\n<p>En algunos casos, las im\u00e1genes y los colores son solo indicativos. Todo lo visible en la pantalla puede estar distorsionado por muchos factores, incluida la calibraci\u00f3n de la pantalla, la iluminaci\u00f3n ambiental o el \u00e1ngulo de visi\u00f3n.<\/p>\n","protected":false},"excerpt":{"rendered":"<p>El gran marco de l\u00e1mpara de rat\u00e1n est\u00e1 tejido a mano por artesanos indonesios, por lo que tiene una energ\u00eda positiva que a\u00f1ade calidez a cualquier arreglo. La principal ventaja de la l\u00e1mpara es su forma original, que da al espacio una atm\u00f3sfera atemporal. La l\u00e1mpara Shell est\u00e1 llena de creatividad, pasi\u00f3n y amor. La [&hellip;]<\/p>\n","protected":false},"featured_media":45115,"template":"","meta":[],"product_brand":[274],"product_cat":[667,668],"product_tag":[568,634,632,570,425],"class_list":{"0":"post-48394","1":"product","2":"type-product","3":"status-publish","4":"has-post-thumbnail","6":"product_brand-monnari","7":"product_cat-iluminacion","8":"product_cat-lampara-colgante","9":"product_tag-hecho-a-mano","10":"product_tag-iluminacion","11":"product_tag-lampara-es-2","12":"product_tag-lampara-colgante","13":"product_tag-ratan-natural","14":"product_shipping_class-pequeno","17":"first","18":"instock","19":"shipping-taxable","20":"purchasable","21":"product-type-simple"},"_links":{"self":[{"href":"https:\/\/dominikahome.com\/es\/wp-json\/wp\/v2\/product\/48394","targetHints":{"allow":["GET"]}}],"collection":[{"href":"https:\/\/dominikahome.com\/es\/wp-json\/wp\/v2\/product"}],"about":[{"href":"https:\/\/dominikahome.com\/es\/wp-json\/wp\/v2\/types\/product"}],"wp:featuredmedia":[{"embeddable":true,"href":"https:\/\/dominikahome.com\/es\/wp-json\/wp\/v2\/media\/45115"}],"wp:attachment":[{"href":"https:\/\/dominikahome.com\/es\/wp-json\/wp\/v2\/media?parent=48394"}],"wp:term":[{"taxonomy":"product_brand","embeddable":true,"href":"https:\/\/dominikahome.com\/es\/wp-json\/wp\/v2\/product_brand?post=48394"},{"taxonomy":"product_cat","embeddable":true,"href":"https:\/\/dominikahome.com\/es\/wp-json\/wp\/v2\/product_cat?post=48394"},{"taxonomy":"product_tag","embeddable":true,"href":"https:\/\/dominikahome.com\/es\/wp-json\/wp\/v2\/product_tag?post=48394"}],"curies":[{"name":"wp","href":"https:\/\/api.w.org\/{rel}","templated":true}]}}